{"id":84,"date":"2023-08-27T15:55:32","date_gmt":"2023-08-27T13:55:32","guid":{"rendered":"https:\/\/orquidea.gmbh\/rechtliches-impressum\/"},"modified":"2025-08-17T23:11:32","modified_gmt":"2025-08-17T21:11:32","slug":"impressum","status":"publish","type":"page","link":"https:\/\/orquidea.gmbh\/de-de\/impressum\/","title":{"rendered":"Rechtliches &#8211; Impressum"},"content":{"rendered":"<section class=\"l-section wpb_row height_huge with_img\"><div class=\"l-section-img\" role=\"img\" aria-label=\"Kid touching a virtual \" data-img-width=\"900\" data-img-height=\"369\" style=\"background-image: url(https:\/\/orquidea.gmbh\/wp-content\/uploads\/2023\/08\/kid_it_in_the_future.jpg);\"><\/div><div class=\"l-section-h i-cf\"><div class=\"g-cols vc_row via_flex valign_top type_default stacking_default\"><div class=\"vc_col-sm-12 wpb_column vc_column_container\"><div class=\"vc_column-inner\"><div class=\"wpb_wrapper\"><div class=\"w-separator size_huge\"><\/div><\/div><\/div><\/div><\/div><\/div><\/section><section class=\"l-section wpb_row height_medium\"><div class=\"l-section-h i-cf\"><div class=\"g-cols vc_row via_flex valign_top type_default stacking_default\"><div class=\"vc_col-sm-12 wpb_column vc_column_container\"><div class=\"vc_column-inner\"><div class=\"wpb_wrapper\"><div class=\"wpb_text_column\"><div class=\"wpb_wrapper\"><section class=\"l-section wpb_row height_medium\">\n<div class=\"l-section-h i-cf\">\n<div class=\"g-cols vc_row type_default valign_top\">\n<div class=\"vc_col-sm-12 wpb_column vc_column_container\">\n<div class=\"vc_column-inner\">\n<div class=\"wpb_wrapper\">\n<div class=\"wpb_text_column\">\n<div class=\"wpb_wrapper\">\n<h1>Impressum orquidea<\/h1>\n<p><strong>Angaben nach \u00a7 5 TMG<\/strong><\/p>\n<p>Anbieter:<br \/>\norquidea GmbH<br \/>\nM\u00fchltalstra\u00dfe 137<br \/>\n64297 Darmstadt<br \/>\nDEUTSCHLAND<\/p>\n<p>Vertreten durch:<br \/>\nDie Gesch\u00e4ftsf\u00fchrerin Eva-Maria Herrgott<br \/>\nTelefon:<br \/>\nFax:<br \/>\nE-Mail: info@orquidea.gmbh<br \/>\nRegistergericht: Darmstadt<br \/>\nHRB 104553<br \/>\nUmsatzsteuer-ID-Nr.: DE360658149<\/p>\n<p><strong>Verantwortliche Person f\u00fcr journalistisch-redaktionelle Inhalte gem\u00e4\u00df \u00a7 18 Abs. 2 MStV:<br \/>\n<\/strong><strong> Eva-Maria<\/strong>Herrgott<strong><br \/>\n<\/strong>orquidea GmbH<br \/>\nM\u00fchltalstra\u00dfe 137<br \/>\n64297 Darmstadt<br \/>\nDEUTSCHLAND<\/p>\n<\/div>\n<p><strong>Hinweis zu verlinkten Inhalten<br \/>\n<\/strong>Bevor wir Links auf fremde Webseiten im Rahmen unseres Internetauftritts einbinden, pr\u00fcfen wir die Zielseiten stets auf rechtswidrige Inhalte. Wir \u00fcberpr\u00fcfen die von uns verlinkten Webseiten jedoch nicht st\u00e4ndig auf inhaltliche Ver\u00e4nderungen. Sollten wir dennoch, im Rahmen einer stichprobenartigen \u00dcberpr\u00fcfung oder auf Hinweis Dritter, rechtswidrige Inhalte feststellen, werden wir den entsprechenden Link von unserem Internetauftritt umgehend entfernen.<strong><br \/>\n<\/strong><\/p>\n<p><strong>Streitbeilegungsplattform EU<br \/>\n<\/strong>Die EU-Kommission stellt eine Plattform f\u00fcr die au\u00dfergerichtliche Online-Streitbeilegung (OS-Plattform) bereit, die unter <a href=\"https:\/\/ec.europa.eu\/consumers\/odr\" target=\"_blank\" rel=\"noopener\">https:\/\/ec.europa.eu\/consumers\/odr<\/a> aufrufbar ist.<\/p>\n<p>Wir sind weder bereit noch verpflichtet, an einem Streitbeilegungsverfahren vor einer Verbraucherschlichtungsstelle teilzunehmen.<\/p>\n<p>Dieses Impressum gilt auch f\u00fcr unsere Internetauftritte in den sozialen Medien.<\/p>\n<p><strong>Originelle Umsetzung, Gestaltung, Animation und Konzeption dieser Website<br \/>\n<\/strong>BAUER &amp; GUSE GmbH &#8211; Die Agentur f\u00fcr visuelle Medien<br \/>\n<a href=\"https:\/\/bauerundguse.de\" target=\"_blank\" rel=\"noopener noreferrer\">https:\/\/bauerundguse.de<\/a><\/p>\n<p><strong>Neugestaltung dieser Website durch<br \/>\n<\/strong><a href=\"https:\/\/herrgottdesign.de\">herrgott Design<\/a><\/p>\n<p>M\u00fchltastra\u00dfe 137<br \/>\n64297 Darmstadt<\/p>\n<p>Telefon: <a href=\"tel:004961514288790\">+49 6151 4288790<\/a><br \/>\nE-Mail: <a href=\"mailto:info@herrgottdesign.de\">info@herrgottdesign.de<\/a><br \/>\nWeb: <a href=\"https:\/\/herrgottdesign.de\">herrgottdesign.de<\/a><\/p>\n<\/div>\n<\/div>\n<\/div>\n<\/div>\n<\/div>\n<\/div>\n<\/section>\n<\/div><\/div><\/div><\/div><\/div><\/div><\/div><\/section>\n","protected":false},"excerpt":{"rendered":"Impressum orquidea Angaben nach \u00a7 5 TMG Anbieter: orquidea GmbH M\u00fchltalstra\u00dfe 137 64297 Darmstadt DEUTSCHLAND Vertreten durch: Die Gesch\u00e4ftsf\u00fchrerin Eva-Maria Herrgott Telefon: Fax: E-Mail: info@orquidea.gmbh Registergericht: Darmstadt HRB 104553 Umsatzsteuer-ID-Nr.: DE360658149 Verantwortliche Person f\u00fcr journalistisch-redaktionelle Inhalte gem\u00e4\u00df \u00a7 18 Abs. 2 MStV: Eva-MariaHerrgott orquidea GmbH M\u00fchltalstra\u00dfe 137 64297 Darmstadt DEUTSCHLAND Hinweis zu verlinkten Inhalten Bevor...","protected":false},"author":1,"featured_media":0,"parent":0,"menu_order":0,"comment_status":"closed","ping_status":"closed","template":"","meta":{"footnotes":""},"class_list":["post-84","page","type-page","status-publish","hentry"],"yoast_head":"<!-- This site is optimized with the Yoast SEO Premium plugin v25.8 (Yoast SEO v27.3) - https:\/\/yoast.com\/product\/yoast-seo-premium-wordpress\/ -->\n<title>Impressum - orquidea GmbH | Rechtliche Informationen &amp; Unternehmensdaten<\/title>\n<meta name=\"description\" content=\"Impressum der orquidea GmbH mit Firmenangaben, Umsatzsteuer-ID und Kontaktinformationen. Experten f\u00fcr OT- und IT-Security und IT-Outsourcing.\" \/>\n<meta name=\"robots\" content=\"index, follow, max-snippet:-1, max-image-preview:large, max-video-preview:-1\" \/>\n<link rel=\"canonical\" href=\"https:\/\/orquidea.gmbh\/de-de\/impressum\/\" \/>\n<meta property=\"og:locale\" content=\"de_DE\" \/>\n<meta property=\"og:type\" content=\"article\" \/>\n<meta property=\"og:title\" content=\"Rechtliches - Impressum\" \/>\n<meta property=\"og:description\" content=\"Impressum der orquidea GmbH mit Firmenangaben, Umsatzsteuer-ID und Kontaktinformationen. Experten f\u00fcr OT- und IT-Security und IT-Outsourcing.\" \/>\n<meta property=\"og:url\" content=\"https:\/\/orquidea.gmbh\/de-de\/impressum\/\" \/>\n<meta property=\"og:site_name\" content=\"orquidea GmbH\" \/>\n<meta property=\"article:modified_time\" content=\"2025-08-17T21:11:32+00:00\" \/>\n<meta name=\"twitter:card\" content=\"summary_large_image\" \/>\n<meta name=\"twitter:label1\" content=\"Gesch\u00e4tzte Lesezeit\" \/>\n\t<meta name=\"twitter:data1\" content=\"1\u00a0Minute\" \/>\n<script type=\"application\/ld+json\" class=\"yoast-schema-graph\">{\"@context\":\"https:\\\/\\\/schema.org\",\"@graph\":[{\"@type\":\"WebPage\",\"@id\":\"https:\\\/\\\/orquidea.gmbh\\\/de-de\\\/impressum\\\/\",\"url\":\"https:\\\/\\\/orquidea.gmbh\\\/de-de\\\/impressum\\\/\",\"name\":\"Impressum - orquidea GmbH | Rechtliche Informationen & Unternehmensdaten\",\"isPartOf\":{\"@id\":\"https:\\\/\\\/orquidea.gmbh\\\/de-de\\\/#website\"},\"datePublished\":\"2023-08-27T13:55:32+00:00\",\"dateModified\":\"2025-08-17T21:11:32+00:00\",\"description\":\"Impressum der orquidea GmbH mit Firmenangaben, Umsatzsteuer-ID und Kontaktinformationen. Experten f\u00fcr OT- und IT-Security und IT-Outsourcing.\",\"breadcrumb\":{\"@id\":\"https:\\\/\\\/orquidea.gmbh\\\/de-de\\\/impressum\\\/#breadcrumb\"},\"inLanguage\":\"de\",\"potentialAction\":[{\"@type\":\"ReadAction\",\"target\":[\"https:\\\/\\\/orquidea.gmbh\\\/de-de\\\/impressum\\\/\"]}]},{\"@type\":\"BreadcrumbList\",\"@id\":\"https:\\\/\\\/orquidea.gmbh\\\/de-de\\\/impressum\\\/#breadcrumb\",\"itemListElement\":[{\"@type\":\"ListItem\",\"position\":1,\"name\":\"Home\",\"item\":\"https:\\\/\\\/orquidea.gmbh\\\/de-de\\\/willkommen-bei-orquidea\\\/\"},{\"@type\":\"ListItem\",\"position\":2,\"name\":\"Rechtliches &#8211; Impressum\"}]},{\"@type\":\"WebSite\",\"@id\":\"https:\\\/\\\/orquidea.gmbh\\\/de-de\\\/#website\",\"url\":\"https:\\\/\\\/orquidea.gmbh\\\/de-de\\\/\",\"name\":\"OT- and IT-Security\",\"description\":\"IT Security und OT Security\",\"publisher\":{\"@id\":\"https:\\\/\\\/orquidea.gmbh\\\/de-de\\\/#organization\"},\"potentialAction\":[{\"@type\":\"SearchAction\",\"target\":{\"@type\":\"EntryPoint\",\"urlTemplate\":\"https:\\\/\\\/orquidea.gmbh\\\/de-de\\\/?s={search_term_string}\"},\"query-input\":{\"@type\":\"PropertyValueSpecification\",\"valueRequired\":true,\"valueName\":\"search_term_string\"}}],\"inLanguage\":\"de\"},{\"@type\":\"Organization\",\"@id\":\"https:\\\/\\\/orquidea.gmbh\\\/de-de\\\/#organization\",\"name\":\"orquidea GmbH\",\"url\":\"https:\\\/\\\/orquidea.gmbh\\\/de-de\\\/\",\"logo\":{\"@type\":\"ImageObject\",\"inLanguage\":\"de\",\"@id\":\"https:\\\/\\\/orquidea.gmbh\\\/de-de\\\/#\\\/schema\\\/logo\\\/image\\\/\",\"url\":\"https:\\\/\\\/orquidea.gmbh\\\/wp-content\\\/uploads\\\/2023\\\/07\\\/orquidea_logo_color.png\",\"contentUrl\":\"https:\\\/\\\/orquidea.gmbh\\\/wp-content\\\/uploads\\\/2023\\\/07\\\/orquidea_logo_color.png\",\"width\":1623,\"height\":518,\"caption\":\"orquidea GmbH\"},\"image\":{\"@id\":\"https:\\\/\\\/orquidea.gmbh\\\/de-de\\\/#\\\/schema\\\/logo\\\/image\\\/\"}}]}<\/script>\n<!-- \/ Yoast SEO Premium plugin. -->","yoast_head_json":{"title":"Impressum - orquidea GmbH | Rechtliche Informationen & Unternehmensdaten","description":"Impressum der orquidea GmbH mit Firmenangaben, Umsatzsteuer-ID und Kontaktinformationen. Experten f\u00fcr OT- und IT-Security und IT-Outsourcing.","robots":{"index":"index","follow":"follow","max-snippet":"max-snippet:-1","max-image-preview":"max-image-preview:large","max-video-preview":"max-video-preview:-1"},"canonical":"https:\/\/orquidea.gmbh\/de-de\/impressum\/","og_locale":"de_DE","og_type":"article","og_title":"Rechtliches - Impressum","og_description":"Impressum der orquidea GmbH mit Firmenangaben, Umsatzsteuer-ID und Kontaktinformationen. Experten f\u00fcr OT- und IT-Security und IT-Outsourcing.","og_url":"https:\/\/orquidea.gmbh\/de-de\/impressum\/","og_site_name":"orquidea GmbH","article_modified_time":"2025-08-17T21:11:32+00:00","twitter_card":"summary_large_image","twitter_misc":{"Gesch\u00e4tzte Lesezeit":"1\u00a0Minute"},"schema":{"@context":"https:\/\/schema.org","@graph":[{"@type":"WebPage","@id":"https:\/\/orquidea.gmbh\/de-de\/impressum\/","url":"https:\/\/orquidea.gmbh\/de-de\/impressum\/","name":"Impressum - orquidea GmbH | Rechtliche Informationen & Unternehmensdaten","isPartOf":{"@id":"https:\/\/orquidea.gmbh\/de-de\/#website"},"datePublished":"2023-08-27T13:55:32+00:00","dateModified":"2025-08-17T21:11:32+00:00","description":"Impressum der orquidea GmbH mit Firmenangaben, Umsatzsteuer-ID und Kontaktinformationen. Experten f\u00fcr OT- und IT-Security und IT-Outsourcing.","breadcrumb":{"@id":"https:\/\/orquidea.gmbh\/de-de\/impressum\/#breadcrumb"},"inLanguage":"de","potentialAction":[{"@type":"ReadAction","target":["https:\/\/orquidea.gmbh\/de-de\/impressum\/"]}]},{"@type":"BreadcrumbList","@id":"https:\/\/orquidea.gmbh\/de-de\/impressum\/#breadcrumb","itemListElement":[{"@type":"ListItem","position":1,"name":"Home","item":"https:\/\/orquidea.gmbh\/de-de\/willkommen-bei-orquidea\/"},{"@type":"ListItem","position":2,"name":"Rechtliches &#8211; Impressum"}]},{"@type":"WebSite","@id":"https:\/\/orquidea.gmbh\/de-de\/#website","url":"https:\/\/orquidea.gmbh\/de-de\/","name":"OT- and IT-Security","description":"IT Security und OT Security","publisher":{"@id":"https:\/\/orquidea.gmbh\/de-de\/#organization"},"potentialAction":[{"@type":"SearchAction","target":{"@type":"EntryPoint","urlTemplate":"https:\/\/orquidea.gmbh\/de-de\/?s={search_term_string}"},"query-input":{"@type":"PropertyValueSpecification","valueRequired":true,"valueName":"search_term_string"}}],"inLanguage":"de"},{"@type":"Organization","@id":"https:\/\/orquidea.gmbh\/de-de\/#organization","name":"orquidea GmbH","url":"https:\/\/orquidea.gmbh\/de-de\/","logo":{"@type":"ImageObject","inLanguage":"de","@id":"https:\/\/orquidea.gmbh\/de-de\/#\/schema\/logo\/image\/","url":"https:\/\/orquidea.gmbh\/wp-content\/uploads\/2023\/07\/orquidea_logo_color.png","contentUrl":"https:\/\/orquidea.gmbh\/wp-content\/uploads\/2023\/07\/orquidea_logo_color.png","width":1623,"height":518,"caption":"orquidea GmbH"},"image":{"@id":"https:\/\/orquidea.gmbh\/de-de\/#\/schema\/logo\/image\/"}}]}},"_links":{"self":[{"href":"https:\/\/orquidea.gmbh\/de-de\/wp-json\/wp\/v2\/pages\/84","targetHints":{"allow":["GET"]}}],"collection":[{"href":"https:\/\/orquidea.gmbh\/de-de\/wp-json\/wp\/v2\/pages"}],"about":[{"href":"https:\/\/orquidea.gmbh\/de-de\/wp-json\/wp\/v2\/types\/page"}],"author":[{"embeddable":true,"href":"https:\/\/orquidea.gmbh\/de-de\/wp-json\/wp\/v2\/users\/1"}],"replies":[{"embeddable":true,"href":"https:\/\/orquidea.gmbh\/de-de\/wp-json\/wp\/v2\/comments?post=84"}],"version-history":[{"count":29,"href":"https:\/\/orquidea.gmbh\/de-de\/wp-json\/wp\/v2\/pages\/84\/revisions"}],"predecessor-version":[{"id":3240,"href":"https:\/\/orquidea.gmbh\/de-de\/wp-json\/wp\/v2\/pages\/84\/revisions\/3240"}],"wp:attachment":[{"href":"https:\/\/orquidea.gmbh\/de-de\/wp-json\/wp\/v2\/media?parent=84"}],"curies":[{"name":"wp","href":"https:\/\/api.w.org\/{rel}","templated":true}]}}