{"id":2718,"date":"2024-08-03T14:11:22","date_gmt":"2024-08-03T12:11:22","guid":{"rendered":"https:\/\/orquidea.gmbh\/ueber-orquidea\/"},"modified":"2025-08-17T23:01:28","modified_gmt":"2025-08-17T21:01:28","slug":"ueber-orquidea","status":"publish","type":"page","link":"https:\/\/orquidea.gmbh\/de-de\/ueber-orquidea\/","title":{"rendered":"\u00dcber orquidea"},"content":{"rendered":"<section class=\"l-section wpb_row us_custom_6df4bc3a has_text_color height_medium\"><div class=\"l-section-overlay\" style=\"background:#0098ff\"><\/div><div class=\"l-section-h i-cf\"><div class=\"g-cols vc_row via_flex valign_top type_default stacking_default\"><div class=\"vc_col-sm-12 wpb_column vc_column_container\"><div class=\"vc_column-inner\"><div class=\"wpb_wrapper\"><div class=\"wpb_text_column\"><div class=\"wpb_wrapper\"><h1 style=\"text-align: center;\">\u00dcber orquidea<\/h1>\n<\/div><\/div><\/div><\/div><\/div><\/div><\/div><\/section><section class=\"l-section wpb_row us_custom_2677e554 height_auto width_full\"><div class=\"l-section-h i-cf\"><div class=\"g-cols vc_row via_flex valign_middle type_default stacking_default\"><div class=\"vc_col-sm-12 wpb_column vc_column_container\"><div class=\"vc_column-inner\"><div class=\"wpb_wrapper\"><\/div><\/div><\/div><\/div><\/div><\/section><section class=\"l-section wpb_row height_medium\"><div class=\"l-section-h i-cf\"><div class=\"g-cols vc_row via_flex valign_top type_default stacking_default\"><div class=\"vc_col-sm-12 wpb_column vc_column_container\"><div class=\"vc_column-inner\"><div class=\"wpb_wrapper\"><div class=\"g-cols wpb_row via_flex valign_top type_default stacking_default\"><div class=\"vc_col-sm-6 wpb_column vc_column_container\"><div class=\"vc_column-inner\"><div class=\"wpb_wrapper\"><div class=\"wpb_text_column\"><div class=\"wpb_wrapper\"><h2>orquidea &#8211; IT- und OT-Sicherheit<br \/>\nund IT-Outsourcing<\/h2>\n<\/div><\/div><div class=\"w-separator size_small\"><\/div><\/div><\/div><\/div><div class=\"vc_col-sm-6 wpb_column vc_column_container\"><div class=\"vc_column-inner\"><div class=\"wpb_wrapper\"><\/div><\/div><\/div><\/div><div class=\"g-cols wpb_row via_flex valign_top type_default stacking_default\"><div class=\"vc_col-sm-6 wpb_column vc_column_container\"><div class=\"vc_column-inner\"><div class=\"wpb_wrapper\"><div class=\"wpb_text_column\"><div class=\"wpb_wrapper\"><p>Die am <strong>02.02.2023<\/strong> gegr\u00fcndete orquidea GmbH hat sich als zuverl\u00e4ssiger Partner im Bereich der IT- und OT-Sicherheit sowie der IT-Outsourcing-Dienstleistungen etabliert. Mit unserem umfassenden Fachwissen und unserer Leidenschaft f\u00fcr Technologie bieten wir ma\u00dfgeschneiderte L\u00f6sungen, die auf die spezifischen Bed\u00fcrfnisse unserer Kunden zugeschnitten sind.<\/p>\n<p>Unter der Leitung unserer Gesch\u00e4ftsf\u00fchrerin Eva-Maria Herrgott steht unser Unternehmen f\u00fcr Innovation, Sicherheit und erstklassigen Service. Unsere Expertise erstreckt sich auf die Sicherung und Optimierung Ihrer digitalen Landschaft und bietet sowohl moderne <strong>OT- als auch IT-Sicherheitsdienste<\/strong>. Wir unterst\u00fctzen Sie auch mit umfassenden <strong>IT-Outsourcing-Services<\/strong>, die Ihre betrieblichen Anforderungen effizient und zuverl\u00e4ssig erf\u00fcllen.<\/p>\n<p>Unser Team bei orquidea ist bestrebt, die bestm\u00f6glichen L\u00f6sungen zur Sicherung und Optimierung Ihrer Gesch\u00e4ftsprozesse zu liefern. Wir setzen modernste Technologien und Best Practices ein, um sicherzustellen, dass Ihre IT- und OT-Infrastrukturen stets gesch\u00fctzt und leistungsf\u00e4hig sind.<\/p>\n<p>Wir freuen uns auf die Zusammenarbeit mit Ihnen und darauf, Ihre digitalen Herausforderungen in Chancen zu verwandeln.<\/p>\n<p>Ihr orquidea Team<\/p>\n<\/div><\/div><\/div><\/div><\/div><div class=\"vc_col-sm-6 wpb_column vc_column_container\"><div class=\"vc_column-inner\"><div class=\"wpb_wrapper\"><div class=\"wpb_text_column\"><div class=\"wpb_wrapper\"><p><em>&#8222;Technologie ist meine Leidenschaft und ich liebe es, Kunden zu beraten, wie sie ihre IT und OT vor Cyberangriffen sch\u00fctzen k\u00f6nnen. Mit meiner Expertise und meinem Engagement setze ich mich f\u00fcr die Entwicklung ma\u00dfgeschneiderter Sicherheitsl\u00f6sungen ein, die den spezifischen Anforderungen jedes Kunden gerecht werden. Mein Ziel ist es, sichere und effiziente digitale Umgebungen zu schaffen, die den Herausforderungen von heute und morgen gewachsen sind.&#8220;<\/em><\/p>\n<\/div><\/div><div class=\"w-image align_left\"><div class=\"w-image-h\"><img decoding=\"async\" width=\"233\" height=\"300\" src=\"https:\/\/orquidea.gmbh\/wp-content\/uploads\/2024\/08\/IMG_0978_2003-12-25-233x300.jpg\" class=\"attachment-medium size-medium\" alt=\"Portrait photo of Daniel Herrgott\" loading=\"lazy\" srcset=\"https:\/\/orquidea.gmbh\/wp-content\/uploads\/2024\/08\/IMG_0978_2003-12-25-233x300.jpg 233w, https:\/\/orquidea.gmbh\/wp-content\/uploads\/2024\/08\/IMG_0978_2003-12-25-796x1024.jpg 796w, https:\/\/orquidea.gmbh\/wp-content\/uploads\/2024\/08\/IMG_0978_2003-12-25-117x150.jpg 117w, https:\/\/orquidea.gmbh\/wp-content\/uploads\/2024\/08\/IMG_0978_2003-12-25-155x200.jpg 155w, https:\/\/orquidea.gmbh\/wp-content\/uploads\/2024\/08\/IMG_0978_2003-12-25-194x250.jpg 194w, https:\/\/orquidea.gmbh\/wp-content\/uploads\/2024\/08\/IMG_0978_2003-12-25-272x350.jpg 272w, https:\/\/orquidea.gmbh\/wp-content\/uploads\/2024\/08\/IMG_0978_2003-12-25-311x400.jpg 311w, https:\/\/orquidea.gmbh\/wp-content\/uploads\/2024\/08\/IMG_0978_2003-12-25-350x450.jpg 350w, https:\/\/orquidea.gmbh\/wp-content\/uploads\/2024\/08\/IMG_0978_2003-12-25-389x500.jpg 389w, https:\/\/orquidea.gmbh\/wp-content\/uploads\/2024\/08\/IMG_0978_2003-12-25-427x550.jpg 427w, https:\/\/orquidea.gmbh\/wp-content\/uploads\/2024\/08\/IMG_0978_2003-12-25-466x600.jpg 466w, https:\/\/orquidea.gmbh\/wp-content\/uploads\/2024\/08\/IMG_0978_2003-12-25-scaled.jpg 1990w\" sizes=\"auto, (max-width: 233px) 100vw, 233px\" \/><\/div><\/div><div class=\"wpb_text_column\"><div class=\"wpb_wrapper\"><p><strong>Daniel Herrgott<br \/>\n<\/strong><strong>Senior OT-Security Berater<\/strong><\/p>\n<\/div><\/div><\/div><\/div><\/div><\/div><\/div><\/div><\/div><\/div><\/div><\/section><section class=\"l-section wpb_row height_medium with_img parallax_fixed\"><div class=\"l-section-img\" role=\"img\" aria-label=\"White orchid isolated on white\" data-img-width=\"2560\" data-img-height=\"1709\" style=\"background-image: url(https:\/\/orquidea.gmbh\/wp-content\/uploads\/2024\/08\/White-orchid-scaled.jpeg);\"><\/div><div class=\"l-section-h i-cf\"><div class=\"g-cols vc_row via_flex valign_top type_boxes stacking_default\"><div class=\"vc_col-sm-12 wpb_column vc_column_container\"><div class=\"vc_column-inner\"><div class=\"wpb_wrapper\"><\/div><\/div><\/div><\/div><\/div><\/section><section class=\"l-section wpb_row height_medium\"><div class=\"l-section-overlay\" style=\"background:#f5f5f5\"><\/div><div class=\"l-section-h i-cf\"><div class=\"g-cols vc_row via_flex valign_top type_default stacking_default\"><div class=\"vc_col-sm-12 wpb_column vc_column_container\"><div class=\"vc_column-inner\"><div class=\"wpb_wrapper\"><div class=\"wpb_text_column\"><div class=\"wpb_wrapper\"><h2 style=\"text-align: center;\">Entdecken Sie die Zukunft von Sicherheit und Effizienz mit orquidea. Wenden Sie sich noch heute an uns und machen Sie sich auf den Weg zu mehr digitaler Resilienz.<\/h2>\n<\/div><\/div><\/div><\/div><\/div><\/div><\/div><\/section>\n","protected":false},"excerpt":{"rendered":"\u00dcber orquidea orquidea &#8211; IT- und OT-Sicherheit und IT-Outsourcing Die am 02.02.2023 gegr\u00fcndete orquidea GmbH hat sich als zuverl\u00e4ssiger Partner im Bereich der IT- und OT-Sicherheit sowie der IT-Outsourcing-Dienstleistungen etabliert. Mit unserem umfassenden Fachwissen und unserer Leidenschaft f\u00fcr Technologie bieten wir ma\u00dfgeschneiderte L\u00f6sungen, die auf die spezifischen Bed\u00fcrfnisse unserer Kunden zugeschnitten sind. Unter der Leitung...","protected":false},"author":1,"featured_media":0,"parent":0,"menu_order":0,"comment_status":"closed","ping_status":"closed","template":"","meta":{"footnotes":""},"class_list":["post-2718","page","type-page","status-publish","hentry"],"yoast_head":"<!-- This site is optimized with the Yoast SEO Premium plugin v25.8 (Yoast SEO v27.3) - https:\/\/yoast.com\/product\/yoast-seo-premium-wordpress\/ -->\n<title>OT- und IT-Security und Outsourcing -<\/title>\n<meta name=\"description\" content=\"Entdecken Sie die orquidea GmbH - Experten f\u00fcr OT-Security, IT-Security &amp; IT-Outsourcing. Wir liefern ma\u00dfgeschneiderte L\u00f6sungen f\u00fcr einen sicheren und effizienten digitalen Betrieb.\" \/>\n<meta name=\"robots\" content=\"index, follow, max-snippet:-1, max-image-preview:large, max-video-preview:-1\" \/>\n<link rel=\"canonical\" href=\"https:\/\/orquidea.gmbh\/de-de\/ueber-orquidea\/\" \/>\n<meta property=\"og:locale\" content=\"de_DE\" \/>\n<meta property=\"og:type\" content=\"article\" \/>\n<meta property=\"og:title\" content=\"\u00dcber orquidea\" \/>\n<meta property=\"og:description\" content=\"Entdecken Sie die orquidea GmbH - Experten f\u00fcr OT-Security, IT-Security &amp; IT-Outsourcing. Wir liefern ma\u00dfgeschneiderte L\u00f6sungen f\u00fcr einen sicheren und effizienten digitalen Betrieb.\" \/>\n<meta property=\"og:url\" content=\"https:\/\/orquidea.gmbh\/de-de\/ueber-orquidea\/\" \/>\n<meta property=\"og:site_name\" content=\"orquidea GmbH\" \/>\n<meta property=\"article:modified_time\" content=\"2025-08-17T21:01:28+00:00\" \/>\n<meta name=\"twitter:card\" content=\"summary_large_image\" \/>\n<meta name=\"twitter:label1\" content=\"Gesch\u00e4tzte Lesezeit\" \/>\n\t<meta name=\"twitter:data1\" content=\"2\u00a0Minuten\" \/>\n<script type=\"application\/ld+json\" class=\"yoast-schema-graph\">{\"@context\":\"https:\\\/\\\/schema.org\",\"@graph\":[{\"@type\":\"WebPage\",\"@id\":\"https:\\\/\\\/orquidea.gmbh\\\/de-de\\\/ueber-orquidea\\\/\",\"url\":\"https:\\\/\\\/orquidea.gmbh\\\/de-de\\\/ueber-orquidea\\\/\",\"name\":\"OT- und IT-Security und Outsourcing -\",\"isPartOf\":{\"@id\":\"https:\\\/\\\/orquidea.gmbh\\\/de-de\\\/#website\"},\"datePublished\":\"2024-08-03T12:11:22+00:00\",\"dateModified\":\"2025-08-17T21:01:28+00:00\",\"description\":\"Entdecken Sie die orquidea GmbH - Experten f\u00fcr OT-Security, IT-Security & IT-Outsourcing. Wir liefern ma\u00dfgeschneiderte L\u00f6sungen f\u00fcr einen sicheren und effizienten digitalen Betrieb.\",\"breadcrumb\":{\"@id\":\"https:\\\/\\\/orquidea.gmbh\\\/de-de\\\/ueber-orquidea\\\/#breadcrumb\"},\"inLanguage\":\"de\",\"potentialAction\":[{\"@type\":\"ReadAction\",\"target\":[\"https:\\\/\\\/orquidea.gmbh\\\/de-de\\\/ueber-orquidea\\\/\"]}]},{\"@type\":\"BreadcrumbList\",\"@id\":\"https:\\\/\\\/orquidea.gmbh\\\/de-de\\\/ueber-orquidea\\\/#breadcrumb\",\"itemListElement\":[{\"@type\":\"ListItem\",\"position\":1,\"name\":\"Home\",\"item\":\"https:\\\/\\\/orquidea.gmbh\\\/de-de\\\/willkommen-bei-orquidea\\\/\"},{\"@type\":\"ListItem\",\"position\":2,\"name\":\"\u00dcber orquidea\"}]},{\"@type\":\"WebSite\",\"@id\":\"https:\\\/\\\/orquidea.gmbh\\\/de-de\\\/#website\",\"url\":\"https:\\\/\\\/orquidea.gmbh\\\/de-de\\\/\",\"name\":\"OT- and IT-Security\",\"description\":\"IT Security und OT Security\",\"publisher\":{\"@id\":\"https:\\\/\\\/orquidea.gmbh\\\/de-de\\\/#organization\"},\"potentialAction\":[{\"@type\":\"SearchAction\",\"target\":{\"@type\":\"EntryPoint\",\"urlTemplate\":\"https:\\\/\\\/orquidea.gmbh\\\/de-de\\\/?s={search_term_string}\"},\"query-input\":{\"@type\":\"PropertyValueSpecification\",\"valueRequired\":true,\"valueName\":\"search_term_string\"}}],\"inLanguage\":\"de\"},{\"@type\":\"Organization\",\"@id\":\"https:\\\/\\\/orquidea.gmbh\\\/de-de\\\/#organization\",\"name\":\"orquidea GmbH\",\"url\":\"https:\\\/\\\/orquidea.gmbh\\\/de-de\\\/\",\"logo\":{\"@type\":\"ImageObject\",\"inLanguage\":\"de\",\"@id\":\"https:\\\/\\\/orquidea.gmbh\\\/de-de\\\/#\\\/schema\\\/logo\\\/image\\\/\",\"url\":\"https:\\\/\\\/orquidea.gmbh\\\/wp-content\\\/uploads\\\/2023\\\/07\\\/orquidea_logo_color.png\",\"contentUrl\":\"https:\\\/\\\/orquidea.gmbh\\\/wp-content\\\/uploads\\\/2023\\\/07\\\/orquidea_logo_color.png\",\"width\":1623,\"height\":518,\"caption\":\"orquidea GmbH\"},\"image\":{\"@id\":\"https:\\\/\\\/orquidea.gmbh\\\/de-de\\\/#\\\/schema\\\/logo\\\/image\\\/\"}}]}<\/script>\n<!-- \/ Yoast SEO Premium plugin. -->","yoast_head_json":{"title":"OT- und IT-Security und Outsourcing -","description":"Entdecken Sie die orquidea GmbH - Experten f\u00fcr OT-Security, IT-Security & IT-Outsourcing. Wir liefern ma\u00dfgeschneiderte L\u00f6sungen f\u00fcr einen sicheren und effizienten digitalen Betrieb.","robots":{"index":"index","follow":"follow","max-snippet":"max-snippet:-1","max-image-preview":"max-image-preview:large","max-video-preview":"max-video-preview:-1"},"canonical":"https:\/\/orquidea.gmbh\/de-de\/ueber-orquidea\/","og_locale":"de_DE","og_type":"article","og_title":"\u00dcber orquidea","og_description":"Entdecken Sie die orquidea GmbH - Experten f\u00fcr OT-Security, IT-Security & IT-Outsourcing. Wir liefern ma\u00dfgeschneiderte L\u00f6sungen f\u00fcr einen sicheren und effizienten digitalen Betrieb.","og_url":"https:\/\/orquidea.gmbh\/de-de\/ueber-orquidea\/","og_site_name":"orquidea GmbH","article_modified_time":"2025-08-17T21:01:28+00:00","twitter_card":"summary_large_image","twitter_misc":{"Gesch\u00e4tzte Lesezeit":"2\u00a0Minuten"},"schema":{"@context":"https:\/\/schema.org","@graph":[{"@type":"WebPage","@id":"https:\/\/orquidea.gmbh\/de-de\/ueber-orquidea\/","url":"https:\/\/orquidea.gmbh\/de-de\/ueber-orquidea\/","name":"OT- und IT-Security und Outsourcing -","isPartOf":{"@id":"https:\/\/orquidea.gmbh\/de-de\/#website"},"datePublished":"2024-08-03T12:11:22+00:00","dateModified":"2025-08-17T21:01:28+00:00","description":"Entdecken Sie die orquidea GmbH - Experten f\u00fcr OT-Security, IT-Security & IT-Outsourcing. Wir liefern ma\u00dfgeschneiderte L\u00f6sungen f\u00fcr einen sicheren und effizienten digitalen Betrieb.","breadcrumb":{"@id":"https:\/\/orquidea.gmbh\/de-de\/ueber-orquidea\/#breadcrumb"},"inLanguage":"de","potentialAction":[{"@type":"ReadAction","target":["https:\/\/orquidea.gmbh\/de-de\/ueber-orquidea\/"]}]},{"@type":"BreadcrumbList","@id":"https:\/\/orquidea.gmbh\/de-de\/ueber-orquidea\/#breadcrumb","itemListElement":[{"@type":"ListItem","position":1,"name":"Home","item":"https:\/\/orquidea.gmbh\/de-de\/willkommen-bei-orquidea\/"},{"@type":"ListItem","position":2,"name":"\u00dcber orquidea"}]},{"@type":"WebSite","@id":"https:\/\/orquidea.gmbh\/de-de\/#website","url":"https:\/\/orquidea.gmbh\/de-de\/","name":"OT- and IT-Security","description":"IT Security und OT Security","publisher":{"@id":"https:\/\/orquidea.gmbh\/de-de\/#organization"},"potentialAction":[{"@type":"SearchAction","target":{"@type":"EntryPoint","urlTemplate":"https:\/\/orquidea.gmbh\/de-de\/?s={search_term_string}"},"query-input":{"@type":"PropertyValueSpecification","valueRequired":true,"valueName":"search_term_string"}}],"inLanguage":"de"},{"@type":"Organization","@id":"https:\/\/orquidea.gmbh\/de-de\/#organization","name":"orquidea GmbH","url":"https:\/\/orquidea.gmbh\/de-de\/","logo":{"@type":"ImageObject","inLanguage":"de","@id":"https:\/\/orquidea.gmbh\/de-de\/#\/schema\/logo\/image\/","url":"https:\/\/orquidea.gmbh\/wp-content\/uploads\/2023\/07\/orquidea_logo_color.png","contentUrl":"https:\/\/orquidea.gmbh\/wp-content\/uploads\/2023\/07\/orquidea_logo_color.png","width":1623,"height":518,"caption":"orquidea GmbH"},"image":{"@id":"https:\/\/orquidea.gmbh\/de-de\/#\/schema\/logo\/image\/"}}]}},"_links":{"self":[{"href":"https:\/\/orquidea.gmbh\/de-de\/wp-json\/wp\/v2\/pages\/2718","targetHints":{"allow":["GET"]}}],"collection":[{"href":"https:\/\/orquidea.gmbh\/de-de\/wp-json\/wp\/v2\/pages"}],"about":[{"href":"https:\/\/orquidea.gmbh\/de-de\/wp-json\/wp\/v2\/types\/page"}],"author":[{"embeddable":true,"href":"https:\/\/orquidea.gmbh\/de-de\/wp-json\/wp\/v2\/users\/1"}],"replies":[{"embeddable":true,"href":"https:\/\/orquidea.gmbh\/de-de\/wp-json\/wp\/v2\/comments?post=2718"}],"version-history":[{"count":20,"href":"https:\/\/orquidea.gmbh\/de-de\/wp-json\/wp\/v2\/pages\/2718\/revisions"}],"predecessor-version":[{"id":3237,"href":"https:\/\/orquidea.gmbh\/de-de\/wp-json\/wp\/v2\/pages\/2718\/revisions\/3237"}],"wp:attachment":[{"href":"https:\/\/orquidea.gmbh\/de-de\/wp-json\/wp\/v2\/media?parent=2718"}],"curies":[{"name":"wp","href":"https:\/\/api.w.org\/{rel}","templated":true}]}}