{"id":2634,"date":"2024-07-20T16:20:34","date_gmt":"2024-07-20T14:20:34","guid":{"rendered":"https:\/\/orquidea.gmbh\/jobs-stellenangebote\/ot-security-engineer-w-m-d\/"},"modified":"2025-08-16T14:29:53","modified_gmt":"2025-08-16T12:29:53","slug":"ot-security-engineer-w-m-d","status":"publish","type":"page","link":"https:\/\/orquidea.gmbh\/de-de\/jobs-stellenangebote\/ot-security-engineer-w-m-d\/","title":{"rendered":"OT-Security Engineer (w\/m\/d)"},"content":{"rendered":"<section class=\"l-section wpb_row height_medium color_primary\"><div class=\"l-section-h i-cf\"><div class=\"g-cols vc_row via_flex valign_top type_default stacking_default\"><div class=\"vc_col-sm-12 wpb_column vc_column_container\"><div class=\"vc_column-inner\"><div class=\"wpb_wrapper\"><div class=\"wpb_text_column\"><div class=\"wpb_wrapper\"><h1 style=\"text-align: center;\">OT-Security Engineer (w\/m\/d)<\/h1>\n<\/div><\/div><\/div><\/div><\/div><\/div><\/div><\/section><section class=\"l-section wpb_row height_medium with_img parallax_fixed\"><div class=\"l-section-img\" role=\"img\" aria-label=\"Female OT Security Engineer working in office\" data-img-width=\"2560\" data-img-height=\"1707\" style=\"background-image: url(https:\/\/orquidea.gmbh\/wp-content\/uploads\/2024\/07\/Female-ot-security-engineer-working-in-office11-scaled.jpeg);background-repeat: no-repeat;\"><\/div><div class=\"l-section-h i-cf\"><div class=\"g-cols vc_row via_flex valign_top type_default stacking_default\"><div class=\"vc_col-sm-12 wpb_column vc_column_container\"><div class=\"vc_column-inner\"><div class=\"wpb_wrapper\"><div class=\"w-separator size_custom\" style=\"height:25vh\"><\/div><\/div><\/div><\/div><\/div><\/div><\/section><section class=\"l-section wpb_row height_medium color_alternate\"><div class=\"l-section-h i-cf\"><div class=\"g-cols vc_row via_flex valign_top type_default stacking_default\"><div class=\"vc_col-sm-12 wpb_column vc_column_container\"><div class=\"vc_column-inner\"><div class=\"wpb_wrapper\"><div class=\"wpb_text_column\"><div class=\"wpb_wrapper\"><p>Die orquidea GmbH ist ein f\u00fchrender Anbieter von OT- und IT-Sicherheitsdienstleistungen sowie IT-Outsourcing-Services. Unser Ziel ist es, die digitale Landschaft unserer Kunden zu sch\u00fctzen und sie auf die Herausforderungen der digitalen Welt vorzubereiten. In einer Zeit, in der die digitale Sicherheit eine immer wichtigere Rolle spielt, suchen wir talentierte Fachleute, die unser Team verst\u00e4rken und unser Wachstum vorantreiben.<\/p>\n<p>F\u00fcr uns z\u00e4hlt sowohl Deine Leistung als auch Deine Pers\u00f6nlichkeit, unabh\u00e4ngig von Deinem Alter, Herkunft, Geschlecht, sexuellen Identit\u00e4t, Behinderung oder Weltanschauung.<\/p>\n<p>Zur Verst\u00e4rkung unseres Teams suchen wir derzeit<\/p>\n<h2>OT-Security Engineer (w\/m\/d)<\/h2>\n<p><strong>Beginn:<\/strong> N\u00e4chstm\u00f6gliches Datum<br \/>\n<strong>Sektor:<\/strong>Netzwerktechnik<br \/>\n<strong>Standort:<\/strong> Darmstadt \/ Hybrid \/ Remote<br \/>\n<strong>Vertragsart:<\/strong> Unbefristet<\/p>\n<h2>Was sind Deine Aufgaben?<\/h2>\n<ul>\n<li>Entwicklung und Implementierung von Sicherheitsl\u00f6sungen f\u00fcr OT-Umgebungen (Operational Technology)<\/li>\n<li>Analysieren und Bewerten von Sicherheitsrisiken in OT-Netzwerken und -Systemen<\/li>\n<li>Durchf\u00fchrung von Sicherheitsaudits und Penetrationstests<\/li>\n<li>Implementierung von Ma\u00dfnahmen zur Risikominderung und Sicherheitsoptimierung<\/li>\n<li>Zusammenarbeit mit IT- und OT-Teams, um die Einhaltung von Sicherheitsstandards und -richtlinien zu gew\u00e4hrleisten<\/li>\n<li>Schulung und Unterst\u00fctzung der Mitarbeiter in Sicherheitsfragen<\/li>\n<li>\u00dcberwachung und Analyse von Sicherheitsvorf\u00e4llen und Vorschlagen von L\u00f6sungen<\/li>\n<li>Dokumentieren von Sicherheitsma\u00dfnahmen und Erstellen von Berichten<\/li>\n<\/ul>\n<h3>Wer Du bist:<\/h3>\n<ul>\n<li>Du verf\u00fcgst \u00fcber ein abgeschlossenes Studium der Informatik, der Informationssicherheit, eine abgeschlossene einschl\u00e4gige Berufsausbildung oder eine vergleichbare Berufserfahrung<\/li>\n<li>Mehrj\u00e4hrige Berufserfahrung im Bereich der OT-Sicherheit oder IT-Sicherheit<\/li>\n<li>Fundierte Kenntnisse in den Bereichen Netzwerksicherheit, industrielle Kontrollsysteme (ICS) und SCADA-Systeme<\/li>\n<li>Erfahrung mit Sicherheitsstandards und Richtlinien wie IEC 62443, NIST oder ISO\/IEC 27001<\/li>\n<li>Praktische Erfahrung mit Sicherheitsl\u00f6sungen und -technologien (Firewalls, Intrusion Detection Systeme, VPNs, etc.)<\/li>\n<li>Analytisches Denken und eine strukturierte Arbeitsweise<\/li>\n<li>Teamf\u00e4higkeit und gute Kommunikationsf\u00e4higkeiten<\/li>\n<li>Du sprichst flie\u00dfend Deutsch und Englisch und hast ein professionelles Auftreten, auch im Umgang mit Kunden<\/li>\n<li>Du bist bereit zu reisen<\/li>\n<\/ul>\n<h2>Was Du bei uns erwarten kannst:<\/h2>\n<p>Es erwartet Dich ein angenehmes, offenes und wertsch\u00e4tzendes Arbeitsumfeld. Du erh\u00e4ltst individuelle Schulungen und Unterst\u00fctzung. Die Arbeit in einem kleinen Projektteam bietet Dir viel Freiheit, Deine eigenen Ideen einzubringen. Du wirst Dein Portfolio durch herausfordernde Aufgaben und Deine Beteiligung an einer Vielzahl von Projekten kontinuierlich erweitern. Au\u00dferdem hast Du Zugang zu einem gro\u00dfz\u00fcgigen Jahresbudget f\u00fcr Deine pers\u00f6nliche und berufliche Entwicklung. Eine gute Work-Life-Balance ist dank flexibler Arbeitszeiten, Gleitzeit und Home-Office-Optionen gew\u00e4hrleistet.<\/p>\n<p>F\u00fchlst Du Dich angesprochen und passt Deine Berufserfahrung zu den Anforderungen? Dann freuen wir uns darauf, Deine Unterlagen per E-Mail zu erhalten und Dich zu einem ersten Gespr\u00e4ch zu treffen.<\/p>\n<p>Eingehende Bewerbungen werden nur nach ihrer beruflichen Qualifikation bewertet, unabh\u00e4ngig von ethnischer Zugeh\u00f6rigkeit, Hautfarbe, Religion, Geschlecht, sexueller Identit\u00e4t, Nationalit\u00e4t, Schweregrad oder Alter.<\/p>\n<p>Wenn Du an dieser spannenden Herausforderung interessiert bist und Teil unseres engagierten Teams werden m\u00f6chtest, sende bitte Deine vollst\u00e4ndigen Bewerbungsunterlagen an:<br \/>\n<strong>orquidea GmbH<\/strong><br \/>\nM\u00fchltalstra\u00dfe 137<br \/>\n64297 Darmstadt<br \/>\noder per Email an <a href=\"mailto:%20jobs@orquidea.gmbh\">jobs[at]orquidea.gmbh<\/a><\/p>\n<p>Kontaktperson:<br \/>\n<strong>Eva-Maria Herrgott<\/strong><br \/>\n<a href=\"mailto:eva-maria.herrgott@orquidea.gmbh\">eva-maria.herrgott[at]orquidea.gmbh<\/a><\/p>\n<p>Gestalte mit uns die Zukunft der digitalen Sicherheit!<br \/>\nWir freuen uns darauf, Dich kennen zu lernen!<\/p>\n<\/div><\/div><\/div><\/div><\/div><\/div><\/div><\/section><section class=\"l-section wpb_row height_small\"><div class=\"l-section-h i-cf\"><div class=\"g-cols vc_row via_flex valign_top type_default stacking_default\"><div class=\"vc_col-sm-12 wpb_column vc_column_container\"><div class=\"vc_column-inner\"><div class=\"wpb_wrapper\"><div class=\"w-actionbox color_light controls_right\"><div class=\"w-actionbox-text\"><h2 class=\"w-actionbox-title\">Zur\u00fcck zu den Job Angeboten<\/h2><\/div><div class=\"w-actionbox-controls\"><a class=\"w-btn us-btn-style_5 icon_atleft\" href=\"https:\/\/orquidea.gmbh\/de-de\/jobs-stellenangebote\/\"><i class=\"fas fa-step-backward\"><\/i><span class=\"w-btn-label\">Job Angebote<\/span><\/a><\/div><\/div><\/div><\/div><\/div><\/div><\/div><\/section><section class=\"l-section wpb_row height_auto\"><div class=\"l-section-h i-cf\"><div class=\"g-cols vc_row via_flex valign_top type_default stacking_default\"><div class=\"vc_col-sm-12 wpb_column vc_column_container\"><div class=\"vc_column-inner\"><div class=\"wpb_wrapper\">[vc_raw_html]JTNDc2NyaXB0JTIwdHlwZSUzRCUyMmFwcGxpY2F0aW9uJTJGbGQlMkJqc29uJTIyJTNFJTdCJTBBJTIyJTQwY29udGV4dCUyMiUyMCUzQSUyMCUyMmh0dHBzJTNBJTJGJTJGc2NoZW1hLm9yZyUyRiUyMiUyQyUwQSUyMiU0MHR5cGUlMjIlMjAlM0ElMjAlMjJKb2JQb3N0aW5nJTIyJTJDJTBBJTIydGl0bGUlMjIlMjAlM0ElMjAlMjJPVC1TZWN1cml0eSUyMEVuZ2luZWVyJTIwJTI4dyUyRm0lMkZkJTI5JTIyJTJDJTBBJTIyZGVzY3JpcHRpb24lMjIlMjAlM0ElMjAlMjJXaXIlMjBzdWNoZW4lMjBhYiUyMHNvZm9ydCUyME9ULVNlY3VyaXR5JTIwRW5naW5lZXJzJTIwJTI4dyUyRm0lMkZkJTI5LiUyMEluJTIwdW5zZXJlbSUyMFRlYW0lMjBhcmJlaXRlbiUyMFNpZSUyMGluJTIwZWluZW0lMjBzcGFubmVuZGVuJTIwVW1mZWxkJTIwbWl0JTIwZGVuJTIwbmV1ZXN0ZW4lMjBUZWNobm9sb2dpZW4lMjB1bmQlMjBpbnRlcmVzc2FudGVuJTIwUHJvamVrdGVuLiUyMiUyQyUwQSUyMmlkZW50aWZpZXIlMjIlM0ElMjAlN0IlMEElMjIlNDB0eXBlJTIyJTNBJTIwJTIyUHJvcGVydHlWYWx1ZSUyMiUyQyUwQSUyMm5hbWUlMjIlM0ElMjAlMjJvcnF1aWRlYSUyMEdtYkglMjIlMkMlMEElMjJ2YWx1ZSUyMiUzQSUyMCUyMjIwMjUwNV9vdC1zZWN1cml0eV9lbmdpbmVlciUyMiUwQSU3RCUyQyUwQSUyMmRhdGVQb3N0ZWQlMjIlMjAlM0ElMjAlMjIyMDI1LTA1LTAyJTIyJTJDJTBBJTIydmFsaWRUaHJvdWdoJTIyJTIwJTNBJTIwJTIyMjAyNS0xMi0zMVQyMyUzQTU5JTIyJTJDJTBBJTIyZW1wbG95bWVudFR5cGUlMjIlMjAlM0ElMjAlNUIlMjJGVUxMX1RJTUUlMjIlMkMlMjAlMjJDT05UUkFDVE9SJTIyJTVEJTJDJTBBJTIyaGlyaW5nT3JnYW5pemF0aW9uJTIyJTIwJTNBJTIwJTdCJTBBJTIyJTQwdHlwZSUyMiUyMCUzQSUyMCUyMk9yZ2FuaXphdGlvbiUyMiUyQyUwQSUyMm5hbWUlMjIlMjAlM0ElMjAlMjJvcnF1aWRlYSUyMEdtYkglMjIlMkMlMEElMjJzYW1lQXMlMjIlMjAlM0ElMjAlMjJodHRwcyUzQSUyRiUyRm9ycXVpZGVhLmdtYmglMjIlMkMlMEElMjJsb2dvJTIyJTIwJTNBJTIwJTIyaHR0cHMlM0ElMkYlMkZvcnF1aWRlYS5nbWJoJTJGd3AtY29udGVudCUyRnVwbG9hZHMlMkYyMDIzJTJGMDclMkZvcnF1aWRlYV9sb2dvX2NvbG9yLnBuZyUyMiUwQSU3RCUyQyUwQSUyMmpvYkxvY2F0aW9uJTIyJTNBJTIwJTdCJTBBJTIyJTQwdHlwZSUyMiUzQSUyMCUyMlBMQUNFJTIyJTJDJTBBJTIyYWRkcmVzcyUyMiUzQSUyMCU3QiUwQSUyMiU0MHR5cGUlMjIlM0ElMjAlMjJQb3N0YWxBZGRyZXNzJTIyJTJDJTBBJTIyc3RyZWV0QWRkcmVzcyUyMiUzQSUyMCUyMk0lQzMlQkNobHRhbHN0cmElQzMlOUZlJTIwMTM3JTIyJTJDJTBBJTIyYWRkcmVzc0xvY2FsaXR5JTIyJTNBJTIwJTIyRGFybXN0YWR0JTIyJTJDJTBBJTIyYWRkcmVzc1JlZ2lvbiUyMiUzQSUyMCUyMkhlc3NlbiUyMiUyQyUwQSUyMnBvc3RhbENvZGUlMjIlM0ElMjAlMjI2NDI5NyUyMiUyQyUwQSUyMmFkZHJlc3NDb3VudHJ5JTIyJTNBJTIwJTIyREUlMjIlMEElN0QlMEElN0QlMkMlMEElMjJqb2JMb2NhdGlvblR5cGUlMjIlM0ElMjAlMjJURUxFQ09NTVVURSUyMiUwQSU3RCUwQSUzQyUyRnNjcmlwdCUzRQ==[\/vc_raw_html]<\/div><\/div><\/div><\/div><\/div><\/section>\n","protected":false},"excerpt":{"rendered":"OT-Security Engineer (w\/m\/d) Die orquidea GmbH ist ein f\u00fchrender Anbieter von OT- und IT-Sicherheitsdienstleistungen sowie IT-Outsourcing-Services. Unser Ziel ist es, die digitale Landschaft unserer Kunden zu sch\u00fctzen und sie auf die Herausforderungen der digitalen Welt vorzubereiten. In einer Zeit, in der die digitale Sicherheit eine immer wichtigere Rolle spielt, suchen wir talentierte Fachleute, die unser...","protected":false},"author":1,"featured_media":0,"parent":2385,"menu_order":0,"comment_status":"closed","ping_status":"closed","template":"","meta":{"footnotes":""},"class_list":["post-2634","page","type-page","status-publish","hentry"],"yoast_head":"<!-- This site is optimized with the Yoast SEO Premium plugin v25.8 (Yoast SEO v27.4) - https:\/\/yoast.com\/product\/yoast-seo-premium-wordpress\/ -->\n<title>OT-Security Engineer (w\/m\/d) - orquidea GmbH<\/title>\n<meta name=\"description\" content=\"Werden Sie Teil der orquidea GmbH als OT-Security Engineer (m\/w\/d) und sichern Sie die Zukunft der digitalen Landschaften! Wir suchen Fachleute mit Erfahrung in OT- und IT-Sicherheit, die fortschrittliche Sicherheitsl\u00f6sungen entwickeln und implementieren. Starte Deine Karriere mit unserem dynamischen Team, einem flexiblen Arbeitsumfeld und M\u00f6glichkeiten zur beruflichen Weiterentwicklung. Bewirb Dich jetzt und werde Teil unserer Mission zum Schutz und zur Innovation im digitalen Zeitalter!\" \/>\n<meta name=\"robots\" content=\"index, follow, max-snippet:-1, max-image-preview:large, max-video-preview:-1\" \/>\n<link rel=\"canonical\" href=\"https:\/\/orquidea.gmbh\/de-de\/jobs-stellenangebote\/ot-security-engineer-w-m-d\/\" \/>\n<meta property=\"og:locale\" content=\"de_DE\" \/>\n<meta property=\"og:type\" content=\"article\" \/>\n<meta property=\"og:title\" content=\"OT-Security Engineer (w\/m\/d)\" \/>\n<meta property=\"og:description\" content=\"Werden Sie Teil der orquidea GmbH als OT-Security Engineer (m\/w\/d) und sichern Sie die Zukunft der digitalen Landschaften! Wir suchen Fachleute mit Erfahrung in OT- und IT-Sicherheit, die fortschrittliche Sicherheitsl\u00f6sungen entwickeln und implementieren. Starte Deine Karriere mit unserem dynamischen Team, einem flexiblen Arbeitsumfeld und M\u00f6glichkeiten zur beruflichen Weiterentwicklung. Bewirb Dich jetzt und werde Teil unserer Mission zum Schutz und zur Innovation im digitalen Zeitalter!\" \/>\n<meta property=\"og:url\" content=\"https:\/\/orquidea.gmbh\/de-de\/jobs-stellenangebote\/ot-security-engineer-w-m-d\/\" \/>\n<meta property=\"og:site_name\" content=\"orquidea GmbH\" \/>\n<meta property=\"article:modified_time\" content=\"2025-08-16T12:29:53+00:00\" \/>\n<meta name=\"twitter:card\" content=\"summary_large_image\" \/>\n<meta name=\"twitter:label1\" content=\"Gesch\u00e4tzte Lesezeit\" \/>\n\t<meta name=\"twitter:data1\" content=\"3\u00a0Minuten\" \/>\n<script type=\"application\/ld+json\" class=\"yoast-schema-graph\">{\"@context\":\"https:\\\/\\\/schema.org\",\"@graph\":[{\"@type\":\"WebPage\",\"@id\":\"https:\\\/\\\/orquidea.gmbh\\\/de-de\\\/jobs-stellenangebote\\\/ot-security-engineer-w-m-d\\\/\",\"url\":\"https:\\\/\\\/orquidea.gmbh\\\/de-de\\\/jobs-stellenangebote\\\/ot-security-engineer-w-m-d\\\/\",\"name\":\"OT-Security Engineer (w\\\/m\\\/d) - orquidea GmbH\",\"isPartOf\":{\"@id\":\"https:\\\/\\\/orquidea.gmbh\\\/de-de\\\/#website\"},\"datePublished\":\"2024-07-20T14:20:34+00:00\",\"dateModified\":\"2025-08-16T12:29:53+00:00\",\"description\":\"Werden Sie Teil der orquidea GmbH als OT-Security Engineer (m\\\/w\\\/d) und sichern Sie die Zukunft der digitalen Landschaften! Wir suchen Fachleute mit Erfahrung in OT- und IT-Sicherheit, die fortschrittliche Sicherheitsl\u00f6sungen entwickeln und implementieren. Starte Deine Karriere mit unserem dynamischen Team, einem flexiblen Arbeitsumfeld und M\u00f6glichkeiten zur beruflichen Weiterentwicklung. Bewirb Dich jetzt und werde Teil unserer Mission zum Schutz und zur Innovation im digitalen Zeitalter!\",\"breadcrumb\":{\"@id\":\"https:\\\/\\\/orquidea.gmbh\\\/de-de\\\/jobs-stellenangebote\\\/ot-security-engineer-w-m-d\\\/#breadcrumb\"},\"inLanguage\":\"de\",\"potentialAction\":[{\"@type\":\"ReadAction\",\"target\":[\"https:\\\/\\\/orquidea.gmbh\\\/de-de\\\/jobs-stellenangebote\\\/ot-security-engineer-w-m-d\\\/\"]}]},{\"@type\":\"BreadcrumbList\",\"@id\":\"https:\\\/\\\/orquidea.gmbh\\\/de-de\\\/jobs-stellenangebote\\\/ot-security-engineer-w-m-d\\\/#breadcrumb\",\"itemListElement\":[{\"@type\":\"ListItem\",\"position\":1,\"name\":\"Home\",\"item\":\"https:\\\/\\\/orquidea.gmbh\\\/de-de\\\/willkommen-bei-orquidea\\\/\"},{\"@type\":\"ListItem\",\"position\":2,\"name\":\"Jobs &#8211; Stellenangebote\",\"item\":\"https:\\\/\\\/orquidea.gmbh\\\/de-de\\\/jobs-stellenangebote\\\/\"},{\"@type\":\"ListItem\",\"position\":3,\"name\":\"OT-Security Engineer (w\\\/m\\\/d)\"}]},{\"@type\":\"WebSite\",\"@id\":\"https:\\\/\\\/orquidea.gmbh\\\/de-de\\\/#website\",\"url\":\"https:\\\/\\\/orquidea.gmbh\\\/de-de\\\/\",\"name\":\"OT- and IT-Security\",\"description\":\"IT Security und OT Security\",\"publisher\":{\"@id\":\"https:\\\/\\\/orquidea.gmbh\\\/de-de\\\/#organization\"},\"potentialAction\":[{\"@type\":\"SearchAction\",\"target\":{\"@type\":\"EntryPoint\",\"urlTemplate\":\"https:\\\/\\\/orquidea.gmbh\\\/de-de\\\/?s={search_term_string}\"},\"query-input\":{\"@type\":\"PropertyValueSpecification\",\"valueRequired\":true,\"valueName\":\"search_term_string\"}}],\"inLanguage\":\"de\"},{\"@type\":\"Organization\",\"@id\":\"https:\\\/\\\/orquidea.gmbh\\\/de-de\\\/#organization\",\"name\":\"orquidea GmbH\",\"url\":\"https:\\\/\\\/orquidea.gmbh\\\/de-de\\\/\",\"logo\":{\"@type\":\"ImageObject\",\"inLanguage\":\"de\",\"@id\":\"https:\\\/\\\/orquidea.gmbh\\\/de-de\\\/#\\\/schema\\\/logo\\\/image\\\/\",\"url\":\"https:\\\/\\\/orquidea.gmbh\\\/wp-content\\\/uploads\\\/2023\\\/07\\\/orquidea_logo_color.png\",\"contentUrl\":\"https:\\\/\\\/orquidea.gmbh\\\/wp-content\\\/uploads\\\/2023\\\/07\\\/orquidea_logo_color.png\",\"width\":1623,\"height\":518,\"caption\":\"orquidea GmbH\"},\"image\":{\"@id\":\"https:\\\/\\\/orquidea.gmbh\\\/de-de\\\/#\\\/schema\\\/logo\\\/image\\\/\"}}]}<\/script>\n<!-- \/ Yoast SEO Premium plugin. -->","yoast_head_json":{"title":"OT-Security Engineer (w\/m\/d) - orquidea GmbH","description":"Werden Sie Teil der orquidea GmbH als OT-Security Engineer (m\/w\/d) und sichern Sie die Zukunft der digitalen Landschaften! Wir suchen Fachleute mit Erfahrung in OT- und IT-Sicherheit, die fortschrittliche Sicherheitsl\u00f6sungen entwickeln und implementieren. Starte Deine Karriere mit unserem dynamischen Team, einem flexiblen Arbeitsumfeld und M\u00f6glichkeiten zur beruflichen Weiterentwicklung. Bewirb Dich jetzt und werde Teil unserer Mission zum Schutz und zur Innovation im digitalen Zeitalter!","robots":{"index":"index","follow":"follow","max-snippet":"max-snippet:-1","max-image-preview":"max-image-preview:large","max-video-preview":"max-video-preview:-1"},"canonical":"https:\/\/orquidea.gmbh\/de-de\/jobs-stellenangebote\/ot-security-engineer-w-m-d\/","og_locale":"de_DE","og_type":"article","og_title":"OT-Security Engineer (w\/m\/d)","og_description":"Werden Sie Teil der orquidea GmbH als OT-Security Engineer (m\/w\/d) und sichern Sie die Zukunft der digitalen Landschaften! Wir suchen Fachleute mit Erfahrung in OT- und IT-Sicherheit, die fortschrittliche Sicherheitsl\u00f6sungen entwickeln und implementieren. Starte Deine Karriere mit unserem dynamischen Team, einem flexiblen Arbeitsumfeld und M\u00f6glichkeiten zur beruflichen Weiterentwicklung. Bewirb Dich jetzt und werde Teil unserer Mission zum Schutz und zur Innovation im digitalen Zeitalter!","og_url":"https:\/\/orquidea.gmbh\/de-de\/jobs-stellenangebote\/ot-security-engineer-w-m-d\/","og_site_name":"orquidea GmbH","article_modified_time":"2025-08-16T12:29:53+00:00","twitter_card":"summary_large_image","twitter_misc":{"Gesch\u00e4tzte Lesezeit":"3\u00a0Minuten"},"schema":{"@context":"https:\/\/schema.org","@graph":[{"@type":"WebPage","@id":"https:\/\/orquidea.gmbh\/de-de\/jobs-stellenangebote\/ot-security-engineer-w-m-d\/","url":"https:\/\/orquidea.gmbh\/de-de\/jobs-stellenangebote\/ot-security-engineer-w-m-d\/","name":"OT-Security Engineer (w\/m\/d) - orquidea GmbH","isPartOf":{"@id":"https:\/\/orquidea.gmbh\/de-de\/#website"},"datePublished":"2024-07-20T14:20:34+00:00","dateModified":"2025-08-16T12:29:53+00:00","description":"Werden Sie Teil der orquidea GmbH als OT-Security Engineer (m\/w\/d) und sichern Sie die Zukunft der digitalen Landschaften! Wir suchen Fachleute mit Erfahrung in OT- und IT-Sicherheit, die fortschrittliche Sicherheitsl\u00f6sungen entwickeln und implementieren. Starte Deine Karriere mit unserem dynamischen Team, einem flexiblen Arbeitsumfeld und M\u00f6glichkeiten zur beruflichen Weiterentwicklung. Bewirb Dich jetzt und werde Teil unserer Mission zum Schutz und zur Innovation im digitalen Zeitalter!","breadcrumb":{"@id":"https:\/\/orquidea.gmbh\/de-de\/jobs-stellenangebote\/ot-security-engineer-w-m-d\/#breadcrumb"},"inLanguage":"de","potentialAction":[{"@type":"ReadAction","target":["https:\/\/orquidea.gmbh\/de-de\/jobs-stellenangebote\/ot-security-engineer-w-m-d\/"]}]},{"@type":"BreadcrumbList","@id":"https:\/\/orquidea.gmbh\/de-de\/jobs-stellenangebote\/ot-security-engineer-w-m-d\/#breadcrumb","itemListElement":[{"@type":"ListItem","position":1,"name":"Home","item":"https:\/\/orquidea.gmbh\/de-de\/willkommen-bei-orquidea\/"},{"@type":"ListItem","position":2,"name":"Jobs &#8211; Stellenangebote","item":"https:\/\/orquidea.gmbh\/de-de\/jobs-stellenangebote\/"},{"@type":"ListItem","position":3,"name":"OT-Security Engineer (w\/m\/d)"}]},{"@type":"WebSite","@id":"https:\/\/orquidea.gmbh\/de-de\/#website","url":"https:\/\/orquidea.gmbh\/de-de\/","name":"OT- and IT-Security","description":"IT Security und OT Security","publisher":{"@id":"https:\/\/orquidea.gmbh\/de-de\/#organization"},"potentialAction":[{"@type":"SearchAction","target":{"@type":"EntryPoint","urlTemplate":"https:\/\/orquidea.gmbh\/de-de\/?s={search_term_string}"},"query-input":{"@type":"PropertyValueSpecification","valueRequired":true,"valueName":"search_term_string"}}],"inLanguage":"de"},{"@type":"Organization","@id":"https:\/\/orquidea.gmbh\/de-de\/#organization","name":"orquidea GmbH","url":"https:\/\/orquidea.gmbh\/de-de\/","logo":{"@type":"ImageObject","inLanguage":"de","@id":"https:\/\/orquidea.gmbh\/de-de\/#\/schema\/logo\/image\/","url":"https:\/\/orquidea.gmbh\/wp-content\/uploads\/2023\/07\/orquidea_logo_color.png","contentUrl":"https:\/\/orquidea.gmbh\/wp-content\/uploads\/2023\/07\/orquidea_logo_color.png","width":1623,"height":518,"caption":"orquidea GmbH"},"image":{"@id":"https:\/\/orquidea.gmbh\/de-de\/#\/schema\/logo\/image\/"}}]}},"_links":{"self":[{"href":"https:\/\/orquidea.gmbh\/de-de\/wp-json\/wp\/v2\/pages\/2634","targetHints":{"allow":["GET"]}}],"collection":[{"href":"https:\/\/orquidea.gmbh\/de-de\/wp-json\/wp\/v2\/pages"}],"about":[{"href":"https:\/\/orquidea.gmbh\/de-de\/wp-json\/wp\/v2\/types\/page"}],"author":[{"embeddable":true,"href":"https:\/\/orquidea.gmbh\/de-de\/wp-json\/wp\/v2\/users\/1"}],"replies":[{"embeddable":true,"href":"https:\/\/orquidea.gmbh\/de-de\/wp-json\/wp\/v2\/comments?post=2634"}],"version-history":[{"count":26,"href":"https:\/\/orquidea.gmbh\/de-de\/wp-json\/wp\/v2\/pages\/2634\/revisions"}],"predecessor-version":[{"id":3173,"href":"https:\/\/orquidea.gmbh\/de-de\/wp-json\/wp\/v2\/pages\/2634\/revisions\/3173"}],"up":[{"embeddable":true,"href":"https:\/\/orquidea.gmbh\/de-de\/wp-json\/wp\/v2\/pages\/2385"}],"wp:attachment":[{"href":"https:\/\/orquidea.gmbh\/de-de\/wp-json\/wp\/v2\/media?parent=2634"}],"curies":[{"name":"wp","href":"https:\/\/api.w.org\/{rel}","templated":true}]}}