{"id":2436,"date":"2024-05-20T14:30:43","date_gmt":"2024-05-20T12:30:43","guid":{"rendered":"https:\/\/orquidea.gmbh\/it-und-ot-sicherheit\/"},"modified":"2025-08-16T14:09:47","modified_gmt":"2025-08-16T12:09:47","slug":"it-und-ot-sicherheit","status":"publish","type":"page","link":"https:\/\/orquidea.gmbh\/de-de\/it-und-ot-sicherheit\/","title":{"rendered":"IT- und OT-Sicherheit"},"content":{"rendered":"<section class=\"l-section wpb_row us_custom_74740d7e has_text_color height_medium\"><div class=\"l-section-h i-cf\"><div class=\"g-cols vc_row via_flex valign_top type_default stacking_default\"><div class=\"vc_col-sm-12 wpb_column vc_column_container\"><div class=\"vc_column-inner\"><div class=\"wpb_wrapper\"><div class=\"wpb_text_column\"><div class=\"wpb_wrapper\"><h1 style=\"text-align: center;\">IT- und OT-Sicherheit<\/h1>\n<\/div><\/div><div class=\"wpb_text_column\"><div class=\"wpb_wrapper\"><h2 style=\"text-align: center;\">Umfassende IT- und OT-Sicherheitsl\u00f6sungen<\/h2>\n<\/div><\/div><\/div><\/div><\/div><\/div><\/div><\/section><section class=\"l-section wpb_row us_custom_dba53708 height_auto width_full\"><div class=\"l-section-h i-cf\"><div class=\"g-cols vc_row via_flex valign_top type_default stacking_default\"><div class=\"vc_col-sm-12 wpb_column vc_column_container\"><div class=\"vc_column-inner\"><div class=\"wpb_wrapper\"><\/div><\/div><\/div><\/div><\/div><\/section><section class=\"l-section wpb_row height_medium\"><div class=\"l-section-h i-cf\"><div class=\"g-cols vc_row via_flex valign_top type_default stacking_default\"><div class=\"vc_col-sm-2 wpb_column vc_column_container\"><div class=\"vc_column-inner\"><div class=\"wpb_wrapper\"><\/div><\/div><\/div><div class=\"vc_col-sm-8 wpb_column vc_column_container\"><div class=\"vc_column-inner us_custom_60e9caca us_animate_this\"><div class=\"wpb_wrapper\"><div class=\"wpb_text_column\"><div class=\"wpb_wrapper\"><p>Wir von orquidea sind darauf spezialisiert, erstklassige IT- und OT-Sicherheitsdienstleistungen anzubieten, um die kritischen Infrastrukturen und die Daten Ihres Unternehmens zu sch\u00fctzen. Unser Expertenteam bietet ein umfassendes Spektrum an Sicherheitsl\u00f6sungen, von der strategischen Beratung bis zur praktischen Umsetzung, um sicherzustellen, dass Ihre Systeme widerstandsf\u00e4hig gegen Cyber-Bedrohungen sind.<\/p>\n<\/div><\/div><\/div><\/div><\/div><div class=\"vc_col-sm-2 wpb_column vc_column_container\"><div class=\"vc_column-inner\"><div class=\"wpb_wrapper\"><\/div><\/div><\/div><\/div><\/div><\/section><section class=\"l-section wpb_row us_custom_f138404b height_medium width_full\"><div class=\"l-section-h i-cf\"><div class=\"g-cols vc_row via_flex valign_top type_default stacking_default\"><div class=\"vc_col-sm-12 wpb_column vc_column_container\"><div class=\"vc_column-inner us_custom_60e9caca us_animate_this\"><div class=\"wpb_wrapper\"><div class=\"w-iconbox us_custom_b6e97667 custom-flex align-center has_text_color iconpos_top style_default color_custom align_center no_text\"><div class=\"w-iconbox-icon\" style=\"font-size:4rem;--icon-color:#ffffff;\"><i class=\"fas fa-hand-holding\"><\/i><\/div><div class=\"w-iconbox-meta\"><h2 class=\"w-iconbox-title\" style=\"font-size:54px;\">Unsere Dienstleistungen<\/h2><\/div><\/div><\/div><\/div><\/div><\/div><\/div><\/section><section class=\"l-section wpb_row height_auto\"><div class=\"l-section-h i-cf\"><div class=\"g-cols vc_row via_flex valign_top type_default stacking_default\"><div class=\"vc_col-sm-6 wpb_column vc_column_container\"><div class=\"vc_column-inner us_custom_7e20fa79 us_animate_this\"><div class=\"wpb_wrapper\"><div class=\"w-separator size_medium\"><\/div><div class=\"wpb_text_column\"><div class=\"wpb_wrapper\"><h3>Sicherheitsberatung<\/h3>\n<p>Unsere erfahrenen Berater arbeiten eng mit Ihnen zusammen, um Ihre individuellen Sicherheitsanforderungen und -ziele zu verstehen. Wir bieten Ihnen ma\u00dfgeschneiderte Beratung, um Sie bei der Navigation durch die komplexe Landschaft der IT- und OT-Sicherheit zu unterst\u00fctzen und sicherzustellen, dass Ihr Unternehmen auf potenzielle Bedrohungen gut vorbereitet ist.<\/p>\n<\/div><\/div><\/div><\/div><\/div><div class=\"vc_col-sm-6 wpb_column vc_column_container\"><div class=\"vc_column-inner us_custom_47474b22 us_animate_this\"><div class=\"wpb_wrapper\"><div class=\"w-separator hide_on_default hide_on_laptops hide_on_tablets size_small\"><\/div><div class=\"w-separator hide_on_mobiles size_medium\"><\/div><div class=\"wpb_text_column\"><div class=\"wpb_wrapper\"><h3>Informationssicherheits-Management-Systeme (ISMS)<\/h3>\n<p>Die Implementierung eines effektiven Informationssicherheits-Managementsystems (ISMS) ist f\u00fcr die Wahrung der Integrit\u00e4t und Vertraulichkeit Ihrer Daten unerl\u00e4sslich. Wir beraten Sie bei der Einrichtung von robusten ISMS-Rahmenwerken, die den Industriestandards und Best Practices entsprechen, und helfen Ihnen dabei, die Einhaltung von Vorschriften zu erreichen und aufrechtzuerhalten.<\/p>\n<\/div><\/div><\/div><\/div><\/div><\/div><\/div><\/section><section class=\"l-section wpb_row height_auto\"><div class=\"l-section-h i-cf\"><div class=\"g-cols vc_row via_flex valign_top type_default stacking_default\"><div class=\"vc_col-sm-6 wpb_column vc_column_container\"><div class=\"vc_column-inner us_custom_7e20fa79 us_animate_this\"><div class=\"wpb_wrapper\"><div class=\"w-separator size_small\"><\/div><div class=\"wpb_text_column\"><div class=\"wpb_wrapper\"><h3>Beratung bei der Produktauswahl<\/h3>\n<p>Die Auswahl der richtigen Sicherheitsprodukte ist entscheidend f\u00fcr den Schutz Ihres Unternehmens. Wir f\u00fchren Sie durch den Auswahlprozess und empfehlen Ihnen die Produkte, die am besten zu Ihren spezifischen Bed\u00fcrfnissen und Ihrem Budget passen. Unser Fachwissen stellt sicher, dass Sie in L\u00f6sungen investieren, die maximalen Schutz und Wert bieten.<\/p>\n<\/div><\/div><div class=\"w-separator hide_on_mobiles size_medium\"><\/div><\/div><\/div><\/div><div class=\"vc_col-sm-6 wpb_column vc_column_container\"><div class=\"vc_column-inner us_custom_47474b22 us_animate_this\"><div class=\"wpb_wrapper\"><div class=\"w-separator size_small\"><\/div><div class=\"wpb_text_column\"><div class=\"wpb_wrapper\"><h3>Implementierung und Outsourcing-Dienstleistungen<\/h3>\n<p>\u00dcber die Beratung hinaus zeichnen wir uns durch die technische Umsetzung von Sicherheitsl\u00f6sungen aus. Unsere Outsourcing-Services stellen Ihnen die richtigen Ressourcen und das richtige Fachwissen zur Verf\u00fcgung, um Ihre IT- und OT-Sicherheitsinitiativen umzusetzen, zu verwalten und zu pflegen. Von der Installation fortschrittlicher Sicherheitssysteme bis hin zur \u00dcberwachung und Reaktion auf Bedrohungen sorgen wir daf\u00fcr, dass Ihre Verteidigungsma\u00dfnahmen immer auf dem h\u00f6chsten Stand sind.<\/p>\n<\/div><\/div><div class=\"w-separator size_medium\"><\/div><\/div><\/div><\/div><\/div><\/div><\/section><section class=\"l-section wpb_row us_custom_f138404b height_medium width_full\"><div class=\"l-section-h i-cf\"><div class=\"g-cols vc_row via_flex valign_top type_default stacking_default\"><div class=\"vc_col-sm-12 wpb_column vc_column_container\"><div class=\"vc_column-inner us_custom_60e9caca us_animate_this\"><div class=\"wpb_wrapper\"><div class=\"w-iconbox us_custom_1766caf5 custom-flex align-center has_text_color us_animate_this iconpos_top style_default color_custom align_center no_text\"><div class=\"w-iconbox-icon\" style=\"font-size:4rem;--icon-color:#ffffff;\"><i class=\"fas fa-handshake\"><\/i><\/div><div class=\"w-iconbox-meta\"><h2 class=\"w-iconbox-title\" style=\"font-size:54px;\">Warum uns w\u00e4hlen?<\/h2><\/div><\/div><\/div><\/div><\/div><\/div><\/div><\/section><section class=\"l-section wpb_row height_medium\"><div class=\"l-section-h i-cf\"><div class=\"g-cols vc_row via_flex valign_top type_default stacking_default\"><div class=\"vc_col-sm-12 wpb_column vc_column_container\"><div class=\"vc_column-inner\"><div class=\"wpb_wrapper\"><div class=\"g-cols wpb_row us_custom_86196c5a via_flex valign_top type_default stacking_default\"><div class=\"vc_col-sm-2 wpb_column vc_column_container\"><div class=\"vc_column-inner us_custom_7e20fa79 us_animate_this\"><div class=\"wpb_wrapper\"><div class=\"w-iconbox iconpos_top style_default color_custom align_center no_text no_title\"><div class=\"w-iconbox-icon\" style=\"font-size:4rem;--icon-color:#0098ff;\"><i class=\"fas fa-brain\"><\/i><\/div><div class=\"w-iconbox-meta\"><\/div><\/div><\/div><\/div><\/div><div class=\"vc_col-sm-10 wpb_column vc_column_container\"><div class=\"vc_column-inner\"><div class=\"wpb_wrapper\"><div class=\"wpb_text_column us_custom_47474b22 us_animate_this\"><div class=\"wpb_wrapper\"><h3>Fachwissen<\/h3>\n<p>Unser Team besteht aus erfahrenen Fachleuten mit fundierten Kenntnissen im Bereich der IT- und OT-Sicherheit.<\/p>\n<\/div><\/div><\/div><\/div><\/div><\/div><div class=\"g-cols wpb_row us_custom_d734b9cf via_flex valign_top type_default stacking_default\"><div class=\"vc_col-sm-2 wpb_column vc_column_container\"><div class=\"vc_column-inner\"><div class=\"wpb_wrapper\"><div class=\"w-iconbox us_custom_7e20fa79 us_animate_this iconpos_top style_default color_custom align_center no_text no_title\"><div class=\"w-iconbox-icon\" style=\"font-size:4rem;--icon-color:#a100ff;\"><i class=\"fas fa-pencil-ruler\"><\/i><\/div><div class=\"w-iconbox-meta\"><\/div><\/div><\/div><\/div><\/div><div class=\"vc_col-sm-10 wpb_column vc_column_container\"><div class=\"vc_column-inner\"><div class=\"wpb_wrapper\"><div class=\"wpb_text_column us_custom_47474b22 us_animate_this\"><div class=\"wpb_wrapper\"><h3>Ma\u00dfgeschneiderte L\u00f6sungen<\/h3>\n<p>Wir wissen, dass jedes Unternehmen einzigartig ist. Unsere Dienstleistungen sind auf Ihre speziellen Sicherheitsbed\u00fcrfnisse zugeschnitten.<\/p>\n<\/div><\/div><\/div><\/div><\/div><\/div><div class=\"g-cols wpb_row us_custom_d734b9cf via_flex valign_top type_default stacking_default\"><div class=\"vc_col-sm-2 wpb_column vc_column_container\"><div class=\"vc_column-inner\"><div class=\"wpb_wrapper\"><div class=\"w-iconbox us_custom_7e20fa79 us_animate_this iconpos_top style_default color_custom align_center no_text no_title\"><div class=\"w-iconbox-icon\" style=\"font-size:4rem;--icon-color:#ff007a;\"><i class=\"fas fa-check-circle\"><\/i><\/div><div class=\"w-iconbox-meta\"><\/div><\/div><\/div><\/div><\/div><div class=\"vc_col-sm-10 wpb_column vc_column_container\"><div class=\"vc_column-inner\"><div class=\"wpb_wrapper\"><div class=\"wpb_text_column us_custom_47474b22 us_animate_this\"><div class=\"wpb_wrapper\"><h3>Umfassender Ansatz<\/h3>\n<p>Von der Beratung bis zur Implementierung bieten wir Ende-zu-Ende-Sicherheitsl\u00f6sungen zum Schutz Ihres Unternehmens.<\/p>\n<\/div><\/div><\/div><\/div><\/div><\/div><div class=\"g-cols wpb_row us_custom_d734b9cf via_flex valign_top type_default stacking_default\"><div class=\"vc_col-sm-2 wpb_column vc_column_container\"><div class=\"vc_column-inner\"><div class=\"wpb_wrapper\"><div class=\"w-iconbox us_custom_7e20fa79 us_animate_this iconpos_top style_default color_custom align_center no_text no_title\"><div class=\"w-iconbox-icon\" style=\"font-size:4rem;--icon-color:#0098ff;\"><i class=\"fas fa-file-signature\"><\/i><\/div><div class=\"w-iconbox-meta\"><\/div><\/div><\/div><\/div><\/div><div class=\"vc_col-sm-10 wpb_column vc_column_container\"><div class=\"vc_column-inner\"><div class=\"wpb_wrapper\"><div class=\"wpb_text_column us_custom_47474b22 us_animate_this\"><div class=\"wpb_wrapper\"><h3>Nachgewiesene Erfolgsbilanz<\/h3>\n<p>Wir haben in der Vergangenheit erfolgreich kritische Infrastrukturen und Daten f\u00fcr eine breite Palette von Branchen gesichert.<\/p>\n<\/div><\/div><\/div><\/div><\/div><\/div><\/div><\/div><\/div><\/div><\/div><\/section><section class=\"l-section wpb_row us_custom_60e9caca us_animate_this height_medium\"><div class=\"l-section-overlay\" style=\"background:#f5f5f5\"><\/div><div class=\"l-section-h i-cf\"><div class=\"g-cols vc_row via_flex valign_top type_default stacking_default\"><div class=\"vc_col-sm-3 wpb_column vc_column_container\"><div class=\"vc_column-inner\"><div class=\"wpb_wrapper\"><div class=\"w-iconbox iconpos_top style_default color_custom align_center no_text no_title\"><div class=\"w-iconbox-icon\" style=\"font-size:5rem;--icon-color:#6aa62f;\"><i class=\"fas fa-user-shield\"><\/i><\/div><div class=\"w-iconbox-meta\"><\/div><\/div><\/div><\/div><\/div><div class=\"vc_col-sm-9 wpb_column vc_column_container\"><div class=\"vc_column-inner\"><div class=\"wpb_wrapper\"><div class=\"wpb_text_column\"><div class=\"wpb_wrapper\"><h2 style=\"text-align: center;\">Sch\u00fctzen Sie Ihr Unternehmen mit den umfassenden Sicherheitsdienstleistungen von orquidea. Setzen Sie sich noch heute mit uns in Verbindung und erfahren Sie, wie wir Ihnen helfen k\u00f6nnen, Ihre IT- und OT-Umgebungen gegen die sich entwickelnden Cyber-Bedrohungen zu sch\u00fctzen.<\/h2>\n<\/div><\/div><\/div><\/div><\/div><\/div><\/div><\/section>\n","protected":false},"excerpt":{"rendered":"IT- und OT-Sicherheit Umfassende IT- und OT-Sicherheitsl\u00f6sungen Wir von orquidea sind darauf spezialisiert, erstklassige IT- und OT-Sicherheitsdienstleistungen anzubieten, um die kritischen Infrastrukturen und die Daten Ihres Unternehmens zu sch\u00fctzen. Unser Expertenteam bietet ein umfassendes Spektrum an Sicherheitsl\u00f6sungen, von der strategischen Beratung bis zur praktischen Umsetzung, um sicherzustellen, dass Ihre Systeme widerstandsf\u00e4hig gegen Cyber-Bedrohungen sind. Unsere...","protected":false},"author":1,"featured_media":0,"parent":0,"menu_order":0,"comment_status":"closed","ping_status":"closed","template":"","meta":{"footnotes":""},"class_list":["post-2436","page","type-page","status-publish","hentry"],"yoast_head":"<!-- This site is optimized with the Yoast SEO Premium plugin v25.8 (Yoast SEO v27.3) - https:\/\/yoast.com\/product\/yoast-seo-premium-wordpress\/ -->\n<title>IT- und OT-Sicherheit - orquidea GmbH<\/title>\n<meta name=\"description\" content=\"Umfassende IT- und OT-Sicherheitsdienstleistungen - von der Beratung bis zur Implementierung von Sicherheitsl\u00f6sungen.\" \/>\n<meta name=\"robots\" content=\"index, follow, max-snippet:-1, max-image-preview:large, max-video-preview:-1\" \/>\n<link rel=\"canonical\" href=\"https:\/\/orquidea.gmbh\/de-de\/it-und-ot-sicherheit\/\" \/>\n<meta property=\"og:locale\" content=\"de_DE\" \/>\n<meta property=\"og:type\" content=\"article\" \/>\n<meta property=\"og:title\" content=\"IT- und OT-Sicherheit\" \/>\n<meta property=\"og:description\" content=\"Umfassende IT- und OT-Sicherheitsdienstleistungen - von der Beratung bis zur Implementierung von Sicherheitsl\u00f6sungen.\" \/>\n<meta property=\"og:url\" content=\"https:\/\/orquidea.gmbh\/de-de\/it-und-ot-sicherheit\/\" \/>\n<meta property=\"og:site_name\" content=\"orquidea GmbH\" \/>\n<meta property=\"article:modified_time\" content=\"2025-08-16T12:09:47+00:00\" \/>\n<meta name=\"twitter:card\" content=\"summary_large_image\" \/>\n<meta name=\"twitter:label1\" content=\"Gesch\u00e4tzte Lesezeit\" \/>\n\t<meta name=\"twitter:data1\" content=\"3\u00a0Minuten\" \/>\n<script type=\"application\/ld+json\" class=\"yoast-schema-graph\">{\"@context\":\"https:\\\/\\\/schema.org\",\"@graph\":[{\"@type\":\"WebPage\",\"@id\":\"https:\\\/\\\/orquidea.gmbh\\\/de-de\\\/it-und-ot-sicherheit\\\/\",\"url\":\"https:\\\/\\\/orquidea.gmbh\\\/de-de\\\/it-und-ot-sicherheit\\\/\",\"name\":\"IT- und OT-Sicherheit - orquidea GmbH\",\"isPartOf\":{\"@id\":\"https:\\\/\\\/orquidea.gmbh\\\/de-de\\\/#website\"},\"datePublished\":\"2024-05-20T12:30:43+00:00\",\"dateModified\":\"2025-08-16T12:09:47+00:00\",\"description\":\"Umfassende IT- und OT-Sicherheitsdienstleistungen - von der Beratung bis zur Implementierung von Sicherheitsl\u00f6sungen.\",\"breadcrumb\":{\"@id\":\"https:\\\/\\\/orquidea.gmbh\\\/de-de\\\/it-und-ot-sicherheit\\\/#breadcrumb\"},\"inLanguage\":\"de\",\"potentialAction\":[{\"@type\":\"ReadAction\",\"target\":[\"https:\\\/\\\/orquidea.gmbh\\\/de-de\\\/it-und-ot-sicherheit\\\/\"]}]},{\"@type\":\"BreadcrumbList\",\"@id\":\"https:\\\/\\\/orquidea.gmbh\\\/de-de\\\/it-und-ot-sicherheit\\\/#breadcrumb\",\"itemListElement\":[{\"@type\":\"ListItem\",\"position\":1,\"name\":\"Home\",\"item\":\"https:\\\/\\\/orquidea.gmbh\\\/de-de\\\/willkommen-bei-orquidea\\\/\"},{\"@type\":\"ListItem\",\"position\":2,\"name\":\"IT- und OT-Sicherheit\"}]},{\"@type\":\"WebSite\",\"@id\":\"https:\\\/\\\/orquidea.gmbh\\\/de-de\\\/#website\",\"url\":\"https:\\\/\\\/orquidea.gmbh\\\/de-de\\\/\",\"name\":\"OT- and IT-Security\",\"description\":\"IT Security und OT Security\",\"publisher\":{\"@id\":\"https:\\\/\\\/orquidea.gmbh\\\/de-de\\\/#organization\"},\"potentialAction\":[{\"@type\":\"SearchAction\",\"target\":{\"@type\":\"EntryPoint\",\"urlTemplate\":\"https:\\\/\\\/orquidea.gmbh\\\/de-de\\\/?s={search_term_string}\"},\"query-input\":{\"@type\":\"PropertyValueSpecification\",\"valueRequired\":true,\"valueName\":\"search_term_string\"}}],\"inLanguage\":\"de\"},{\"@type\":\"Organization\",\"@id\":\"https:\\\/\\\/orquidea.gmbh\\\/de-de\\\/#organization\",\"name\":\"orquidea GmbH\",\"url\":\"https:\\\/\\\/orquidea.gmbh\\\/de-de\\\/\",\"logo\":{\"@type\":\"ImageObject\",\"inLanguage\":\"de\",\"@id\":\"https:\\\/\\\/orquidea.gmbh\\\/de-de\\\/#\\\/schema\\\/logo\\\/image\\\/\",\"url\":\"https:\\\/\\\/orquidea.gmbh\\\/wp-content\\\/uploads\\\/2023\\\/07\\\/orquidea_logo_color.png\",\"contentUrl\":\"https:\\\/\\\/orquidea.gmbh\\\/wp-content\\\/uploads\\\/2023\\\/07\\\/orquidea_logo_color.png\",\"width\":1623,\"height\":518,\"caption\":\"orquidea GmbH\"},\"image\":{\"@id\":\"https:\\\/\\\/orquidea.gmbh\\\/de-de\\\/#\\\/schema\\\/logo\\\/image\\\/\"}}]}<\/script>\n<!-- \/ Yoast SEO Premium plugin. -->","yoast_head_json":{"title":"IT- und OT-Sicherheit - orquidea GmbH","description":"Umfassende IT- und OT-Sicherheitsdienstleistungen - von der Beratung bis zur Implementierung von Sicherheitsl\u00f6sungen.","robots":{"index":"index","follow":"follow","max-snippet":"max-snippet:-1","max-image-preview":"max-image-preview:large","max-video-preview":"max-video-preview:-1"},"canonical":"https:\/\/orquidea.gmbh\/de-de\/it-und-ot-sicherheit\/","og_locale":"de_DE","og_type":"article","og_title":"IT- und OT-Sicherheit","og_description":"Umfassende IT- und OT-Sicherheitsdienstleistungen - von der Beratung bis zur Implementierung von Sicherheitsl\u00f6sungen.","og_url":"https:\/\/orquidea.gmbh\/de-de\/it-und-ot-sicherheit\/","og_site_name":"orquidea GmbH","article_modified_time":"2025-08-16T12:09:47+00:00","twitter_card":"summary_large_image","twitter_misc":{"Gesch\u00e4tzte Lesezeit":"3\u00a0Minuten"},"schema":{"@context":"https:\/\/schema.org","@graph":[{"@type":"WebPage","@id":"https:\/\/orquidea.gmbh\/de-de\/it-und-ot-sicherheit\/","url":"https:\/\/orquidea.gmbh\/de-de\/it-und-ot-sicherheit\/","name":"IT- und OT-Sicherheit - orquidea GmbH","isPartOf":{"@id":"https:\/\/orquidea.gmbh\/de-de\/#website"},"datePublished":"2024-05-20T12:30:43+00:00","dateModified":"2025-08-16T12:09:47+00:00","description":"Umfassende IT- und OT-Sicherheitsdienstleistungen - von der Beratung bis zur Implementierung von Sicherheitsl\u00f6sungen.","breadcrumb":{"@id":"https:\/\/orquidea.gmbh\/de-de\/it-und-ot-sicherheit\/#breadcrumb"},"inLanguage":"de","potentialAction":[{"@type":"ReadAction","target":["https:\/\/orquidea.gmbh\/de-de\/it-und-ot-sicherheit\/"]}]},{"@type":"BreadcrumbList","@id":"https:\/\/orquidea.gmbh\/de-de\/it-und-ot-sicherheit\/#breadcrumb","itemListElement":[{"@type":"ListItem","position":1,"name":"Home","item":"https:\/\/orquidea.gmbh\/de-de\/willkommen-bei-orquidea\/"},{"@type":"ListItem","position":2,"name":"IT- und OT-Sicherheit"}]},{"@type":"WebSite","@id":"https:\/\/orquidea.gmbh\/de-de\/#website","url":"https:\/\/orquidea.gmbh\/de-de\/","name":"OT- and IT-Security","description":"IT Security und OT Security","publisher":{"@id":"https:\/\/orquidea.gmbh\/de-de\/#organization"},"potentialAction":[{"@type":"SearchAction","target":{"@type":"EntryPoint","urlTemplate":"https:\/\/orquidea.gmbh\/de-de\/?s={search_term_string}"},"query-input":{"@type":"PropertyValueSpecification","valueRequired":true,"valueName":"search_term_string"}}],"inLanguage":"de"},{"@type":"Organization","@id":"https:\/\/orquidea.gmbh\/de-de\/#organization","name":"orquidea GmbH","url":"https:\/\/orquidea.gmbh\/de-de\/","logo":{"@type":"ImageObject","inLanguage":"de","@id":"https:\/\/orquidea.gmbh\/de-de\/#\/schema\/logo\/image\/","url":"https:\/\/orquidea.gmbh\/wp-content\/uploads\/2023\/07\/orquidea_logo_color.png","contentUrl":"https:\/\/orquidea.gmbh\/wp-content\/uploads\/2023\/07\/orquidea_logo_color.png","width":1623,"height":518,"caption":"orquidea GmbH"},"image":{"@id":"https:\/\/orquidea.gmbh\/de-de\/#\/schema\/logo\/image\/"}}]}},"_links":{"self":[{"href":"https:\/\/orquidea.gmbh\/de-de\/wp-json\/wp\/v2\/pages\/2436","targetHints":{"allow":["GET"]}}],"collection":[{"href":"https:\/\/orquidea.gmbh\/de-de\/wp-json\/wp\/v2\/pages"}],"about":[{"href":"https:\/\/orquidea.gmbh\/de-de\/wp-json\/wp\/v2\/types\/page"}],"author":[{"embeddable":true,"href":"https:\/\/orquidea.gmbh\/de-de\/wp-json\/wp\/v2\/users\/1"}],"replies":[{"embeddable":true,"href":"https:\/\/orquidea.gmbh\/de-de\/wp-json\/wp\/v2\/comments?post=2436"}],"version-history":[{"count":16,"href":"https:\/\/orquidea.gmbh\/de-de\/wp-json\/wp\/v2\/pages\/2436\/revisions"}],"predecessor-version":[{"id":3165,"href":"https:\/\/orquidea.gmbh\/de-de\/wp-json\/wp\/v2\/pages\/2436\/revisions\/3165"}],"wp:attachment":[{"href":"https:\/\/orquidea.gmbh\/de-de\/wp-json\/wp\/v2\/media?parent=2436"}],"curies":[{"name":"wp","href":"https:\/\/api.w.org\/{rel}","templated":true}]}}