{"id":2392,"date":"2024-05-05T20:15:31","date_gmt":"2024-05-05T18:15:31","guid":{"rendered":"https:\/\/orquidea.gmbh\/jobs-stellenangebote\/netzwerkingenieur-w-m-d\/"},"modified":"2025-08-16T14:17:52","modified_gmt":"2025-08-16T12:17:52","slug":"netzwerkingenieur-w-m-d","status":"publish","type":"page","link":"https:\/\/orquidea.gmbh\/de-de\/jobs-stellenangebote\/netzwerkingenieur-w-m-d\/","title":{"rendered":"Netzwerkingenieur (w\/m\/d)"},"content":{"rendered":"<section class=\"l-section wpb_row height_medium color_primary\"><div class=\"l-section-h i-cf\"><div class=\"g-cols vc_row via_flex valign_top type_default stacking_default\"><div class=\"vc_col-sm-12 wpb_column vc_column_container\"><div class=\"vc_column-inner\"><div class=\"wpb_wrapper\"><div class=\"wpb_text_column\"><div class=\"wpb_wrapper\"><h1 style=\"text-align: center;\">Netzwerkingenieur (w\/m\/d)<\/h1>\n<\/div><\/div><\/div><\/div><\/div><\/div><\/div><\/section><section class=\"l-section wpb_row height_medium with_img parallax_fixed\"><div class=\"l-section-img\" role=\"img\" aria-label=\"Portrait of technician working on laptop in server room\" data-img-width=\"2560\" data-img-height=\"1706\" style=\"background-image: url(https:\/\/orquidea.gmbh\/wp-content\/uploads\/2024\/05\/Portrait-of-IT-Security-technician-working-on-laptop-in-server-room-scaled.jpeg);background-repeat: no-repeat;\"><\/div><div class=\"l-section-h i-cf\"><div class=\"g-cols vc_row via_flex valign_top type_default stacking_default\"><div class=\"vc_col-sm-12 wpb_column vc_column_container\"><div class=\"vc_column-inner\"><div class=\"wpb_wrapper\"><div class=\"w-separator size_custom\" style=\"height:25vh\"><\/div><\/div><\/div><\/div><\/div><\/div><\/section><section class=\"l-section wpb_row height_medium color_alternate\"><div class=\"l-section-h i-cf\"><div class=\"g-cols vc_row via_flex valign_top type_default stacking_default\"><div class=\"vc_col-sm-12 wpb_column vc_column_container\"><div class=\"vc_column-inner\"><div class=\"wpb_wrapper\"><div class=\"wpb_text_column\"><div class=\"wpb_wrapper\"><p>Wir von orquidea decken ein breites Spektrum an Themen und Branchen ab. Durch die projektbasierte Arbeit erhalten wir Einblicke in viele verschiedene Bereiche, k\u00f6nnen mit neuen Herausforderungen wachsen, unsere F\u00e4higkeiten st\u00e4ndig weiterentwickeln und die Prozesse von Anfang an aktiv mitgestalten. Toleranz, Offenheit und gegenseitiges Vertrauen sind wichtig. Wir haben flache Hierarchien, kurze Entscheidungswege und die M\u00f6glichkeit, schnell Verantwortung f\u00fcr Projekte im Rahmen unserer langfristigen, hochwertigen Kundenbeziehungen zu \u00fcbernehmen.<\/p>\n<p>F\u00fcr uns z\u00e4hlt sowohl Deine Leistung als auch Deine Pers\u00f6nlichkeit, unabh\u00e4ngig von Deinem Alter, Herkunft, Geschlecht, sexuellen Identit\u00e4t, Behinderung oder Weltanschauung.<\/p>\n<p>Zur Verst\u00e4rkung unseres Teams suchen wir derzeit<\/p>\n<h2>Netzwerkingenieur (w\/m\/d)<\/h2>\n<p><strong>Beginn:<\/strong> N\u00e4chstm\u00f6gliches Datum<br \/>\n<strong>Sektor:<\/strong>Netzwerktechnik<br \/>\n<strong>Standort:<\/strong> Darmstadt \/ Hybrid \/ Remote<br \/>\n<strong>Vertragsart:<\/strong> Unbefristet<\/p>\n<h2>Was sind Deine Aufgaben?<\/h2>\n<ul>\n<li>Du koordinierst anspruchsvolle IT-Projekte im Bereich der Netzwerkinfrastruktur<\/li>\n<li>Du bist verantwortlich f\u00fcr den Betrieb und die Weiterentwicklung der Netzwerkinfrastruktur (LAN\/WLAN, WAN, VPN, VoIP) und Firewall-Systeme (Checkpoint, Cisco, Fortinet) sowie die WAN-Anbindung der Standorte unserer Kunden<\/li>\n<li>Du \u00fcberwachst und optimierst die Kommunikations- und Netzwerkdienste sowie die Netzwerk- und Cybersicherheit<\/li>\n<li>Bei Bedarf f\u00fchrst Du Netzwerkanalysen und -diagnosen durch, um Netzwerkprobleme zu beheben, und verwendest Tools des Netzwerkmanagementsystems, um die Netzwerkauslastung zu ermitteln und Leistungsstatistiken zu modellieren<\/li>\n<li>Du entwickelst innovative L\u00f6sungen und Strategien, um einen kontinuierlichen und hochverf\u00fcgbaren Netzwerkbetrieb zu gew\u00e4hrleisten und die Netzwerkleistung und -stabilit\u00e4t zu optimieren<\/li>\n<li>Du dokumentierst die Netzwerkinfrastruktur und -prozesse und erstellst Spezifikationen und Richtlinien f\u00fcr den Netzwerkbetrieb<\/li>\n<li>Du unterst\u00fctzt Kollegen bei netzwerkbezogenen Fragen<\/li>\n<\/ul>\n<h3>Wer Du bist:<\/h3>\n<ul>\n<li>Du verf\u00fcgst \u00fcber ein abgeschlossenes Studium der Informatik, eine abgeschlossene einschl\u00e4gige Berufsausbildung oder eine vergleichbare Berufserfahrung<\/li>\n<li>Du verf\u00fcgst \u00fcber fundierte Kenntnisse und Berufserfahrung im Bereich Netzwerkbetrieb und Netzwerkinfrastruktur (Routing, Switching, Firewalling, IDS) sowie \u00fcber gute Kenntnisse der Betriebssysteme Microsoft Server und\/oder Linux<\/li>\n<li>Du verf\u00fcgst \u00fcber gute allgemeine Kenntnisse von IT-Infrastrukturdiensten und -Technologien sowie von MS Windows Server und Client-Betrieb<\/li>\n<li>Erfahrung mit SIEM, VoIP\/SIP-Telefonie, VK\/ UC-Systemen sowie eine Cisco-Zertifizierung (CCNA) w\u00e4ren von Vorteil<\/li>\n<li>Du verf\u00fcgst \u00fcber fundierte Kenntnisse der Netzwerksicherheit und der aktuellen Sicherheitstechnologien<\/li>\n<li>Du hast bereits Erfahrungen im Projektmanagement gesammelt<\/li>\n<li>Du verf\u00fcgst \u00fcber Kenntnisse im Bereich der \u00dcberwachung (SNMP, PRTG, \u2026)<\/li>\n<li>Du kannst gut kommunizieren und bist ein Teamplayer<\/li>\n<li>Du arbeitest unabh\u00e4ngig, analytisch und strukturiert<\/li>\n<li>Du sprichst flie\u00dfend Deutsch und Englisch und hast ein professionelles Auftreten, auch im Umgang mit Kunden<\/li>\n<li>Du bist bereit zu reisen<\/li>\n<\/ul>\n<h2>Was Du bei uns erwarten kannst:<\/h2>\n<p>Es erwartet Dich ein angenehmes, offenes und wertsch\u00e4tzendes Arbeitsumfeld. Du erh\u00e4ltst individuelle Schulungen und Unterst\u00fctzung. Die Arbeit in einem kleinen Projektteam bietet Dir viel Freiheit, Deine eigenen Ideen einzubringen. Du wirst Dein Portfolio durch herausfordernde Aufgaben und Deine Beteiligung an einer Vielzahl von Projekten kontinuierlich erweitern. Au\u00dferdem hast Du Zugang zu einem gro\u00dfz\u00fcgigen Jahresbudget f\u00fcr Deine pers\u00f6nliche und berufliche Entwicklung. Eine gute Work-Life-Balance ist dank flexibler Arbeitszeiten, Gleitzeit und Home-Office-Optionen gew\u00e4hrleistet.<\/p>\n<p>F\u00fchlst Du Dich angesprochen und passt Deine Berufserfahrung zu den Anforderungen? Dann freuen wir uns darauf, Deine Unterlagen per E-Mail zu erhalten und Dich zu einem ersten Gespr\u00e4ch zu treffen.<\/p>\n<p>Eingehende Bewerbungen werden nur nach ihrer beruflichen Qualifikation bewertet, unabh\u00e4ngig von ethnischer Zugeh\u00f6rigkeit, Hautfarbe, Religion, Geschlecht, sexueller Identit\u00e4t, Nationalit\u00e4t, Schweregrad oder Alter.<\/p>\n<p>Bitte sende Deine vollst\u00e4ndige Bewerbung an:<br \/>\n<strong>orquidea GmbH<\/strong><br \/>\nM\u00fchltalstra\u00dfe 137<br \/>\n64297 Darmstadt<br \/>\noder per Email an <a href=\"mailto:%20jobs@orquidea.gmbh\">jobs[at]orquidea.gmbh<\/a><\/p>\n<p>Kontaktperson:<br \/>\n<strong>Eva-Maria Herrgott<\/strong><br \/>\n<a href=\"mailto:eva-maria.herrgott@orquidea.gmbh\">eva-maria.herrgott[at]orquidea.gmbh<\/a><\/p>\n<p>Wir freuen uns darauf, Dich kennen zu lernen!<\/p>\n<\/div><\/div><\/div><\/div><\/div><\/div><\/div><\/section><section class=\"l-section wpb_row height_small\"><div class=\"l-section-h i-cf\"><div class=\"g-cols vc_row via_flex valign_top type_default stacking_default\"><div class=\"vc_col-sm-12 wpb_column vc_column_container\"><div class=\"vc_column-inner\"><div class=\"wpb_wrapper\"><div class=\"w-actionbox color_light controls_right\"><div class=\"w-actionbox-text\"><h2 class=\"w-actionbox-title\">Zur\u00fcck zu den Job Angeboten<\/h2><\/div><div class=\"w-actionbox-controls\"><a class=\"w-btn us-btn-style_5 icon_atleft\" href=\"https:\/\/orquidea.gmbh\/de-de\/jobs-stellenangebote\/\"><i class=\"fas fa-step-backward\"><\/i><span class=\"w-btn-label\">Job Angebote<\/span><\/a><\/div><\/div><\/div><\/div><\/div><\/div><\/div><\/section><section class=\"l-section wpb_row height_auto\"><div class=\"l-section-h i-cf\"><div class=\"g-cols vc_row via_flex valign_top type_default stacking_default\"><div class=\"vc_col-sm-12 wpb_column vc_column_container\"><div class=\"vc_column-inner\"><div class=\"wpb_wrapper\">[vc_raw_html]JTNDc2NyaXB0JTIwdHlwZSUzRCUyMmFwcGxpY2F0aW9uJTJGbGQlMkJqc29uJTIyJTNFJTdCJTBBJTIyJTQwY29udGV4dCUyMiUyMCUzQSUyMCUyMmh0dHBzJTNBJTJGJTJGc2NoZW1hLm9yZyUyRiUyMiUyQyUwQSUyMiU0MHR5cGUlMjIlMjAlM0ElMjAlMjJKb2JQb3N0aW5nJTIyJTJDJTBBJTIydGl0bGUlMjIlMjAlM0ElMjAlMjJOZXR3b3JrJTIwRW5naW5lZXIlMjAlMjh3JTJGbSUyRmQlMjklMjIlMkMlMEElMjJkZXNjcmlwdGlvbiUyMiUyMCUzQSUyMCUyMldpciUyMHN1Y2hlbiUyMGFiJTIwc29mb3J0JTIwTmV0endlcmtpbmdlbmlldXJlJTIwJTI4dyUyRm0lMkZkJTI5LiUyMEluJTIwdW5zZXJlbSUyMFRlYW0lMjBhcmJlaXRlbiUyMFNpZSUyMGluJTIwZWluZW0lMjBzcGFubmVuZGVuJTIwVW1mZWxkJTIwbWl0JTIwZGVuJTIwbmV1ZXN0ZW4lMjBUZWNobm9sb2dpZW4lMjB1bmQlMjBpbnRlcmVzc2FudGVuJTIwUHJvamVrdGVuLiUyMiUyQyUwQSUyMmlkZW50aWZpZXIlMjIlM0ElMjAlN0IlMEElMjIlNDB0eXBlJTIyJTNBJTIwJTIyUHJvcGVydHlWYWx1ZSUyMiUyQyUwQSUyMm5hbWUlMjIlM0ElMjAlMjJvcnF1aWRlYSUyMEdtYkglMjIlMkMlMEElMjJ2YWx1ZSUyMiUzQSUyMCUyMjIwMjUwNV9uZXR3b3JrX2VuZ2luZWVyJTIyJTBBJTdEJTJDJTBBJTIyZGF0ZVBvc3RlZCUyMiUyMCUzQSUyMCUyMjIwMjUtMDUtMDIlMjIlMkMlMEElMjJ2YWxpZFRocm91Z2glMjIlMjAlM0ElMjAlMjIyMDI1LTEyLTMxVDIzJTNBNTklMjIlMkMlMEElMjJlbXBsb3ltZW50VHlwZSUyMiUyMCUzQSUyMCU1QiUyMkZVTExfVElNRSUyMiUyQyUyMCUyMkNPTlRSQUNUT1IlMjIlNUQlMkMlMEElMjJoaXJpbmdPcmdhbml6YXRpb24lMjIlMjAlM0ElMjAlN0IlMEElMjIlNDB0eXBlJTIyJTIwJTNBJTIwJTIyT3JnYW5pemF0aW9uJTIyJTJDJTBBJTIybmFtZSUyMiUyMCUzQSUyMCUyMm9ycXVpZGVhJTIwR21iSCUyMiUyQyUwQSUyMnNhbWVBcyUyMiUyMCUzQSUyMCUyMmh0dHBzJTNBJTJGJTJGb3JxdWlkZWEuZ21iaCUyMiUyQyUwQSUyMmxvZ28lMjIlMjAlM0ElMjAlMjJodHRwcyUzQSUyRiUyRm9ycXVpZGVhLmdtYmglMkZ3cC1jb250ZW50JTJGdXBsb2FkcyUyRjIwMjMlMkYwNyUyRm9ycXVpZGVhX2xvZ29fY29sb3IucG5nJTIyJTBBJTdEJTJDJTBBJTIyam9iTG9jYXRpb24lMjIlM0ElMjAlN0IlMEElMjIlNDB0eXBlJTIyJTNBJTIwJTIyUExBQ0UlMjIlMkMlMEElMjJhZGRyZXNzJTIyJTNBJTIwJTdCJTBBJTIyJTQwdHlwZSUyMiUzQSUyMCUyMlBvc3RhbEFkZHJlc3MlMjIlMkMlMEElMjJzdHJlZXRBZGRyZXNzJTIyJTNBJTIwJTIyTSVDMyVCQ2hsdGFsc3RyYSVDMyU5RmUlMjAxMzclMjIlMkMlMEElMjJhZGRyZXNzTG9jYWxpdHklMjIlM0ElMjAlMjJEYXJtc3RhZHQlMjIlMkMlMEElMjJhZGRyZXNzUmVnaW9uJTIyJTNBJTIwJTIySGVzc2VuJTIyJTJDJTBBJTIycG9zdGFsQ29kZSUyMiUzQSUyMCUyMjY0Mjk3JTIyJTJDJTBBJTIyYWRkcmVzc0NvdW50cnklMjIlM0ElMjAlMjJERSUyMiUwQSU3RCUwQSU3RCUyQyUwQSUyMmpvYkxvY2F0aW9uVHlwZSUyMiUzQSUyMCUyMlRFTEVDT01NVVRFJTIyJTBBJTdEJTBBJTNDJTJGc2NyaXB0JTNF[\/vc_raw_html]<\/div><\/div><\/div><\/div><\/div><\/section>\n","protected":false},"excerpt":{"rendered":"Netzwerkingenieur (w\/m\/d) Wir von orquidea decken ein breites Spektrum an Themen und Branchen ab. Durch die projektbasierte Arbeit erhalten wir Einblicke in viele verschiedene Bereiche, k\u00f6nnen mit neuen Herausforderungen wachsen, unsere F\u00e4higkeiten st\u00e4ndig weiterentwickeln und die Prozesse von Anfang an aktiv mitgestalten. Toleranz, Offenheit und gegenseitiges Vertrauen sind wichtig. Wir haben flache Hierarchien, kurze Entscheidungswege...","protected":false},"author":1,"featured_media":0,"parent":2385,"menu_order":0,"comment_status":"closed","ping_status":"closed","template":"","meta":{"footnotes":""},"class_list":["post-2392","page","type-page","status-publish","hentry"],"yoast_head":"<!-- This site is optimized with the Yoast SEO Premium plugin v25.8 (Yoast SEO v27.3) - https:\/\/yoast.com\/product\/yoast-seo-premium-wordpress\/ -->\n<title>Netzwerkingenieur (w\/m\/d) - orquidea GmbH<\/title>\n<meta name=\"description\" content=\"Komm zur orquidea GmbH als Netzwerkingenieur (w\/m\/d) und erweitere Deine Karriere in einem dynamischen Umfeld. Wir sind auf der Suche nach talentierten Fachleuten, die unsere fortschrittlichen Netzwerkl\u00f6sungen entwerfen, implementieren und verwalten. Genie\u00dfe flexible Arbeitszeiten, berufliche Entwicklungsm\u00f6glichkeiten und ein kollegiales Team. Bewirb Dich jetzt und werde Teil unseres innovativen IT-Teams!\" \/>\n<meta name=\"robots\" content=\"index, follow, max-snippet:-1, max-image-preview:large, max-video-preview:-1\" \/>\n<link rel=\"canonical\" href=\"https:\/\/orquidea.gmbh\/de-de\/jobs-stellenangebote\/netzwerkingenieur-w-m-d\/\" \/>\n<meta property=\"og:locale\" content=\"de_DE\" \/>\n<meta property=\"og:type\" content=\"article\" \/>\n<meta property=\"og:title\" content=\"Netzwerkingenieur (w\/m\/d)\" \/>\n<meta property=\"og:description\" content=\"Komm zur orquidea GmbH als Netzwerkingenieur (w\/m\/d) und erweitere Deine Karriere in einem dynamischen Umfeld. Wir sind auf der Suche nach talentierten Fachleuten, die unsere fortschrittlichen Netzwerkl\u00f6sungen entwerfen, implementieren und verwalten. Genie\u00dfe flexible Arbeitszeiten, berufliche Entwicklungsm\u00f6glichkeiten und ein kollegiales Team. Bewirb Dich jetzt und werde Teil unseres innovativen IT-Teams!\" \/>\n<meta property=\"og:url\" content=\"https:\/\/orquidea.gmbh\/de-de\/jobs-stellenangebote\/netzwerkingenieur-w-m-d\/\" \/>\n<meta property=\"og:site_name\" content=\"orquidea GmbH\" \/>\n<meta property=\"article:modified_time\" content=\"2025-08-16T12:17:52+00:00\" \/>\n<meta name=\"twitter:card\" content=\"summary_large_image\" \/>\n<meta name=\"twitter:label1\" content=\"Gesch\u00e4tzte Lesezeit\" \/>\n\t<meta name=\"twitter:data1\" content=\"3\u00a0Minuten\" \/>\n<script type=\"application\/ld+json\" class=\"yoast-schema-graph\">{\"@context\":\"https:\\\/\\\/schema.org\",\"@graph\":[{\"@type\":\"WebPage\",\"@id\":\"https:\\\/\\\/orquidea.gmbh\\\/de-de\\\/jobs-stellenangebote\\\/netzwerkingenieur-w-m-d\\\/\",\"url\":\"https:\\\/\\\/orquidea.gmbh\\\/de-de\\\/jobs-stellenangebote\\\/netzwerkingenieur-w-m-d\\\/\",\"name\":\"Netzwerkingenieur (w\\\/m\\\/d) - orquidea GmbH\",\"isPartOf\":{\"@id\":\"https:\\\/\\\/orquidea.gmbh\\\/de-de\\\/#website\"},\"datePublished\":\"2024-05-05T18:15:31+00:00\",\"dateModified\":\"2025-08-16T12:17:52+00:00\",\"description\":\"Komm zur orquidea GmbH als Netzwerkingenieur (w\\\/m\\\/d) und erweitere Deine Karriere in einem dynamischen Umfeld. Wir sind auf der Suche nach talentierten Fachleuten, die unsere fortschrittlichen Netzwerkl\u00f6sungen entwerfen, implementieren und verwalten. Genie\u00dfe flexible Arbeitszeiten, berufliche Entwicklungsm\u00f6glichkeiten und ein kollegiales Team. Bewirb Dich jetzt und werde Teil unseres innovativen IT-Teams!\",\"breadcrumb\":{\"@id\":\"https:\\\/\\\/orquidea.gmbh\\\/de-de\\\/jobs-stellenangebote\\\/netzwerkingenieur-w-m-d\\\/#breadcrumb\"},\"inLanguage\":\"de\",\"potentialAction\":[{\"@type\":\"ReadAction\",\"target\":[\"https:\\\/\\\/orquidea.gmbh\\\/de-de\\\/jobs-stellenangebote\\\/netzwerkingenieur-w-m-d\\\/\"]}]},{\"@type\":\"BreadcrumbList\",\"@id\":\"https:\\\/\\\/orquidea.gmbh\\\/de-de\\\/jobs-stellenangebote\\\/netzwerkingenieur-w-m-d\\\/#breadcrumb\",\"itemListElement\":[{\"@type\":\"ListItem\",\"position\":1,\"name\":\"Home\",\"item\":\"https:\\\/\\\/orquidea.gmbh\\\/de-de\\\/willkommen-bei-orquidea\\\/\"},{\"@type\":\"ListItem\",\"position\":2,\"name\":\"Jobs &#8211; Stellenangebote\",\"item\":\"https:\\\/\\\/orquidea.gmbh\\\/de-de\\\/jobs-stellenangebote\\\/\"},{\"@type\":\"ListItem\",\"position\":3,\"name\":\"Netzwerkingenieur (w\\\/m\\\/d)\"}]},{\"@type\":\"WebSite\",\"@id\":\"https:\\\/\\\/orquidea.gmbh\\\/de-de\\\/#website\",\"url\":\"https:\\\/\\\/orquidea.gmbh\\\/de-de\\\/\",\"name\":\"OT- and IT-Security\",\"description\":\"IT Security und OT Security\",\"publisher\":{\"@id\":\"https:\\\/\\\/orquidea.gmbh\\\/de-de\\\/#organization\"},\"potentialAction\":[{\"@type\":\"SearchAction\",\"target\":{\"@type\":\"EntryPoint\",\"urlTemplate\":\"https:\\\/\\\/orquidea.gmbh\\\/de-de\\\/?s={search_term_string}\"},\"query-input\":{\"@type\":\"PropertyValueSpecification\",\"valueRequired\":true,\"valueName\":\"search_term_string\"}}],\"inLanguage\":\"de\"},{\"@type\":\"Organization\",\"@id\":\"https:\\\/\\\/orquidea.gmbh\\\/de-de\\\/#organization\",\"name\":\"orquidea GmbH\",\"url\":\"https:\\\/\\\/orquidea.gmbh\\\/de-de\\\/\",\"logo\":{\"@type\":\"ImageObject\",\"inLanguage\":\"de\",\"@id\":\"https:\\\/\\\/orquidea.gmbh\\\/de-de\\\/#\\\/schema\\\/logo\\\/image\\\/\",\"url\":\"https:\\\/\\\/orquidea.gmbh\\\/wp-content\\\/uploads\\\/2023\\\/07\\\/orquidea_logo_color.png\",\"contentUrl\":\"https:\\\/\\\/orquidea.gmbh\\\/wp-content\\\/uploads\\\/2023\\\/07\\\/orquidea_logo_color.png\",\"width\":1623,\"height\":518,\"caption\":\"orquidea GmbH\"},\"image\":{\"@id\":\"https:\\\/\\\/orquidea.gmbh\\\/de-de\\\/#\\\/schema\\\/logo\\\/image\\\/\"}}]}<\/script>\n<!-- \/ Yoast SEO Premium plugin. -->","yoast_head_json":{"title":"Netzwerkingenieur (w\/m\/d) - orquidea GmbH","description":"Komm zur orquidea GmbH als Netzwerkingenieur (w\/m\/d) und erweitere Deine Karriere in einem dynamischen Umfeld. Wir sind auf der Suche nach talentierten Fachleuten, die unsere fortschrittlichen Netzwerkl\u00f6sungen entwerfen, implementieren und verwalten. Genie\u00dfe flexible Arbeitszeiten, berufliche Entwicklungsm\u00f6glichkeiten und ein kollegiales Team. Bewirb Dich jetzt und werde Teil unseres innovativen IT-Teams!","robots":{"index":"index","follow":"follow","max-snippet":"max-snippet:-1","max-image-preview":"max-image-preview:large","max-video-preview":"max-video-preview:-1"},"canonical":"https:\/\/orquidea.gmbh\/de-de\/jobs-stellenangebote\/netzwerkingenieur-w-m-d\/","og_locale":"de_DE","og_type":"article","og_title":"Netzwerkingenieur (w\/m\/d)","og_description":"Komm zur orquidea GmbH als Netzwerkingenieur (w\/m\/d) und erweitere Deine Karriere in einem dynamischen Umfeld. Wir sind auf der Suche nach talentierten Fachleuten, die unsere fortschrittlichen Netzwerkl\u00f6sungen entwerfen, implementieren und verwalten. Genie\u00dfe flexible Arbeitszeiten, berufliche Entwicklungsm\u00f6glichkeiten und ein kollegiales Team. Bewirb Dich jetzt und werde Teil unseres innovativen IT-Teams!","og_url":"https:\/\/orquidea.gmbh\/de-de\/jobs-stellenangebote\/netzwerkingenieur-w-m-d\/","og_site_name":"orquidea GmbH","article_modified_time":"2025-08-16T12:17:52+00:00","twitter_card":"summary_large_image","twitter_misc":{"Gesch\u00e4tzte Lesezeit":"3\u00a0Minuten"},"schema":{"@context":"https:\/\/schema.org","@graph":[{"@type":"WebPage","@id":"https:\/\/orquidea.gmbh\/de-de\/jobs-stellenangebote\/netzwerkingenieur-w-m-d\/","url":"https:\/\/orquidea.gmbh\/de-de\/jobs-stellenangebote\/netzwerkingenieur-w-m-d\/","name":"Netzwerkingenieur (w\/m\/d) - orquidea GmbH","isPartOf":{"@id":"https:\/\/orquidea.gmbh\/de-de\/#website"},"datePublished":"2024-05-05T18:15:31+00:00","dateModified":"2025-08-16T12:17:52+00:00","description":"Komm zur orquidea GmbH als Netzwerkingenieur (w\/m\/d) und erweitere Deine Karriere in einem dynamischen Umfeld. Wir sind auf der Suche nach talentierten Fachleuten, die unsere fortschrittlichen Netzwerkl\u00f6sungen entwerfen, implementieren und verwalten. Genie\u00dfe flexible Arbeitszeiten, berufliche Entwicklungsm\u00f6glichkeiten und ein kollegiales Team. Bewirb Dich jetzt und werde Teil unseres innovativen IT-Teams!","breadcrumb":{"@id":"https:\/\/orquidea.gmbh\/de-de\/jobs-stellenangebote\/netzwerkingenieur-w-m-d\/#breadcrumb"},"inLanguage":"de","potentialAction":[{"@type":"ReadAction","target":["https:\/\/orquidea.gmbh\/de-de\/jobs-stellenangebote\/netzwerkingenieur-w-m-d\/"]}]},{"@type":"BreadcrumbList","@id":"https:\/\/orquidea.gmbh\/de-de\/jobs-stellenangebote\/netzwerkingenieur-w-m-d\/#breadcrumb","itemListElement":[{"@type":"ListItem","position":1,"name":"Home","item":"https:\/\/orquidea.gmbh\/de-de\/willkommen-bei-orquidea\/"},{"@type":"ListItem","position":2,"name":"Jobs &#8211; Stellenangebote","item":"https:\/\/orquidea.gmbh\/de-de\/jobs-stellenangebote\/"},{"@type":"ListItem","position":3,"name":"Netzwerkingenieur (w\/m\/d)"}]},{"@type":"WebSite","@id":"https:\/\/orquidea.gmbh\/de-de\/#website","url":"https:\/\/orquidea.gmbh\/de-de\/","name":"OT- and IT-Security","description":"IT Security und OT Security","publisher":{"@id":"https:\/\/orquidea.gmbh\/de-de\/#organization"},"potentialAction":[{"@type":"SearchAction","target":{"@type":"EntryPoint","urlTemplate":"https:\/\/orquidea.gmbh\/de-de\/?s={search_term_string}"},"query-input":{"@type":"PropertyValueSpecification","valueRequired":true,"valueName":"search_term_string"}}],"inLanguage":"de"},{"@type":"Organization","@id":"https:\/\/orquidea.gmbh\/de-de\/#organization","name":"orquidea GmbH","url":"https:\/\/orquidea.gmbh\/de-de\/","logo":{"@type":"ImageObject","inLanguage":"de","@id":"https:\/\/orquidea.gmbh\/de-de\/#\/schema\/logo\/image\/","url":"https:\/\/orquidea.gmbh\/wp-content\/uploads\/2023\/07\/orquidea_logo_color.png","contentUrl":"https:\/\/orquidea.gmbh\/wp-content\/uploads\/2023\/07\/orquidea_logo_color.png","width":1623,"height":518,"caption":"orquidea GmbH"},"image":{"@id":"https:\/\/orquidea.gmbh\/de-de\/#\/schema\/logo\/image\/"}}]}},"_links":{"self":[{"href":"https:\/\/orquidea.gmbh\/de-de\/wp-json\/wp\/v2\/pages\/2392","targetHints":{"allow":["GET"]}}],"collection":[{"href":"https:\/\/orquidea.gmbh\/de-de\/wp-json\/wp\/v2\/pages"}],"about":[{"href":"https:\/\/orquidea.gmbh\/de-de\/wp-json\/wp\/v2\/types\/page"}],"author":[{"embeddable":true,"href":"https:\/\/orquidea.gmbh\/de-de\/wp-json\/wp\/v2\/users\/1"}],"replies":[{"embeddable":true,"href":"https:\/\/orquidea.gmbh\/de-de\/wp-json\/wp\/v2\/comments?post=2392"}],"version-history":[{"count":88,"href":"https:\/\/orquidea.gmbh\/de-de\/wp-json\/wp\/v2\/pages\/2392\/revisions"}],"predecessor-version":[{"id":3171,"href":"https:\/\/orquidea.gmbh\/de-de\/wp-json\/wp\/v2\/pages\/2392\/revisions\/3171"}],"up":[{"embeddable":true,"href":"https:\/\/orquidea.gmbh\/de-de\/wp-json\/wp\/v2\/pages\/2385"}],"wp:attachment":[{"href":"https:\/\/orquidea.gmbh\/de-de\/wp-json\/wp\/v2\/media?parent=2392"}],"curies":[{"name":"wp","href":"https:\/\/api.w.org\/{rel}","templated":true}]}}