{"id":2324,"date":"2024-01-06T14:54:30","date_gmt":"2024-01-06T13:54:30","guid":{"rendered":"https:\/\/orquidea.gmbh\/it-outsourcing\/"},"modified":"2025-08-16T14:12:14","modified_gmt":"2025-08-16T12:12:14","slug":"it-outsourcing","status":"publish","type":"page","link":"https:\/\/orquidea.gmbh\/de-de\/it-outsourcing\/","title":{"rendered":"IT-Outsourcing"},"content":{"rendered":"<section class=\"l-section wpb_row us_custom_6df4bc3a has_text_color height_medium\"><div class=\"l-section-overlay\" style=\"background:#8dbe22\"><\/div><div class=\"l-section-h i-cf\"><div class=\"g-cols vc_row via_flex valign_top type_default stacking_default\"><div class=\"vc_col-sm-12 wpb_column vc_column_container\"><div class=\"vc_column-inner\"><div class=\"wpb_wrapper\"><div class=\"wpb_text_column\"><div class=\"wpb_wrapper\"><h1 style=\"text-align: center;\">IT-Outsourcing<\/h1>\n<\/div><\/div><div class=\"wpb_text_column\"><div class=\"wpb_wrapper\"><h3 style=\"text-align: center;\">orquidea GmbH &#8211; Ihr Outsourcing-Partner<\/h3>\n<\/div><\/div><\/div><\/div><\/div><\/div><\/div><\/section><section class=\"l-section wpb_row height_medium\"><div class=\"l-section-overlay\" style=\"background:#f5f5f5\"><\/div><div class=\"l-section-h i-cf\"><div class=\"g-cols vc_row via_flex valign_top type_default stacking_default\"><div class=\"vc_col-sm-2 wpb_column vc_column_container\"><div class=\"vc_column-inner\"><div class=\"wpb_wrapper\"><\/div><\/div><\/div><div class=\"vc_col-sm-8 wpb_column vc_column_container\"><div class=\"vc_column-inner\"><div class=\"wpb_wrapper\"><div class=\"wpb_text_column\"><div class=\"wpb_wrapper\"><h5 style=\"text-align: center;\">Willkommen bei orquidea, Ihrem zuverl\u00e4ssigen Partner f\u00fcr Outsourcing-L\u00f6sungen! In einer Welt, die sich st\u00e4ndig weiterentwickelt, ist es entscheidend, flexibel und agil zu bleiben. Genau hier setzen wir an und bieten Ihnen ma\u00dfgeschneiderte Outsourcing-Optionen, die perfekt auf die Bed\u00fcrfnisse Ihres Unternehmens zugeschnitten sind.<\/h5>\n<h5 style=\"text-align: center;\">Unsere Kunden stehen vor einer Vielzahl von Herausforderungen, sei es die Erweiterung ihrer Teams, die Schaffung dedizierter Ressourcen oder das Outsourcing ganzer Projekte.<\/h5>\n<\/div><\/div><\/div><\/div><\/div><div class=\"vc_col-sm-2 wpb_column vc_column_container\"><div class=\"vc_column-inner\"><div class=\"wpb_wrapper\"><\/div><\/div><\/div><\/div><\/div><\/section><section class=\"l-section wpb_row us_custom_fdf37bbd height_auto width_full\"><div class=\"l-section-h i-cf\"><div class=\"g-cols vc_row via_flex valign_middle type_default stacking_default\"><div class=\"vc_col-sm-12 wpb_column vc_column_container\"><div class=\"vc_column-inner\"><div class=\"wpb_wrapper\"><\/div><\/div><\/div><\/div><\/div><\/section><section class=\"l-section wpb_row height_medium\"><div class=\"l-section-h i-cf\"><div class=\"g-cols vc_row via_flex valign_top type_default stacking_default\"><div class=\"vc_col-sm-12 wpb_column vc_column_container\"><div class=\"vc_column-inner\"><div class=\"wpb_wrapper\"><div class=\"g-cols wpb_row us_custom_86196c5a via_flex valign_top type_default stacking_default\"><div class=\"vc_col-sm-2 wpb_column vc_column_container\"><div class=\"vc_column-inner\"><div class=\"wpb_wrapper\"><\/div><\/div><\/div><div class=\"vc_col-sm-10 wpb_column vc_column_container\"><div class=\"vc_column-inner\"><div class=\"wpb_wrapper\"><div class=\"wpb_text_column\"><div class=\"wpb_wrapper\"><h2>Sie haben die Wahl<\/h2>\n<p>Wir bei orquidea wissen, dass es nicht eine L\u00f6sung f\u00fcr alle Anforderungen gibt. Deshalb bieten wir Ihnen drei Optionen:<\/p>\n<\/div><\/div><\/div><\/div><\/div><\/div><div class=\"g-cols wpb_row via_flex valign_top type_default stacking_default\"><div class=\"vc_col-sm-2 wpb_column vc_column_container\"><div class=\"vc_column-inner\"><div class=\"wpb_wrapper\"><\/div><\/div><\/div><div class=\"vc_col-sm-10 wpb_column vc_column_container\"><div class=\"vc_column-inner\"><div class=\"wpb_wrapper\"><\/div><\/div><\/div><\/div><div class=\"g-cols wpb_row us_custom_d734b9cf via_flex valign_top type_default stacking_default\"><div class=\"vc_col-sm-2 wpb_column vc_column_container\"><div class=\"vc_column-inner\"><div class=\"wpb_wrapper\"><div class=\"w-iconbox iconpos_top style_default color_custom align_center no_text no_title\"><div class=\"w-iconbox-icon\" style=\"font-size:4rem;--icon-color:#a100ff;\"><i class=\"fas fa-user-check\"><\/i><\/div><div class=\"w-iconbox-meta\"><\/div><\/div><\/div><\/div><\/div><div class=\"vc_col-sm-10 wpb_column vc_column_container\"><div class=\"vc_column-inner\"><div class=\"wpb_wrapper\"><div class=\"wpb_text_column\"><div class=\"wpb_wrapper\"><h3>Verst\u00e4rkung f\u00fcr Ihre Teams<\/h3>\n<p>Braucht Ihr Team zus\u00e4tzliches Fachwissen, um Ihre Projektziele zu erreichen? Wir bieten Ihnen hochqualifizierte Spezialisten, die sich nahtlos in Ihr bestehendes Team integrieren lassen. Auf diese Weise erhalten Sie die ben\u00f6tigte Verst\u00e4rkung, ohne dass die Kosten f\u00fcr langwierige Einstellungsverfahren anfallen.<\/p>\n<\/div><\/div><\/div><\/div><\/div><\/div><div class=\"g-cols wpb_row us_custom_d734b9cf via_flex valign_top type_default stacking_default\"><div class=\"vc_col-sm-2 wpb_column vc_column_container\"><div class=\"vc_column-inner\"><div class=\"wpb_wrapper\"><div class=\"w-iconbox iconpos_top style_default color_custom align_center no_text no_title\"><div class=\"w-iconbox-icon\" style=\"font-size:4rem;--icon-color:#0098ff;\"><i class=\"fas fa-users\"><\/i><\/div><div class=\"w-iconbox-meta\"><\/div><\/div><\/div><\/div><\/div><div class=\"vc_col-sm-10 wpb_column vc_column_container\"><div class=\"vc_column-inner\"><div class=\"wpb_wrapper\"><div class=\"wpb_text_column\"><div class=\"wpb_wrapper\"><h3>Dedizierte Teams<\/h3>\n<p>Unternehmen, die eine langfristige Partnerschaft anstreben, bieten wir die M\u00f6glichkeit, dedizierte Teams aufzubauen. Diese hoch spezialisierten Teams arbeiten exklusiv f\u00fcr Sie, entwickeln ein tiefes Verst\u00e4ndnis f\u00fcr Ihre Ziele und tragen entscheidend zum Erfolg Ihrer Projekte bei.<\/p>\n<\/div><\/div><\/div><\/div><\/div><\/div><div class=\"g-cols wpb_row us_custom_d734b9cf via_flex valign_top type_default stacking_default\"><div class=\"vc_col-sm-2 wpb_column vc_column_container\"><div class=\"vc_column-inner\"><div class=\"wpb_wrapper\"><div class=\"w-iconbox iconpos_top style_default color_custom align_center no_text no_title\"><div class=\"w-iconbox-icon\" style=\"font-size:4rem;--icon-color:#ff007a;\"><i class=\"fas fa-check\"><\/i><\/div><div class=\"w-iconbox-meta\"><\/div><\/div><\/div><\/div><\/div><div class=\"vc_col-sm-10 wpb_column vc_column_container\"><div class=\"vc_column-inner\"><div class=\"wpb_wrapper\"><div class=\"wpb_text_column\"><div class=\"wpb_wrapper\"><h3>Outsourcing<\/h3>\n<p>M\u00f6chten Sie sich auf Ihr Kerngesch\u00e4ft konzentrieren, ohne sich um die Details der Projektdurchf\u00fchrung k\u00fcmmern zu m\u00fcssen? \u00dcberlassen Sie uns die Verantwortung! Wir managen und implementieren Ihr Projekt von Anfang bis Ende, damit Sie sich auf das konzentrieren k\u00f6nnen, was Sie am besten k\u00f6nnen.<\/p>\n<\/div><\/div><\/div><\/div><\/div><\/div><\/div><\/div><\/div><\/div><\/div><\/section><section class=\"l-section wpb_row height_large color_secondary with_img parallax_fixed\"><div class=\"l-section-img\" role=\"img\" aria-label=\"White and pink orchids\" data-img-width=\"2560\" data-img-height=\"1707\" style=\"background-image: url(https:\/\/orquidea.gmbh\/wp-content\/uploads\/2023\/08\/orchid-on-white-background-scaled.jpeg);\"><\/div><div class=\"l-section-h i-cf\"><div class=\"g-cols vc_row via_flex valign_top type_boxes stacking_default\"><div class=\"vc_col-sm-12 wpb_column vc_column_container\"><div class=\"vc_column-inner\"><div class=\"wpb_wrapper\"><\/div><\/div><\/div><\/div><\/div><\/section><section class=\"l-section wpb_row height_medium width_full color_primary\"><div class=\"l-section-h i-cf\"><div class=\"g-cols vc_row via_flex valign_top type_default stacking_default\"><div class=\"vc_col-sm-12 wpb_column vc_column_container\"><div class=\"vc_column-inner\"><div class=\"wpb_wrapper\"><div class=\"w-iconbox us_custom_b6e97667 custom-flex align-center has_text_color iconpos_top style_default color_custom align_center no_text\"><div class=\"w-iconbox-icon\" style=\"font-size:4rem;--icon-color:#ffffff;\"><i class=\"fas fa-chart-line\"><\/i><\/div><div class=\"w-iconbox-meta\"><h2 class=\"w-iconbox-title\" style=\"font-size:54px;\">Ihre Vorteile<\/h2><\/div><\/div><\/div><\/div><\/div><\/div><\/div><\/section><section class=\"l-section wpb_row height_medium\"><div class=\"l-section-h i-cf\"><div class=\"g-cols vc_row via_flex valign_top type_default stacking_default\"><div class=\"vc_col-sm-6 wpb_column vc_column_container\"><div class=\"vc_column-inner us_custom_7e20fa79 us_animate_this\"><div class=\"wpb_wrapper\"><div class=\"wpb_text_column\"><div class=\"wpb_wrapper\"><h3>Niedrige Kosten<\/h3>\n<p>Durch Outsourcing mit orquidea k\u00f6nnen Sie erhebliche Kosteneinsparungen erzielen. Indem Sie unsere Ressourcen und unser Fachwissen nutzen, k\u00f6nnen Sie Ihre Betriebskosten minimieren und dennoch hochwertige Ergebnisse erzielen.<\/p>\n<h3>Hohe und kurzfristige Verf\u00fcgbarkeit<\/h3>\n<p>Mit unserem flexiblen Outsourcing-Ansatz stehen Ihnen jederzeit qualifizierte Spezialisten und Teams zur Verf\u00fcgung. Wir reagieren umgehend auf Ihre Anforderungen, sorgen f\u00fcr eine schnelle Skalierung und erm\u00f6glichen Ihnen die Anpassung an ver\u00e4nderte Marktbedingungen.<\/p>\n<\/div><\/div><\/div><\/div><\/div><div class=\"vc_col-sm-6 wpb_column vc_column_container\"><div class=\"vc_column-inner us_custom_47474b22 us_animate_this\"><div class=\"wpb_wrapper\"><div class=\"wpb_text_column\"><div class=\"wpb_wrapper\"><h3>Geringes Risiko und Sicherheit<\/h3>\n<p>Ihre Sicherheit ist unsere oberste Priorit\u00e4t. Dank unserer bew\u00e4hrten Prozesse und hochqualifizierten Teams minimieren wir Risiken und sorgen f\u00fcr einen reibungslosen Projektablauf. Verlassen Sie sich auf unser Know-how, um Ihre Projekte sicher und erfolgreich umzusetzen.<\/p>\n<\/div><\/div><div class=\"wpb_text_column\"><div class=\"wpb_wrapper\"><p>Wir von orquidea wissen, dass jedes Unternehmen einzigartig ist. Deshalb bieten wir ma\u00dfgeschneiderte Outsourcing-L\u00f6sungen f\u00fcr Ihre individuellen Anforderungen. Nutzen Sie unser Know-how und lassen Sie uns gemeinsam den Weg zum Erfolg beschreiten.<\/p>\n<\/div><\/div><\/div><\/div><\/div><\/div><\/div><\/section><section class=\"l-section wpb_row height_medium\"><div class=\"l-section-h i-cf\"><div class=\"g-cols vc_row via_flex valign_top type_default stacking_default\"><div class=\"vc_col-sm-2 wpb_column vc_column_container\"><div class=\"vc_column-inner\"><div class=\"wpb_wrapper\"><\/div><\/div><\/div><div class=\"vc_col-sm-8 wpb_column vc_column_container\"><div class=\"vc_column-inner\"><div class=\"wpb_wrapper\"><div class=\"w-actionbox color_primary controls_bottom\"><div class=\"w-actionbox-text\"><h2 class=\"w-actionbox-title\">Erfahren Sie mehr \u00fcber Outsourcing<\/h2><div class=\"w-actionbox-description\"><p>Kontaktieren Sie uns noch heute, um mehr dar\u00fcber zu erfahren, wie orquidea Ihr Unternehmen mit ma\u00dfgeschneiderten Outsourcing-L\u00f6sungen st\u00e4rken kann.<\/p>\n<\/div><\/div><div class=\"w-actionbox-controls\"><a class=\"w-btn us-btn-style_6 icon_atleft\" href=\"#cta\"><i class=\"fas fa-long-arrow-right\"><\/i><span class=\"w-btn-label\">Kontakt<\/span><\/a><\/div><\/div><\/div><\/div><\/div><div class=\"vc_col-sm-2 wpb_column vc_column_container\"><div class=\"vc_column-inner\"><div class=\"wpb_wrapper\"><\/div><\/div><\/div><\/div><\/div><\/section><section class=\"l-section wpb_row height_medium width_full\"><div class=\"l-section-overlay\" style=\"background:#a100ff\"><\/div><div class=\"l-section-h i-cf\"><div class=\"g-cols vc_row via_flex valign_top type_default stacking_default\"><div class=\"vc_col-sm-12 wpb_column vc_column_container\"><div class=\"vc_column-inner\"><div class=\"wpb_wrapper\"><div class=\"w-iconbox us_custom_b6e97667 custom-flex align-center has_text_color iconpos_top style_default color_custom align_center no_text\"><div class=\"w-iconbox-icon\" style=\"font-size:4rem;--icon-color:#ffffff;\"><i class=\"fas fa-user-friends\"><\/i><\/div><div class=\"w-iconbox-meta\"><h2 class=\"w-iconbox-title\" style=\"font-size:54px;\">Wie wir arbeiten<\/h2><\/div><\/div><\/div><\/div><\/div><\/div><\/div><\/section><section class=\"l-section wpb_row height_medium\"><div class=\"l-section-h i-cf\"><div class=\"g-cols vc_row via_flex valign_top type_default stacking_default\"><div class=\"vc_col-sm-6 wpb_column vc_column_container\"><div class=\"vc_column-inner us_custom_7e20fa79 us_animate_this\"><div class=\"wpb_wrapper\"><div class=\"wpb_text_column\"><div class=\"wpb_wrapper\"><h3>Unser mitarbeiterorientierter Ansatz<\/h3>\n<p>Das Herzst\u00fcck unseres Erfolgs ist unser engagiertes Team von Fachleuten. Wir sind der festen \u00dcberzeugung, dass unsere Mitarbeiter unser gr\u00f6\u00dftes Kapital sind. Ihr Fachwissen, ihr Engagement und ihre Leidenschaft sind die Grundlage daf\u00fcr, dass wir erstklassige IT-L\u00f6sungen anbieten k\u00f6nnen. Wir f\u00f6rdern ein kollaboratives Arbeitsumfeld, das den Austausch von Wissen, Feedbackschleifen und kontinuierliche Verbesserungen beg\u00fcnstigt. Indem wir die Entwicklung und das Wohlergehen unserer Mitarbeiter in den Vordergrund stellen, sorgen wir daf\u00fcr, dass sie motiviert bleiben und sich an unseren Werten orientieren.<\/p>\n<h3>Strategisches Recruiting f\u00fcr Talente<\/h3>\n<p>Unser Rekrutierungsprozess ist akribisch und zielgerichtet. Wir suchen aktiv nach talentierten Mitarbeitern, die unsere Leidenschaft f\u00fcr Technologie und unsere Grundwerte teilen. Ob es sich um Infrastrukturmanagement oder technische Unterst\u00fctzung handelt, wir suchen Fachleute, die zum Erfolg unserer Kunden beitragen k\u00f6nnen. Durch die Zusammenstellung eines vielseitigen und kompetenten Teams legen wir den Grundstein f\u00fcr ein effektives IT-Outsourcing.<\/p>\n<h3>Zugang zu einem breiteren Talentpool<\/h3>\n<p>In Regionen mit begrenzten lokalen Arbeitsm\u00e4rkten kann es schwierig sein, hochqualifizierte Fachkr\u00e4fte zu finden. Outsourcing \u00f6ffnet die T\u00fcren zu einem viel breiteren Talentpool. Wir w\u00e4hlen die besten Experten aus, um sicherzustellen, dass unsere Kunden von vielf\u00e4ltigen F\u00e4higkeiten und innovativem Denken profitieren. Unser Modell der erweiterten Teams erm\u00f6glicht es uns, dieses reichhaltige Talente-\u00d6kosystem zu nutzen.<\/p>\n<h3>Zeitoptimierung und Schwerpunktsetzung<\/h3>\n<p>Durch die Auslagerung unwesentlicher Funktionen gewinnen unsere Kunden wertvolle Zeit. Indem sie uns mit peripheren Aufgaben betrauen, k\u00f6nnen sie interne Ressourcen f\u00fcr ihre Kernt\u00e4tigkeit einsetzen. Ob System- und Netzwerkadministration, Beratung oder technischer Support, unsere Kunden k\u00f6nnen sich auf strategische Initiativen konzentrieren, w\u00e4hrend wir die operativen Aspekte effizient erledigen.<\/p>\n<\/div><\/div><\/div><\/div><\/div><div class=\"vc_col-sm-6 wpb_column vc_column_container\"><div class=\"vc_column-inner us_custom_47474b22 us_animate_this\"><div class=\"wpb_wrapper\"><div class=\"wpb_text_column\"><div class=\"wpb_wrapper\"><h3>Kosteneffiziente L\u00f6sungen<\/h3>\n<p>Unser Engagement f\u00fcr Kosteneffizienz liegt in unserer F\u00e4higkeit, Ressourcen zu optimieren und einen au\u00dfergew\u00f6hnlichen Wert zu liefern. Durch den Einsatz unserer qualifizierten Arbeitskr\u00e4fte stellen wir sicher, dass jedes Projekt effizient durchgef\u00fchrt wird. So erreichen wir Kosteneffizienz:<\/p>\n<p>Unsere rationalisierten Prozesse optimieren die Effizienz, was sich direkt in Kosteneinsparungen f\u00fcr unsere Kunden niederschl\u00e4gt. Unsere Fachleute sind auf verschiedene Bereiche spezialisiert &#8211; sei es Systemadministration oder Cybersicherheit. Indem wir uns auf unsere Kernkompetenzen konzentrieren, vermeiden wir unn\u00f6tigen Overhead und liefern hochwertige Ergebnisse. Die Kunden profitieren von gezielten L\u00f6sungen. Pers\u00f6nliche Interaktionen, Vor-Ort- oder Fernsupport und schnelle Probleml\u00f6sungen steigern die Effizienz. Unsere Teams sorgen daf\u00fcr, dass die Kunden schnell und unb\u00fcrokratisch betreut werden. Zusammenfassend l\u00e4sst sich sagen, dass unsere Kosteneffizienz auf der Nutzung von Talenten, der Optimierung von Prozessen und der Pflege enger Kundenbeziehungen beruht. Wir liefern hervorragende IT-Outsourcing-Dienstleistungen und maximieren gleichzeitig die Kosteneffizienz f\u00fcr unsere gesch\u00e4tzten Kunden.<\/p>\n<h3>Sicherheit und Compliance<\/h3>\n<p>Wir wissen um die Bedeutung von Datensicherheit und Compliance. Bei der Informationssicherheit gehen wir keine Kompromisse ein. Unsere soliden Verfahren gew\u00e4hrleisten, dass die Sicherheit des geistigen Eigentums und der Software an erster Stelle steht. Durch die Wahrung von Transparenz und die Einhaltung von Branchenstandards schaffen wir Vertrauen bei unseren Kunden.<\/p>\n<\/div><\/div><\/div><\/div><\/div><\/div><\/div><\/section><section class=\"l-section wpb_row height_medium color_secondary with_img parallax_fixed\"><div class=\"l-section-img\" role=\"img\" aria-label=\"close-up view of white orchids on a white background\" data-img-width=\"2560\" data-img-height=\"1707\" style=\"background-image: url(https:\/\/orquidea.gmbh\/wp-content\/uploads\/2023\/08\/orchid10-scaled.jpeg);\"><\/div><div class=\"l-section-h i-cf\"><div class=\"g-cols vc_row via_flex valign_top type_boxes stacking_default\"><div class=\"vc_col-sm-12 wpb_column vc_column_container\"><div class=\"vc_column-inner\"><div class=\"wpb_wrapper\"><\/div><\/div><\/div><\/div><\/div><\/section><section class=\"l-section wpb_row height_medium\"><div class=\"l-section-overlay\" style=\"background:#f5f5f5\"><\/div><div class=\"l-section-h i-cf\"><div class=\"g-cols vc_row via_flex valign_top type_default stacking_default\"><div class=\"vc_col-sm-12 wpb_column vc_column_container\"><div class=\"vc_column-inner\"><div class=\"wpb_wrapper\"><div class=\"wpb_text_column\"><div class=\"wpb_wrapper\"><h2 style=\"text-align: center;\">Erschlie\u00dfen Sie Effizienz und Innovation mit unseren ma\u00dfgeschneiderten IT-Outsourcing-Dienstleistungen. Lassen Sie uns gemeinsam Ihr Unternehmen voranbringen!<\/h2>\n<\/div><\/div><\/div><\/div><\/div><\/div><\/div><\/section>\n","protected":false},"excerpt":{"rendered":"IT-Outsourcing orquidea GmbH &#8211; Ihr Outsourcing-Partner Willkommen bei orquidea, Ihrem zuverl\u00e4ssigen Partner f\u00fcr Outsourcing-L\u00f6sungen! In einer Welt, die sich st\u00e4ndig weiterentwickelt, ist es entscheidend, flexibel und agil zu bleiben. Genau hier setzen wir an und bieten Ihnen ma\u00dfgeschneiderte Outsourcing-Optionen, die perfekt auf die Bed\u00fcrfnisse Ihres Unternehmens zugeschnitten sind. Unsere Kunden stehen vor einer Vielzahl von...","protected":false},"author":1,"featured_media":0,"parent":0,"menu_order":0,"comment_status":"closed","ping_status":"closed","template":"","meta":{"footnotes":""},"class_list":["post-2324","page","type-page","status-publish","hentry"],"yoast_head":"<!-- This site is optimized with the Yoast SEO Premium plugin v25.8 (Yoast SEO v27.3) - https:\/\/yoast.com\/product\/yoast-seo-premium-wordpress\/ -->\n<title>Outsourcing: Wie man Fachwissen nutzen kann<\/title>\n<meta name=\"description\" content=\"Mit Verst\u00e4rkung f\u00fcr Ihre Teams, dedizierten Teams &amp; Outsourcing von orquidea erhalten Sie zus\u00e4tzliches Personal ohne Herausforderungen bei der Personalbeschaffung. Erfolgreiches Outsourcing!\" \/>\n<meta name=\"robots\" content=\"index, follow, max-snippet:-1, max-image-preview:large, max-video-preview:-1\" \/>\n<link rel=\"canonical\" href=\"https:\/\/orquidea.gmbh\/de-de\/it-outsourcing\/\" \/>\n<meta property=\"og:locale\" content=\"de_DE\" \/>\n<meta property=\"og:type\" content=\"article\" \/>\n<meta property=\"og:title\" content=\"IT-Outsourcing\" \/>\n<meta property=\"og:description\" content=\"Mit Verst\u00e4rkung f\u00fcr Ihre Teams, dedizierten Teams &amp; Outsourcing von orquidea erhalten Sie zus\u00e4tzliches Personal ohne Herausforderungen bei der Personalbeschaffung. Erfolgreiches Outsourcing!\" \/>\n<meta property=\"og:url\" content=\"https:\/\/orquidea.gmbh\/de-de\/it-outsourcing\/\" \/>\n<meta property=\"og:site_name\" content=\"orquidea GmbH\" \/>\n<meta property=\"article:modified_time\" content=\"2025-08-16T12:12:14+00:00\" \/>\n<meta name=\"twitter:card\" content=\"summary_large_image\" \/>\n<meta name=\"twitter:label1\" content=\"Gesch\u00e4tzte Lesezeit\" \/>\n\t<meta name=\"twitter:data1\" content=\"5\u00a0Minuten\" \/>\n<script type=\"application\/ld+json\" class=\"yoast-schema-graph\">{\"@context\":\"https:\\\/\\\/schema.org\",\"@graph\":[{\"@type\":\"WebPage\",\"@id\":\"https:\\\/\\\/orquidea.gmbh\\\/de-de\\\/it-outsourcing\\\/\",\"url\":\"https:\\\/\\\/orquidea.gmbh\\\/de-de\\\/it-outsourcing\\\/\",\"name\":\"Outsourcing: Wie man Fachwissen nutzen kann\",\"isPartOf\":{\"@id\":\"https:\\\/\\\/orquidea.gmbh\\\/de-de\\\/#website\"},\"datePublished\":\"2024-01-06T13:54:30+00:00\",\"dateModified\":\"2025-08-16T12:12:14+00:00\",\"description\":\"Mit Verst\u00e4rkung f\u00fcr Ihre Teams, dedizierten Teams & Outsourcing von orquidea erhalten Sie zus\u00e4tzliches Personal ohne Herausforderungen bei der Personalbeschaffung. Erfolgreiches Outsourcing!\",\"breadcrumb\":{\"@id\":\"https:\\\/\\\/orquidea.gmbh\\\/de-de\\\/it-outsourcing\\\/#breadcrumb\"},\"inLanguage\":\"de\",\"potentialAction\":[{\"@type\":\"ReadAction\",\"target\":[\"https:\\\/\\\/orquidea.gmbh\\\/de-de\\\/it-outsourcing\\\/\"]}]},{\"@type\":\"BreadcrumbList\",\"@id\":\"https:\\\/\\\/orquidea.gmbh\\\/de-de\\\/it-outsourcing\\\/#breadcrumb\",\"itemListElement\":[{\"@type\":\"ListItem\",\"position\":1,\"name\":\"Home\",\"item\":\"https:\\\/\\\/orquidea.gmbh\\\/de-de\\\/willkommen-bei-orquidea\\\/\"},{\"@type\":\"ListItem\",\"position\":2,\"name\":\"IT-Outsourcing\"}]},{\"@type\":\"WebSite\",\"@id\":\"https:\\\/\\\/orquidea.gmbh\\\/de-de\\\/#website\",\"url\":\"https:\\\/\\\/orquidea.gmbh\\\/de-de\\\/\",\"name\":\"OT- and IT-Security\",\"description\":\"IT Security und OT Security\",\"publisher\":{\"@id\":\"https:\\\/\\\/orquidea.gmbh\\\/de-de\\\/#organization\"},\"potentialAction\":[{\"@type\":\"SearchAction\",\"target\":{\"@type\":\"EntryPoint\",\"urlTemplate\":\"https:\\\/\\\/orquidea.gmbh\\\/de-de\\\/?s={search_term_string}\"},\"query-input\":{\"@type\":\"PropertyValueSpecification\",\"valueRequired\":true,\"valueName\":\"search_term_string\"}}],\"inLanguage\":\"de\"},{\"@type\":\"Organization\",\"@id\":\"https:\\\/\\\/orquidea.gmbh\\\/de-de\\\/#organization\",\"name\":\"orquidea GmbH\",\"url\":\"https:\\\/\\\/orquidea.gmbh\\\/de-de\\\/\",\"logo\":{\"@type\":\"ImageObject\",\"inLanguage\":\"de\",\"@id\":\"https:\\\/\\\/orquidea.gmbh\\\/de-de\\\/#\\\/schema\\\/logo\\\/image\\\/\",\"url\":\"https:\\\/\\\/orquidea.gmbh\\\/wp-content\\\/uploads\\\/2023\\\/07\\\/orquidea_logo_color.png\",\"contentUrl\":\"https:\\\/\\\/orquidea.gmbh\\\/wp-content\\\/uploads\\\/2023\\\/07\\\/orquidea_logo_color.png\",\"width\":1623,\"height\":518,\"caption\":\"orquidea GmbH\"},\"image\":{\"@id\":\"https:\\\/\\\/orquidea.gmbh\\\/de-de\\\/#\\\/schema\\\/logo\\\/image\\\/\"}}]}<\/script>\n<!-- \/ Yoast SEO Premium plugin. -->","yoast_head_json":{"title":"Outsourcing: Wie man Fachwissen nutzen kann","description":"Mit Verst\u00e4rkung f\u00fcr Ihre Teams, dedizierten Teams & Outsourcing von orquidea erhalten Sie zus\u00e4tzliches Personal ohne Herausforderungen bei der Personalbeschaffung. Erfolgreiches Outsourcing!","robots":{"index":"index","follow":"follow","max-snippet":"max-snippet:-1","max-image-preview":"max-image-preview:large","max-video-preview":"max-video-preview:-1"},"canonical":"https:\/\/orquidea.gmbh\/de-de\/it-outsourcing\/","og_locale":"de_DE","og_type":"article","og_title":"IT-Outsourcing","og_description":"Mit Verst\u00e4rkung f\u00fcr Ihre Teams, dedizierten Teams & Outsourcing von orquidea erhalten Sie zus\u00e4tzliches Personal ohne Herausforderungen bei der Personalbeschaffung. Erfolgreiches Outsourcing!","og_url":"https:\/\/orquidea.gmbh\/de-de\/it-outsourcing\/","og_site_name":"orquidea GmbH","article_modified_time":"2025-08-16T12:12:14+00:00","twitter_card":"summary_large_image","twitter_misc":{"Gesch\u00e4tzte Lesezeit":"5\u00a0Minuten"},"schema":{"@context":"https:\/\/schema.org","@graph":[{"@type":"WebPage","@id":"https:\/\/orquidea.gmbh\/de-de\/it-outsourcing\/","url":"https:\/\/orquidea.gmbh\/de-de\/it-outsourcing\/","name":"Outsourcing: Wie man Fachwissen nutzen kann","isPartOf":{"@id":"https:\/\/orquidea.gmbh\/de-de\/#website"},"datePublished":"2024-01-06T13:54:30+00:00","dateModified":"2025-08-16T12:12:14+00:00","description":"Mit Verst\u00e4rkung f\u00fcr Ihre Teams, dedizierten Teams & Outsourcing von orquidea erhalten Sie zus\u00e4tzliches Personal ohne Herausforderungen bei der Personalbeschaffung. Erfolgreiches Outsourcing!","breadcrumb":{"@id":"https:\/\/orquidea.gmbh\/de-de\/it-outsourcing\/#breadcrumb"},"inLanguage":"de","potentialAction":[{"@type":"ReadAction","target":["https:\/\/orquidea.gmbh\/de-de\/it-outsourcing\/"]}]},{"@type":"BreadcrumbList","@id":"https:\/\/orquidea.gmbh\/de-de\/it-outsourcing\/#breadcrumb","itemListElement":[{"@type":"ListItem","position":1,"name":"Home","item":"https:\/\/orquidea.gmbh\/de-de\/willkommen-bei-orquidea\/"},{"@type":"ListItem","position":2,"name":"IT-Outsourcing"}]},{"@type":"WebSite","@id":"https:\/\/orquidea.gmbh\/de-de\/#website","url":"https:\/\/orquidea.gmbh\/de-de\/","name":"OT- and IT-Security","description":"IT Security und OT Security","publisher":{"@id":"https:\/\/orquidea.gmbh\/de-de\/#organization"},"potentialAction":[{"@type":"SearchAction","target":{"@type":"EntryPoint","urlTemplate":"https:\/\/orquidea.gmbh\/de-de\/?s={search_term_string}"},"query-input":{"@type":"PropertyValueSpecification","valueRequired":true,"valueName":"search_term_string"}}],"inLanguage":"de"},{"@type":"Organization","@id":"https:\/\/orquidea.gmbh\/de-de\/#organization","name":"orquidea GmbH","url":"https:\/\/orquidea.gmbh\/de-de\/","logo":{"@type":"ImageObject","inLanguage":"de","@id":"https:\/\/orquidea.gmbh\/de-de\/#\/schema\/logo\/image\/","url":"https:\/\/orquidea.gmbh\/wp-content\/uploads\/2023\/07\/orquidea_logo_color.png","contentUrl":"https:\/\/orquidea.gmbh\/wp-content\/uploads\/2023\/07\/orquidea_logo_color.png","width":1623,"height":518,"caption":"orquidea GmbH"},"image":{"@id":"https:\/\/orquidea.gmbh\/de-de\/#\/schema\/logo\/image\/"}}]}},"_links":{"self":[{"href":"https:\/\/orquidea.gmbh\/de-de\/wp-json\/wp\/v2\/pages\/2324","targetHints":{"allow":["GET"]}}],"collection":[{"href":"https:\/\/orquidea.gmbh\/de-de\/wp-json\/wp\/v2\/pages"}],"about":[{"href":"https:\/\/orquidea.gmbh\/de-de\/wp-json\/wp\/v2\/types\/page"}],"author":[{"embeddable":true,"href":"https:\/\/orquidea.gmbh\/de-de\/wp-json\/wp\/v2\/users\/1"}],"replies":[{"embeddable":true,"href":"https:\/\/orquidea.gmbh\/de-de\/wp-json\/wp\/v2\/comments?post=2324"}],"version-history":[{"count":18,"href":"https:\/\/orquidea.gmbh\/de-de\/wp-json\/wp\/v2\/pages\/2324\/revisions"}],"predecessor-version":[{"id":3167,"href":"https:\/\/orquidea.gmbh\/de-de\/wp-json\/wp\/v2\/pages\/2324\/revisions\/3167"}],"wp:attachment":[{"href":"https:\/\/orquidea.gmbh\/de-de\/wp-json\/wp\/v2\/media?parent=2324"}],"curies":[{"name":"wp","href":"https:\/\/api.w.org\/{rel}","templated":true}]}}