{"id":2200,"date":"2023-12-28T20:05:41","date_gmt":"2023-12-28T19:05:41","guid":{"rendered":"https:\/\/orquidea.gmbh\/jobs-arbeiten-bei-orquidea\/"},"modified":"2025-08-16T14:32:43","modified_gmt":"2025-08-16T12:32:43","slug":"jobs-arbeiten-bei-orquidea","status":"publish","type":"page","link":"https:\/\/orquidea.gmbh\/de-de\/jobs-arbeiten-bei-orquidea\/","title":{"rendered":"Jobs &#8211; Arbeiten bei orquidea"},"content":{"rendered":"<section class=\"l-section wpb_row us_custom_6df4bc3a has_text_color height_medium\"><div class=\"l-section-overlay\" style=\"background:#0098ff\"><\/div><div class=\"l-section-h i-cf\"><div class=\"g-cols vc_row via_flex valign_top type_default stacking_default\"><div class=\"vc_col-sm-12 wpb_column vc_column_container\"><div class=\"vc_column-inner\"><div class=\"wpb_wrapper\"><div class=\"wpb_text_column\"><div class=\"wpb_wrapper\"><h1 style=\"text-align: center;\">Arbeiten bei orquidea<\/h1>\n<h2 style=\"text-align: center;\">weil orquidea mehr zu bieten hat<\/h2>\n<\/div><\/div><\/div><\/div><\/div><\/div><\/div><\/section><section class=\"l-section wpb_row us_custom_fd6e92a8 height_auto width_full\"><div class=\"l-section-h i-cf\"><div class=\"g-cols vc_row via_flex valign_middle type_default stacking_default\"><div class=\"vc_col-sm-12 wpb_column vc_column_container\"><div class=\"vc_column-inner\"><div class=\"wpb_wrapper\"><\/div><\/div><\/div><\/div><\/div><\/section><section class=\"l-section wpb_row height_small\"><div class=\"l-section-h i-cf\"><div class=\"g-cols vc_row via_flex valign_top type_default stacking_default\"><div class=\"vc_col-sm-12 wpb_column vc_column_container\"><div class=\"vc_column-inner\"><div class=\"wpb_wrapper\"><div class=\"wpb_text_column\"><div class=\"wpb_wrapper\"><h2>Wir bieten Karrierem\u00f6glichkeiten f\u00fcr Technikbegeisterte<\/h2>\n<\/div><\/div><\/div><\/div><\/div><\/div><\/div><\/section><section class=\"l-section wpb_row height_auto\"><div class=\"l-section-h i-cf\"><div class=\"g-cols vc_row via_flex valign_top type_default stacking_default\"><div class=\"vc_col-sm-6 wpb_column vc_column_container\"><div class=\"vc_column-inner\"><div class=\"wpb_wrapper\"><div class=\"wpb_text_column\"><div class=\"wpb_wrapper\"><p>Unabh\u00e4ngig von der Work-Life-Balance verbringen wir einen erheblichen Teil unserer Zeit mit beruflichen T\u00e4tigkeiten. Warum also sollten der Spa\u00df und das Wir-Gef\u00fchl nur in der Freizeit eine Rolle spielen? Und warum sollte die Begeisterung f\u00fcr Technologie ausschlie\u00dflich im privaten Bereich ausgelebt werden? orquidea bietet nicht nur &#8222;Standard&#8220; in Bezug auf anspruchsvolle und herausfordernde Projekte, sondern auch in Bezug auf Betriebsklima und Arbeitsumfeld bieten wir weit mehr als das \u00dcbliche!<\/p>\n<p>Bei orquidea arbeiten wir nicht nur in Projekten, sondern gestalten auch Karrieren. F\u00fcr Technologiebegeisterte, die ihre F\u00e4higkeiten weiterentwickeln und in einem dynamischen Umfeld wachsen wollen, ist orquidea der ideale Arbeitsplatz.<\/p>\n<p>Unsere Arbeitskultur ist gepr\u00e4gt von Innovationsgeist, Kreativit\u00e4t und dem Streben nach Exzellenz. Hier sind nicht nur Maschinen auf dem neuesten Stand, sondern auch unsere Mitarbeiter_innen. Wir glauben fest daran, dass die Menschen das Herzst\u00fcck jeder erfolgreichen Technologie sind.<\/p>\n<\/div><\/div><\/div><\/div><\/div><div class=\"vc_col-sm-6 wpb_column vc_column_container\"><div class=\"vc_column-inner\"><div class=\"wpb_wrapper\"><div class=\"wpb_text_column\"><div class=\"wpb_wrapper\"><p>Bei orquidea unterst\u00fctzen wir aktiv die Weiterentwicklung unserer Mitarbeiter_innen. Durch regelm\u00e4\u00dfige Schulungen, Workshops und die M\u00f6glichkeit, an herausfordernden Projekten teilzunehmen, bieten wir ein Umfeld, in dem jeder seine technischen F\u00e4higkeiten maximieren kann. Ob Du bereits Expert_in bist oder am Anfang Deiner Karriere stehst \u2013 bei uns findest Du die Ressourcen und den Raum, um Deine technologischen Ambitionen zu entfalten.<\/p>\n<p>Wir verstehen, dass die Welt der Technologie sich st\u00e4ndig weiterentwickelt. Wir f\u00f6rdern eine Kultur des lebenslangen Lernens und bieten unseren Mitarbeiter_innen die Werkzeuge, um stets am Puls der Zeit zu bleiben. Bei orquidea kannst Du nicht nur Deine beruflichen Ziele erreichen, sondern auch Deine Leidenschaft f\u00fcr Technologie voll und ganz ausleben.<\/p>\n<p>Wenn Du bereit bist, den n\u00e4chsten Schritt in Deiner Karriere zu machen und Teil eines Unternehmens zu werden, das Technologie nicht nur nutzt, sondern sie aktiv gestaltet, dann ist orquidea Dein n\u00e4chster Karriereschritt. Werde Teil unseres Teams und gestalte die Zukunft der Technologie mit uns.<\/p>\n<\/div><\/div><\/div><\/div><\/div><\/div><\/div><\/section><section class=\"l-section wpb_row height_auto\"><div class=\"l-section-h i-cf\"><div class=\"g-cols vc_row via_flex valign_top type_default stacking_default\"><div class=\"vc_col-sm-12 wpb_column vc_column_container\"><div class=\"vc_column-inner\"><div class=\"wpb_wrapper\"><div class=\"w-separator size_small\"><\/div><\/div><\/div><\/div><\/div><\/div><\/section><section class=\"l-section wpb_row height_medium\"><div class=\"l-section-overlay\" style=\"background:#f5f5f5\"><\/div><div class=\"l-section-h i-cf\"><div class=\"g-cols vc_row via_flex valign_top type_default reversed stacking_default\"><div class=\"vc_col-sm-3 wpb_column vc_column_container\"><div class=\"vc_column-inner\"><div class=\"wpb_wrapper\"><div class=\"w-iconbox iconpos_top style_default color_custom align_center no_text no_title\"><div class=\"w-iconbox-icon\" style=\"font-size:5rem;--icon-color:#0098ff;\"><i class=\"fas fa-tasks\"><\/i><\/div><div class=\"w-iconbox-meta\"><\/div><\/div><\/div><\/div><\/div><div class=\"vc_col-sm-9 wpb_column vc_column_container\"><div class=\"vc_column-inner\"><div class=\"wpb_wrapper\"><div class=\"wpb_text_column\"><div class=\"wpb_wrapper\"><h2 style=\"text-align: center;\">Entfalte Dein Potenzial bei uns: Attraktive Benefits f\u00fcr Deine berufliche und pers\u00f6nliche Entwicklung!<\/h2>\n<\/div><\/div><\/div><\/div><\/div><\/div><\/div><\/section><section class=\"l-section wpb_row height_auto width_full\"><div class=\"l-section-h i-cf\"><div class=\"g-cols vc_row via_flex valign_top type_boxes stacking_default\"><div class=\"vc_col-sm-1 wpb_column vc_column_container\"><div class=\"vc_column-inner\"><div class=\"wpb_wrapper\"><div class=\"w-iconbox iconpos_right style_default color_custom align_center no_text no_title\"><div class=\"w-iconbox-meta\"><\/div><div class=\"w-iconbox-icon\" style=\"font-size:5rem;--icon-color:#a100ff;\"><i class=\"fas fa-brain\"><\/i><\/div><\/div><\/div><\/div><\/div><div class=\"vc_col-sm-5 wpb_column vc_column_container\"><div class=\"vc_column-inner\"><div class=\"wpb_wrapper\"><div class=\"wpb_text_column\"><div class=\"wpb_wrapper\"><h3>Mehr Wissen:<\/h3>\n<\/div><\/div><div class=\"wpb_text_column\"><div class=\"wpb_wrapper\"><ul>\n<li>Nutze unser Weiterbildungsbudget f\u00fcr Konferenzen, Schulungen und Zertifizierungen.<\/li>\n<li>Erweitere Deinen Horizont mit Fachb\u00fcchern und Online-Kursen.<\/li>\n<\/ul>\n<\/div><\/div><\/div><\/div><\/div><div class=\"vc_col-sm-1 wpb_column vc_column_container\"><div class=\"vc_column-inner\"><div class=\"wpb_wrapper\"><div class=\"w-iconbox iconpos_right style_default color_custom align_center no_text no_title\"><div class=\"w-iconbox-meta\"><\/div><div class=\"w-iconbox-icon\" style=\"font-size:5rem;--icon-color:#ff007a;\"><i class=\"fas fa-suitcase-rolling\"><\/i><\/div><\/div><\/div><\/div><\/div><div class=\"vc_col-sm-5 wpb_column vc_column_container\"><div class=\"vc_column-inner\"><div class=\"wpb_wrapper\"><div class=\"wpb_text_column\"><div class=\"wpb_wrapper\"><h3>Mehr bei Reisen:<\/h3>\n<\/div><\/div><div class=\"wpb_text_column\"><div class=\"wpb_wrapper\"><ul>\n<li>Wir \u00fcbernehmen alle Reisekosten (nach steuerrechtlichen M\u00f6glichkeiten).<\/li>\n<li>Freie Wahl der Verkehrsmittel.<\/li>\n<\/ul>\n<\/div><\/div><\/div><\/div><\/div><\/div><\/div><\/section><section class=\"l-section wpb_row height_auto width_full\"><div class=\"l-section-h i-cf\"><div class=\"g-cols vc_row via_flex valign_top type_boxes stacking_default\"><div class=\"vc_col-sm-1 wpb_column vc_column_container\"><div class=\"vc_column-inner\"><div class=\"wpb_wrapper\"><div class=\"w-iconbox iconpos_right style_default color_custom align_center no_text no_title\"><div class=\"w-iconbox-meta\"><\/div><div class=\"w-iconbox-icon\" style=\"font-size:5rem;--icon-color:#8dbe22;\"><i class=\"fas fa-money-bill-wave\"><\/i><\/div><\/div><\/div><\/div><\/div><div class=\"vc_col-sm-5 wpb_column vc_column_container\"><div class=\"vc_column-inner\"><div class=\"wpb_wrapper\"><div class=\"wpb_text_column\"><div class=\"wpb_wrapper\"><h2>Mehr Verdienst:<\/h2>\n<\/div><\/div><div class=\"wpb_text_column\"><div class=\"wpb_wrapper\"><ul>\n<li>Besondere Leistungen belohnen wir mit Gutscheinen (nach steuerrechtlichen M\u00f6glichkeiten).<\/li>\n<li>Profitiere von einem Jahresbonus als Erfolgsbeteiligung.<\/li>\n<li>Nutze Dein gesch\u00e4ftliches Mobiltelefon auch privat.<\/li>\n<\/ul>\n<\/div><\/div><\/div><\/div><\/div><div class=\"vc_col-sm-1 wpb_column vc_column_container\"><div class=\"vc_column-inner\"><div class=\"wpb_wrapper\"><div class=\"w-iconbox iconpos_right style_default color_custom align_center no_text no_title\"><div class=\"w-iconbox-meta\"><\/div><div class=\"w-iconbox-icon\" style=\"font-size:5rem;--icon-color:#000ce2;\"><i class=\"fas fa-utensils\"><\/i><\/div><\/div><\/div><\/div><\/div><div class=\"vc_col-sm-5 wpb_column vc_column_container\"><div class=\"vc_column-inner\"><div class=\"wpb_wrapper\"><div class=\"wpb_text_column\"><div class=\"wpb_wrapper\"><h2>Und noch etwas mehr:<\/h2>\n<\/div><\/div><div class=\"wpb_text_column\"><div class=\"wpb_wrapper\"><ul>\n<li>Erlebe unser j\u00e4hrliches Firmenevent.<\/li>\n<li>Genie\u00dfe 30 Tage Urlaub f\u00fcr Deine Work-Life-Balance.<\/li>\n<\/ul>\n<\/div><\/div><\/div><\/div><\/div><\/div><\/div><\/section><section class=\"l-section wpb_row height_medium\"><div class=\"l-section-h i-cf\"><div class=\"g-cols vc_row via_flex valign_top type_default stacking_default\"><div class=\"vc_col-sm-2 wpb_column vc_column_container\"><div class=\"vc_column-inner\"><div class=\"wpb_wrapper\"><\/div><\/div><\/div><div class=\"vc_col-sm-8 wpb_column vc_column_container\"><div class=\"vc_column-inner\"><div class=\"wpb_wrapper\"><div class=\"w-actionbox color_primary controls_right\"><div class=\"w-actionbox-text\"><h2 class=\"w-actionbox-title\">Bewirb Dich jetzt<\/h2><div class=\"w-actionbox-description\"><p>und werde Teil unseres Teams!<\/p>\n<\/div><\/div><div class=\"w-actionbox-controls\"><a class=\"w-btn us-btn-style_6 icon_atleft\" href=\"https:\/\/orquidea.gmbh\/de-de\/jobs-stellenangebote\/\"><i class=\"fas fa-exclamation-triangle\"><\/i><span class=\"w-btn-label\">Jobangebote<\/span><\/a><\/div><\/div><\/div><\/div><\/div><div class=\"vc_col-sm-2 wpb_column vc_column_container\"><div class=\"vc_column-inner\"><div class=\"wpb_wrapper\"><\/div><\/div><\/div><\/div><\/div><\/section><section class=\"l-section wpb_row height_medium\"><div class=\"l-section-overlay\" style=\"background:#f5f5f5\"><\/div><div class=\"l-section-h i-cf\"><div class=\"g-cols vc_row via_flex valign_top type_default reversed stacking_default\"><div class=\"vc_col-sm-12 wpb_column vc_column_container\"><div class=\"vc_column-inner\"><div class=\"wpb_wrapper\"><div class=\"wpb_text_column\"><div class=\"wpb_wrapper\"><h2 style=\"text-align: center;\">Bereichere Dein Berufsleben und werde Teil unseres motivierten Teams \u2013 hier bei orquidea. Deine Zukunft beginnt jetzt!<\/h2>\n<\/div><\/div><\/div><\/div><\/div><\/div><\/div><\/section>\n","protected":false},"excerpt":{"rendered":"Arbeiten bei orquidea weil orquidea mehr zu bieten hat Wir bieten Karrierem\u00f6glichkeiten f\u00fcr Technikbegeisterte Unabh\u00e4ngig von der Work-Life-Balance verbringen wir einen erheblichen Teil unserer Zeit mit beruflichen T\u00e4tigkeiten. Warum also sollten der Spa\u00df und das Wir-Gef\u00fchl nur in der Freizeit eine Rolle spielen? Und warum sollte die Begeisterung f\u00fcr Technologie ausschlie\u00dflich im privaten Bereich ausgelebt...","protected":false},"author":1,"featured_media":0,"parent":0,"menu_order":0,"comment_status":"closed","ping_status":"closed","template":"","meta":{"footnotes":""},"class_list":["post-2200","page","type-page","status-publish","hentry"],"yoast_head":"<!-- This site is optimized with the Yoast SEO Premium plugin v25.8 (Yoast SEO v27.3) - https:\/\/yoast.com\/product\/yoast-seo-premium-wordpress\/ -->\n<title>Eine Welt voller M\u00f6glichkeiten: Entwickeln Sie Ihre Technologiekarriere mit orquidea<\/title>\n<meta name=\"description\" content=\"Begeistert von Technik? Kommen Sie zu orquidea - dem perfekten Ort, um Ihre F\u00e4higkeiten zu entwickeln und Ihre Karriere im Bereich Technologie in einem dynamischen Umfeld zu gestalten!\" \/>\n<meta name=\"robots\" content=\"index, follow, max-snippet:-1, max-image-preview:large, max-video-preview:-1\" \/>\n<link rel=\"canonical\" href=\"https:\/\/orquidea.gmbh\/de-de\/jobs-arbeiten-bei-orquidea\/\" \/>\n<meta property=\"og:locale\" content=\"de_DE\" \/>\n<meta property=\"og:type\" content=\"article\" \/>\n<meta property=\"og:title\" content=\"Jobs - Arbeiten bei orquidea\" \/>\n<meta property=\"og:description\" content=\"Begeistert von Technik? Kommen Sie zu orquidea - dem perfekten Ort, um Ihre F\u00e4higkeiten zu entwickeln und Ihre Karriere im Bereich Technologie in einem dynamischen Umfeld zu gestalten!\" \/>\n<meta property=\"og:url\" content=\"https:\/\/orquidea.gmbh\/de-de\/jobs-arbeiten-bei-orquidea\/\" \/>\n<meta property=\"og:site_name\" content=\"orquidea GmbH\" \/>\n<meta property=\"article:modified_time\" content=\"2025-08-16T12:32:43+00:00\" \/>\n<meta name=\"twitter:card\" content=\"summary_large_image\" \/>\n<meta name=\"twitter:label1\" content=\"Gesch\u00e4tzte Lesezeit\" \/>\n\t<meta name=\"twitter:data1\" content=\"3\u00a0Minuten\" \/>\n<script type=\"application\/ld+json\" class=\"yoast-schema-graph\">{\"@context\":\"https:\\\/\\\/schema.org\",\"@graph\":[{\"@type\":\"WebPage\",\"@id\":\"https:\\\/\\\/orquidea.gmbh\\\/de-de\\\/jobs-arbeiten-bei-orquidea\\\/\",\"url\":\"https:\\\/\\\/orquidea.gmbh\\\/de-de\\\/jobs-arbeiten-bei-orquidea\\\/\",\"name\":\"Eine Welt voller M\u00f6glichkeiten: Entwickeln Sie Ihre Technologiekarriere mit orquidea\",\"isPartOf\":{\"@id\":\"https:\\\/\\\/orquidea.gmbh\\\/de-de\\\/#website\"},\"datePublished\":\"2023-12-28T19:05:41+00:00\",\"dateModified\":\"2025-08-16T12:32:43+00:00\",\"description\":\"Begeistert von Technik? Kommen Sie zu orquidea - dem perfekten Ort, um Ihre F\u00e4higkeiten zu entwickeln und Ihre Karriere im Bereich Technologie in einem dynamischen Umfeld zu gestalten!\",\"breadcrumb\":{\"@id\":\"https:\\\/\\\/orquidea.gmbh\\\/de-de\\\/jobs-arbeiten-bei-orquidea\\\/#breadcrumb\"},\"inLanguage\":\"de\",\"potentialAction\":[{\"@type\":\"ReadAction\",\"target\":[\"https:\\\/\\\/orquidea.gmbh\\\/de-de\\\/jobs-arbeiten-bei-orquidea\\\/\"]}]},{\"@type\":\"BreadcrumbList\",\"@id\":\"https:\\\/\\\/orquidea.gmbh\\\/de-de\\\/jobs-arbeiten-bei-orquidea\\\/#breadcrumb\",\"itemListElement\":[{\"@type\":\"ListItem\",\"position\":1,\"name\":\"Home\",\"item\":\"https:\\\/\\\/orquidea.gmbh\\\/de-de\\\/willkommen-bei-orquidea\\\/\"},{\"@type\":\"ListItem\",\"position\":2,\"name\":\"Jobs &#8211; Arbeiten bei orquidea\"}]},{\"@type\":\"WebSite\",\"@id\":\"https:\\\/\\\/orquidea.gmbh\\\/de-de\\\/#website\",\"url\":\"https:\\\/\\\/orquidea.gmbh\\\/de-de\\\/\",\"name\":\"OT- and IT-Security\",\"description\":\"IT Security und OT Security\",\"publisher\":{\"@id\":\"https:\\\/\\\/orquidea.gmbh\\\/de-de\\\/#organization\"},\"potentialAction\":[{\"@type\":\"SearchAction\",\"target\":{\"@type\":\"EntryPoint\",\"urlTemplate\":\"https:\\\/\\\/orquidea.gmbh\\\/de-de\\\/?s={search_term_string}\"},\"query-input\":{\"@type\":\"PropertyValueSpecification\",\"valueRequired\":true,\"valueName\":\"search_term_string\"}}],\"inLanguage\":\"de\"},{\"@type\":\"Organization\",\"@id\":\"https:\\\/\\\/orquidea.gmbh\\\/de-de\\\/#organization\",\"name\":\"orquidea GmbH\",\"url\":\"https:\\\/\\\/orquidea.gmbh\\\/de-de\\\/\",\"logo\":{\"@type\":\"ImageObject\",\"inLanguage\":\"de\",\"@id\":\"https:\\\/\\\/orquidea.gmbh\\\/de-de\\\/#\\\/schema\\\/logo\\\/image\\\/\",\"url\":\"https:\\\/\\\/orquidea.gmbh\\\/wp-content\\\/uploads\\\/2023\\\/07\\\/orquidea_logo_color.png\",\"contentUrl\":\"https:\\\/\\\/orquidea.gmbh\\\/wp-content\\\/uploads\\\/2023\\\/07\\\/orquidea_logo_color.png\",\"width\":1623,\"height\":518,\"caption\":\"orquidea GmbH\"},\"image\":{\"@id\":\"https:\\\/\\\/orquidea.gmbh\\\/de-de\\\/#\\\/schema\\\/logo\\\/image\\\/\"}}]}<\/script>\n<!-- \/ Yoast SEO Premium plugin. -->","yoast_head_json":{"title":"Eine Welt voller M\u00f6glichkeiten: Entwickeln Sie Ihre Technologiekarriere mit orquidea","description":"Begeistert von Technik? Kommen Sie zu orquidea - dem perfekten Ort, um Ihre F\u00e4higkeiten zu entwickeln und Ihre Karriere im Bereich Technologie in einem dynamischen Umfeld zu gestalten!","robots":{"index":"index","follow":"follow","max-snippet":"max-snippet:-1","max-image-preview":"max-image-preview:large","max-video-preview":"max-video-preview:-1"},"canonical":"https:\/\/orquidea.gmbh\/de-de\/jobs-arbeiten-bei-orquidea\/","og_locale":"de_DE","og_type":"article","og_title":"Jobs - Arbeiten bei orquidea","og_description":"Begeistert von Technik? Kommen Sie zu orquidea - dem perfekten Ort, um Ihre F\u00e4higkeiten zu entwickeln und Ihre Karriere im Bereich Technologie in einem dynamischen Umfeld zu gestalten!","og_url":"https:\/\/orquidea.gmbh\/de-de\/jobs-arbeiten-bei-orquidea\/","og_site_name":"orquidea GmbH","article_modified_time":"2025-08-16T12:32:43+00:00","twitter_card":"summary_large_image","twitter_misc":{"Gesch\u00e4tzte Lesezeit":"3\u00a0Minuten"},"schema":{"@context":"https:\/\/schema.org","@graph":[{"@type":"WebPage","@id":"https:\/\/orquidea.gmbh\/de-de\/jobs-arbeiten-bei-orquidea\/","url":"https:\/\/orquidea.gmbh\/de-de\/jobs-arbeiten-bei-orquidea\/","name":"Eine Welt voller M\u00f6glichkeiten: Entwickeln Sie Ihre Technologiekarriere mit orquidea","isPartOf":{"@id":"https:\/\/orquidea.gmbh\/de-de\/#website"},"datePublished":"2023-12-28T19:05:41+00:00","dateModified":"2025-08-16T12:32:43+00:00","description":"Begeistert von Technik? Kommen Sie zu orquidea - dem perfekten Ort, um Ihre F\u00e4higkeiten zu entwickeln und Ihre Karriere im Bereich Technologie in einem dynamischen Umfeld zu gestalten!","breadcrumb":{"@id":"https:\/\/orquidea.gmbh\/de-de\/jobs-arbeiten-bei-orquidea\/#breadcrumb"},"inLanguage":"de","potentialAction":[{"@type":"ReadAction","target":["https:\/\/orquidea.gmbh\/de-de\/jobs-arbeiten-bei-orquidea\/"]}]},{"@type":"BreadcrumbList","@id":"https:\/\/orquidea.gmbh\/de-de\/jobs-arbeiten-bei-orquidea\/#breadcrumb","itemListElement":[{"@type":"ListItem","position":1,"name":"Home","item":"https:\/\/orquidea.gmbh\/de-de\/willkommen-bei-orquidea\/"},{"@type":"ListItem","position":2,"name":"Jobs &#8211; Arbeiten bei orquidea"}]},{"@type":"WebSite","@id":"https:\/\/orquidea.gmbh\/de-de\/#website","url":"https:\/\/orquidea.gmbh\/de-de\/","name":"OT- and IT-Security","description":"IT Security und OT Security","publisher":{"@id":"https:\/\/orquidea.gmbh\/de-de\/#organization"},"potentialAction":[{"@type":"SearchAction","target":{"@type":"EntryPoint","urlTemplate":"https:\/\/orquidea.gmbh\/de-de\/?s={search_term_string}"},"query-input":{"@type":"PropertyValueSpecification","valueRequired":true,"valueName":"search_term_string"}}],"inLanguage":"de"},{"@type":"Organization","@id":"https:\/\/orquidea.gmbh\/de-de\/#organization","name":"orquidea GmbH","url":"https:\/\/orquidea.gmbh\/de-de\/","logo":{"@type":"ImageObject","inLanguage":"de","@id":"https:\/\/orquidea.gmbh\/de-de\/#\/schema\/logo\/image\/","url":"https:\/\/orquidea.gmbh\/wp-content\/uploads\/2023\/07\/orquidea_logo_color.png","contentUrl":"https:\/\/orquidea.gmbh\/wp-content\/uploads\/2023\/07\/orquidea_logo_color.png","width":1623,"height":518,"caption":"orquidea GmbH"},"image":{"@id":"https:\/\/orquidea.gmbh\/de-de\/#\/schema\/logo\/image\/"}}]}},"_links":{"self":[{"href":"https:\/\/orquidea.gmbh\/de-de\/wp-json\/wp\/v2\/pages\/2200","targetHints":{"allow":["GET"]}}],"collection":[{"href":"https:\/\/orquidea.gmbh\/de-de\/wp-json\/wp\/v2\/pages"}],"about":[{"href":"https:\/\/orquidea.gmbh\/de-de\/wp-json\/wp\/v2\/types\/page"}],"author":[{"embeddable":true,"href":"https:\/\/orquidea.gmbh\/de-de\/wp-json\/wp\/v2\/users\/1"}],"replies":[{"embeddable":true,"href":"https:\/\/orquidea.gmbh\/de-de\/wp-json\/wp\/v2\/comments?post=2200"}],"version-history":[{"count":24,"href":"https:\/\/orquidea.gmbh\/de-de\/wp-json\/wp\/v2\/pages\/2200\/revisions"}],"predecessor-version":[{"id":3175,"href":"https:\/\/orquidea.gmbh\/de-de\/wp-json\/wp\/v2\/pages\/2200\/revisions\/3175"}],"wp:attachment":[{"href":"https:\/\/orquidea.gmbh\/de-de\/wp-json\/wp\/v2\/media?parent=2200"}],"curies":[{"name":"wp","href":"https:\/\/api.w.org\/{rel}","templated":true}]}}