{"id":2108,"date":"2023-12-19T18:52:03","date_gmt":"2023-12-19T17:52:03","guid":{"rendered":"https:\/\/orquidea.gmbh\/willkommen-bei-orquidea\/"},"modified":"2025-08-16T14:36:27","modified_gmt":"2025-08-16T12:36:27","slug":"willkommen-bei-orquidea","status":"publish","type":"page","link":"https:\/\/orquidea.gmbh\/de-de\/","title":{"rendered":"Willkommen bei orquidea"},"content":{"rendered":"<section class=\"l-section wpb_row height_auto width_full\"><div class=\"l-section-h i-cf\"><div class=\"g-cols vc_row via_flex valign_middle type_boxes stacking_default\"><div class=\"vc_col-sm-6 wpb_column vc_column_container\"><div class=\"vc_column-inner us_custom_7e20fa79 us_animate_this\"><div class=\"wpb_wrapper\"><div class=\"wpb_text_column\"><div class=\"wpb_wrapper\"><h1 style=\"text-align: right;\">orquidea GmbH<\/h1>\n<\/div><\/div><div class=\"wpb_text_column\"><div class=\"wpb_wrapper\"><h2 style=\"text-align: right;\">IT-Sicherheit<br \/>\nOT-Sicherheit<br \/>\nIT-Outsourcing<\/h2>\n<\/div><\/div><div class=\"w-btn-wrapper align_right\"><a class=\"w-btn us-btn-style_1\" href=\"#go\"><span class=\"w-btn-label\">Klick mich<\/span><\/a><\/div><\/div><\/div><\/div><div class=\"vc_col-sm-6 wpb_column vc_column_container\"><div class=\"vc_column-inner\"><div class=\"wpb_wrapper\"><div class=\"w-image align_none\"><a href=\"#go\" aria-label=\"The beautiful orquidea signet is a colorful orchid\" class=\"w-image-h\"><img decoding=\"async\" width=\"515\" height=\"775\" src=\"https:\/\/orquidea.gmbh\/wp-content\/uploads\/2023\/08\/orquidea_signet.jpg\" class=\"attachment-large size-large\" alt=\"Beautiful\" loading=\"lazy\" srcset=\"https:\/\/orquidea.gmbh\/wp-content\/uploads\/2023\/08\/orquidea_signet.jpg 515w, https:\/\/orquidea.gmbh\/wp-content\/uploads\/2023\/08\/orquidea_signet-199x300.jpg 199w, https:\/\/orquidea.gmbh\/wp-content\/uploads\/2023\/08\/orquidea_signet-100x150.jpg 100w, https:\/\/orquidea.gmbh\/wp-content\/uploads\/2023\/08\/orquidea_signet-133x200.jpg 133w, https:\/\/orquidea.gmbh\/wp-content\/uploads\/2023\/08\/orquidea_signet-166x250.jpg 166w, https:\/\/orquidea.gmbh\/wp-content\/uploads\/2023\/08\/orquidea_signet-233x350.jpg 233w, https:\/\/orquidea.gmbh\/wp-content\/uploads\/2023\/08\/orquidea_signet-266x400.jpg 266w, https:\/\/orquidea.gmbh\/wp-content\/uploads\/2023\/08\/orquidea_signet-299x450.jpg 299w, https:\/\/orquidea.gmbh\/wp-content\/uploads\/2023\/08\/orquidea_signet-332x500.jpg 332w, https:\/\/orquidea.gmbh\/wp-content\/uploads\/2023\/08\/orquidea_signet-365x550.jpg 365w, https:\/\/orquidea.gmbh\/wp-content\/uploads\/2023\/08\/orquidea_signet-399x600.jpg 399w\" sizes=\"auto, (max-width: 515px) 100vw, 515px\" \/><\/a><\/div><\/div><\/div><\/div><\/div><\/div><\/section><section class=\"l-section wpb_row height_medium\" id=\"go\"><div class=\"l-section-overlay\" style=\"background:#f5f5f5\"><\/div><div class=\"l-section-h i-cf\"><div class=\"g-cols vc_row via_flex valign_top type_default stacking_default\"><div class=\"vc_col-sm-2 wpb_column vc_column_container\"><div class=\"vc_column-inner\"><div class=\"wpb_wrapper\"><\/div><\/div><\/div><div class=\"vc_col-sm-8 wpb_column vc_column_container\"><div class=\"vc_column-inner\"><div class=\"wpb_wrapper\"><div class=\"wpb_text_column\"><div class=\"wpb_wrapper\"><h2>Herzlich willkommen bei der orquidea GmbH!<\/h2>\n<p>Unser Ziel bei der orquidea GmbH ist es, Ihre digitale Landschaft durch modernste <strong>OT- und IT-Security-Services<\/strong> sowie umfassende <strong>IT-Outsourcing-Services<\/strong> zu sichern. In einer Zeit, in der die digitale Welt in allen Bereichen des Gesch\u00e4ftslebens eine wichtige Rolle spielt, ist es unsere Aufgabe, Ihren Betrieb zu st\u00e4rken, Ihr Team zu unterst\u00fctzen und Ihre Zukunft zu sichern.<\/p>\n<\/div><\/div><\/div><\/div><\/div><div class=\"vc_col-sm-2 wpb_column vc_column_container\"><div class=\"vc_column-inner\"><div class=\"wpb_wrapper\"><\/div><\/div><\/div><\/div><\/div><\/section><section class=\"l-section wpb_row height_auto width_full\"><div class=\"l-section-h i-cf\"><div class=\"g-cols vc_row via_flex valign_top type_boxes stacking_default\"><div class=\"vc_col-sm-4 wpb_column vc_column_container has_text_color  has_bg_color\"><div class=\"vc_column-inner us_custom_b0acd89f us_animate_this\"><div class=\"wpb_wrapper\"><div class=\"wpb_text_column\"><div class=\"wpb_wrapper\"><h2>IT- und OT-Sicherheit<\/h2>\n<\/div><\/div><div class=\"wpb_text_column\"><div class=\"wpb_wrapper\"><p>Sichern Sie die Zukunft Ihres Unternehmens mit den fachkundigen IT- und OT-Sicherheitsdienstleistungen von orquidea. Wir bieten Ihnen ma\u00dfgeschneiderte Beratung und nahtlose Implementierung zum Schutz Ihrer kritischen Infrastruktur und Daten vor den sich entwickelnden Cyber-Bedrohungen. Entdecken Sie, wie unsere umfassenden L\u00f6sungen Ihre Verteidigung noch heute verst\u00e4rken k\u00f6nnen.<\/p>\n<\/div><\/div><div class=\"w-btn-wrapper align_none\"><a class=\"w-btn us-btn-style_6\" href=\"https:\/\/orquidea.gmbh\/de-de\/it-und-ot-sicherheit\/\"><span class=\"w-btn-label\">IT- und OT-Sicherheit<\/span><\/a><\/div><\/div><\/div><\/div><div class=\"vc_col-sm-4 wpb_column vc_column_container\"><div class=\"vc_column-inner us_custom_60e9caca us_animate_this\"><div class=\"wpb_wrapper\"><div class=\"wpb_text_column\"><div class=\"wpb_wrapper\"><h2>IT-Outsourcing<\/h2>\n<\/div><\/div><div class=\"wpb_text_column\"><div class=\"wpb_wrapper\"><p>Verbessern Sie Ihre IT-Abl\u00e4ufe mit den erstklassigen Outsourcing-Services von orquidea. Wir bieten Ihnen Experten und eine nahtlose Implementierung zur Optimierung Ihrer Sicherheitsinitiativen. \u00dcberlassen Sie uns Ihre IT-Anforderungen, damit Sie sich auf das konzentrieren k\u00f6nnen, was Sie am besten k\u00f6nnen.<\/p>\n<\/div><\/div><div class=\"w-btn-wrapper align_none\"><a class=\"w-btn us-btn-style_5\" href=\"https:\/\/orquidea.gmbh\/de-de\/it-outsourcing\/\"><span class=\"w-btn-label\">IT-Outsourcing<\/span><\/a><\/div><\/div><\/div><\/div><div class=\"vc_col-sm-4 wpb_column vc_column_container has_text_color  has_bg_color\"><div class=\"vc_column-inner us_custom_5fe4bcee us_animate_this\"><div class=\"wpb_wrapper\"><div class=\"wpb_text_column\"><div class=\"wpb_wrapper\"><h2>Karriere<\/h2>\n<\/div><\/div><div class=\"wpb_text_column\"><div class=\"wpb_wrapper\"><p>Kommen Sie zu orquidea und werden Sie Teil eines dynamischen Teams, das an der Spitze der IT- und OT-Sicherheit steht. Entdecken Sie spannende Karrierem\u00f6glichkeiten, bei denen Ihr Fachwissen die Zukunft der Cybersicherheit mitgestalten wird.<\/p>\n<\/div><\/div><div class=\"w-btn-wrapper align_none\"><a class=\"w-btn us-btn-style_6\" href=\"https:\/\/orquidea.gmbh\/de-de\/jobs-stellenangebote\/\"><span class=\"w-btn-label\">Job Angebote<\/span><\/a><\/div><\/div><\/div><\/div><\/div><\/div><\/section><section class=\"l-section wpb_row us_custom_75f4b1a3 height_auto width_full\"><div class=\"l-section-h i-cf\"><div class=\"g-cols vc_row via_flex valign_middle type_default stacking_default\"><div class=\"vc_col-sm-12 wpb_column vc_column_container\"><div class=\"vc_column-inner\"><div class=\"wpb_wrapper\"><\/div><\/div><\/div><\/div><\/div><\/section><section class=\"l-section wpb_row height_medium\"><div class=\"l-section-h i-cf\"><div class=\"g-cols vc_row via_flex valign_top type_default stacking_default\"><div class=\"vc_col-sm-12 wpb_column vc_column_container\"><div class=\"vc_column-inner\"><div class=\"wpb_wrapper\"><div class=\"g-cols wpb_row us_custom_b4681845 via_flex valign_top type_default stacking_default\"><div class=\"vc_col-sm-2 wpb_column vc_column_container\"><div class=\"vc_column-inner\"><div class=\"wpb_wrapper\"><div class=\"w-iconbox iconpos_top style_default color_custom align_center no_text no_title\"><div class=\"w-iconbox-icon\" style=\"font-size:4rem;--icon-color:#a100ff;\"><i class=\"fas fa-brain\"><\/i><\/div><div class=\"w-iconbox-meta\"><\/div><\/div><\/div><\/div><\/div><div class=\"vc_col-sm-10 wpb_column vc_column_container\"><div class=\"vc_column-inner\"><div class=\"wpb_wrapper\"><div class=\"wpb_text_column\"><div class=\"wpb_wrapper\"><h2>Unsere Expertise<\/h2>\n<p><strong>OT- und IT-Sicherheitsdienste<\/strong>:<br \/>\nDer Schutz Ihrer Betriebstechnologie (OT) und Informationstechnologie (IT) steht im Mittelpunkt unserer Arbeit. Unsere Fachleute verf\u00fcgen \u00fcber einen reichen Erfahrungsschatz, um robuste Sicherheitsl\u00f6sungen zu entwickeln, zu implementieren und zu verwalten, die auf Ihre individuellen Bed\u00fcrfnisse zugeschnitten sind.<\/p>\n<p><strong>IT-Outsourcing<\/strong>:<br \/>\n\u00dcber die Sicherheit hinaus bieten wir eine Reihe von IT-Outsourcing-Services zur Optimierung Ihrer digitalen Infrastruktur. Vom Netzwerkdesign \u00fcber die Implementierung bis hin zur Systemintegration sorgen unsere Experten daf\u00fcr, dass Ihr technologisches \u00d6kosystem nicht nur sicher, sondern auch effizient und reaktionsschnell ist.<\/p>\n<\/div><\/div><\/div><\/div><\/div><\/div><div class=\"g-cols wpb_row via_flex valign_top type_default stacking_default\"><div class=\"vc_col-sm-2 wpb_column vc_column_container\"><div class=\"vc_column-inner\"><div class=\"wpb_wrapper\"><\/div><\/div><\/div><div class=\"vc_col-sm-10 wpb_column vc_column_container\"><div class=\"vc_column-inner\"><div class=\"wpb_wrapper\"><\/div><\/div><\/div><\/div><div class=\"g-cols wpb_row us_custom_3f80c1a7 via_flex valign_top type_default stacking_default\"><div class=\"vc_col-sm-2 wpb_column vc_column_container\"><div class=\"vc_column-inner\"><div class=\"wpb_wrapper\"><div class=\"w-iconbox iconpos_top style_default color_custom align_center no_text no_title\"><div class=\"w-iconbox-icon\" style=\"font-size:4rem;--icon-color:#0098ff;\"><i class=\"fas fa-hands-helping\"><\/i><\/div><div class=\"w-iconbox-meta\"><\/div><\/div><\/div><\/div><\/div><div class=\"vc_col-sm-10 wpb_column vc_column_container\"><div class=\"vc_column-inner\"><div class=\"wpb_wrapper\"><div class=\"wpb_text_column\"><div class=\"wpb_wrapper\"><h2>Wie wir Sie unterst\u00fctzen<\/h2>\n<p><strong>Beratung des Managements<\/strong>:<br \/>\nUnsere Berater arbeiten eng mit Ihren F\u00fchrungskr\u00e4ften zusammen, um Ihre Gesch\u00e4ftsziele, Risikotoleranz und Compliance-Anforderungen zu verstehen. Wir bieten strategische Beratung, um Ihre Sicherheitsinitiativen mit Ihren allgemeinen Gesch\u00e4ftszielen in Einklang zu bringen.<\/p>\n<p><strong>Produktauswahl<\/strong>:<br \/>\nDie Navigation in der riesigen Landschaft der Sicherheitsprodukte kann \u00fcberw\u00e4ltigend sein. Wir unterst\u00fctzen Sie bei der Auswahl der richtigen L\u00f6sungen, die den Anforderungen Ihres Unternehmens am besten entsprechen und sorgen f\u00fcr eine nahtlose Integration in Ihre bestehende Systemlandschaft.<\/p>\n<p><strong>Sicherheitsorganisation<\/strong>:<br \/>\nDie Einrichtung einer robusten Sicherheitsorganisation ist von entscheidender Bedeutung, um die Verf\u00fcgbarkeit, Integrit\u00e4t und Vertraulichkeit Ihrer wichtigen Informationen zu gew\u00e4hrleisten. Wir f\u00fchren Sie durch den Prozess und helfen Ihnen, einen Rahmen zu schaffen, der sowohl effektiv als auch nachhaltig ist.<\/p>\n<\/div><\/div><\/div><\/div><\/div><\/div><div class=\"g-cols wpb_row us_custom_cc1f506d via_flex valign_top type_default stacking_default\"><div class=\"vc_col-sm-2 wpb_column vc_column_container\"><div class=\"vc_column-inner\"><div class=\"wpb_wrapper\"><div class=\"w-iconbox iconpos_top style_default color_custom align_center no_text no_title\"><div class=\"w-iconbox-icon\" style=\"font-size:4rem;--icon-color:#ff007a;\"><i class=\"fas fa-check\"><\/i><\/div><div class=\"w-iconbox-meta\"><\/div><\/div><\/div><\/div><\/div><div class=\"vc_col-sm-10 wpb_column vc_column_container\"><div class=\"vc_column-inner\"><div class=\"wpb_wrapper\"><div class=\"wpb_text_column\"><div class=\"wpb_wrapper\"><h2>Warum orquidea GmbH?<\/h2>\n<p><strong>Know-How<\/strong>:<br \/>\nUnser Team besteht aus erfahrenen Fachleuten, die sowohl die OT- als auch die IT-Landschaft sehr gut kennen. So k\u00f6nnen wir ganzheitliche und ma\u00dfgeschneiderte L\u00f6sungen anbieten.<\/p>\n<p><strong>Kundenorientierter Ansatz<\/strong>:<br \/>\nWir stellen Ihre individuellen Anforderungen in den Vordergrund und entwickeln L\u00f6sungen, die mit Ihren Gesch\u00e4ftszielen und Branchenvorschriften \u00fcbereinstimmen.<\/p>\n<p><strong>Innovation<\/strong>:<br \/>\nSo wie sich die Technologie weiterentwickelt, so entwickeln sich auch die Bedrohungen. Wir sind der Zeit immer einen Schritt voraus und aktualisieren unsere Methoden st\u00e4ndig, um Ihr Verm\u00f6gen vor neuen Risiken zu sch\u00fctzen.<\/p>\n<p><strong>Verl\u00e4sslichkeit<\/strong>:<\/p>\n<p>Vertrauen ist die Grundlage f\u00fcr unsere Kundenbeziehungen. Wir sind bestrebt, zuverl\u00e4ssige und qualitativ hochwertige Dienstleistungen zu erbringen, die das Vertrauen in Ihre digitale Sicherheit st\u00e4rken.<\/p>\n<\/div><\/div><\/div><\/div><\/div><\/div><\/div><\/div><\/div><\/div><\/div><\/section><section class=\"l-section wpb_row height_large color_secondary with_img parallax_fixed\"><div class=\"l-section-img\" role=\"img\" aria-label=\"White and pink orchids\" data-img-width=\"2560\" data-img-height=\"1707\" style=\"background-image: url(https:\/\/orquidea.gmbh\/wp-content\/uploads\/2023\/08\/orchid-on-white-background-scaled.jpeg);\"><\/div><div class=\"l-section-h i-cf\"><div class=\"g-cols vc_row via_flex valign_top type_boxes stacking_default\"><div class=\"vc_col-sm-12 wpb_column vc_column_container\"><div class=\"vc_column-inner\"><div class=\"wpb_wrapper\"><\/div><\/div><\/div><\/div><\/div><\/section><section class=\"l-section wpb_row height_medium color_alternate\"><div class=\"l-section-h i-cf\"><div class=\"g-cols vc_row via_flex valign_top type_default stacking_default\"><div class=\"vc_col-sm-2 wpb_column vc_column_container\"><div class=\"vc_column-inner\"><div class=\"wpb_wrapper\"><\/div><\/div><\/div><div class=\"vc_col-sm-8 wpb_column vc_column_container\"><div class=\"vc_column-inner\"><div class=\"wpb_wrapper\"><div class=\"wpb_text_column\"><div class=\"wpb_wrapper\"><h5 style=\"text-align: center;\">Entdecken Sie die Zukunft eines sicheren und effizienten Betriebs<br \/>\nmit der orquidea GmbH.<\/h5>\n<h5 style=\"text-align: center;\">Nehmen Sie noch heute Kontakt mit uns auf<br \/>\nund begeben Sie sich auf die Reise zu einer gest\u00e4rkten digitalen Widerstandsf\u00e4higkeit.<\/h5>\n<\/div><\/div><\/div><\/div><\/div><div class=\"vc_col-sm-2 wpb_column vc_column_container\"><div class=\"vc_column-inner\"><div class=\"wpb_wrapper\"><\/div><\/div><\/div><\/div><\/div><\/section>\n","protected":false},"excerpt":{"rendered":"orquidea GmbH IT-Sicherheit OT-Sicherheit IT-Outsourcing Klick michHerzlich willkommen bei der orquidea GmbH! Unser Ziel bei der orquidea GmbH ist es, Ihre digitale Landschaft durch modernste OT- und IT-Security-Services sowie umfassende IT-Outsourcing-Services zu sichern. In einer Zeit, in der die digitale Welt in allen Bereichen des Gesch\u00e4ftslebens eine wichtige Rolle spielt, ist es unsere Aufgabe, Ihren...","protected":false},"author":1,"featured_media":0,"parent":0,"menu_order":0,"comment_status":"closed","ping_status":"closed","template":"","meta":{"footnotes":""},"class_list":["post-2108","page","type-page","status-publish","hentry"],"yoast_head":"<!-- This site is optimized with the Yoast SEO Premium plugin v25.8 (Yoast SEO v27.3) - https:\/\/yoast.com\/product\/yoast-seo-premium-wordpress\/ -->\n<title>Sch\u00fctzen Sie Ihr Unternehmen mit unseren OT- und IT-Services<\/title>\n<meta name=\"description\" content=\"Sichern Sie Ihre digitale Landschaft mit den innovativen OT- und IT-Security-Services von orquidea. Willkommen bei Sicherheit!\" \/>\n<meta name=\"robots\" content=\"index, follow, max-snippet:-1, max-image-preview:large, max-video-preview:-1\" \/>\n<link rel=\"canonical\" href=\"https:\/\/orquidea.gmbh\/de-de\/\" \/>\n<meta property=\"og:locale\" content=\"de_DE\" \/>\n<meta property=\"og:type\" content=\"article\" \/>\n<meta property=\"og:title\" content=\"Willkommen bei orquidea\" \/>\n<meta property=\"og:description\" content=\"Sichern Sie Ihre digitale Landschaft mit den innovativen OT- und IT-Security-Services von orquidea. Willkommen bei Sicherheit!\" \/>\n<meta property=\"og:url\" content=\"https:\/\/orquidea.gmbh\/de-de\/\" \/>\n<meta property=\"og:site_name\" content=\"orquidea GmbH\" \/>\n<meta property=\"article:modified_time\" content=\"2025-08-16T12:36:27+00:00\" \/>\n<meta name=\"twitter:card\" content=\"summary_large_image\" \/>\n<meta name=\"twitter:label1\" content=\"Gesch\u00e4tzte Lesezeit\" \/>\n\t<meta name=\"twitter:data1\" content=\"7\u00a0Minuten\" \/>\n<script type=\"application\/ld+json\" class=\"yoast-schema-graph\">{\"@context\":\"https:\\\/\\\/schema.org\",\"@graph\":[{\"@type\":\"WebPage\",\"@id\":\"https:\\\/\\\/orquidea.gmbh\\\/de-de\\\/\",\"url\":\"https:\\\/\\\/orquidea.gmbh\\\/de-de\\\/\",\"name\":\"Sch\u00fctzen Sie Ihr Unternehmen mit unseren OT- und IT-Services\",\"isPartOf\":{\"@id\":\"https:\\\/\\\/orquidea.gmbh\\\/de-de\\\/#website\"},\"datePublished\":\"2023-12-19T17:52:03+00:00\",\"dateModified\":\"2025-08-16T12:36:27+00:00\",\"description\":\"Sichern Sie Ihre digitale Landschaft mit den innovativen OT- und IT-Security-Services von orquidea. Willkommen bei Sicherheit!\",\"breadcrumb\":{\"@id\":\"https:\\\/\\\/orquidea.gmbh\\\/de-de\\\/#breadcrumb\"},\"inLanguage\":\"de\",\"potentialAction\":[{\"@type\":\"ReadAction\",\"target\":[\"https:\\\/\\\/orquidea.gmbh\\\/de-de\\\/\"]}]},{\"@type\":\"BreadcrumbList\",\"@id\":\"https:\\\/\\\/orquidea.gmbh\\\/de-de\\\/#breadcrumb\",\"itemListElement\":[{\"@type\":\"ListItem\",\"position\":1,\"name\":\"Home\",\"item\":\"https:\\\/\\\/orquidea.gmbh\\\/de-de\\\/willkommen-bei-orquidea\\\/\"},{\"@type\":\"ListItem\",\"position\":2,\"name\":\"Willkommen bei orquidea\"}]},{\"@type\":\"WebSite\",\"@id\":\"https:\\\/\\\/orquidea.gmbh\\\/de-de\\\/#website\",\"url\":\"https:\\\/\\\/orquidea.gmbh\\\/de-de\\\/\",\"name\":\"OT- and IT-Security\",\"description\":\"IT Security und OT Security\",\"publisher\":{\"@id\":\"https:\\\/\\\/orquidea.gmbh\\\/de-de\\\/#organization\"},\"potentialAction\":[{\"@type\":\"SearchAction\",\"target\":{\"@type\":\"EntryPoint\",\"urlTemplate\":\"https:\\\/\\\/orquidea.gmbh\\\/de-de\\\/?s={search_term_string}\"},\"query-input\":{\"@type\":\"PropertyValueSpecification\",\"valueRequired\":true,\"valueName\":\"search_term_string\"}}],\"inLanguage\":\"de\"},{\"@type\":\"Organization\",\"@id\":\"https:\\\/\\\/orquidea.gmbh\\\/de-de\\\/#organization\",\"name\":\"orquidea GmbH\",\"url\":\"https:\\\/\\\/orquidea.gmbh\\\/de-de\\\/\",\"logo\":{\"@type\":\"ImageObject\",\"inLanguage\":\"de\",\"@id\":\"https:\\\/\\\/orquidea.gmbh\\\/de-de\\\/#\\\/schema\\\/logo\\\/image\\\/\",\"url\":\"https:\\\/\\\/orquidea.gmbh\\\/wp-content\\\/uploads\\\/2023\\\/07\\\/orquidea_logo_color.png\",\"contentUrl\":\"https:\\\/\\\/orquidea.gmbh\\\/wp-content\\\/uploads\\\/2023\\\/07\\\/orquidea_logo_color.png\",\"width\":1623,\"height\":518,\"caption\":\"orquidea GmbH\"},\"image\":{\"@id\":\"https:\\\/\\\/orquidea.gmbh\\\/de-de\\\/#\\\/schema\\\/logo\\\/image\\\/\"}}]}<\/script>\n<!-- \/ Yoast SEO Premium plugin. -->","yoast_head_json":{"title":"Sch\u00fctzen Sie Ihr Unternehmen mit unseren OT- und IT-Services","description":"Sichern Sie Ihre digitale Landschaft mit den innovativen OT- und IT-Security-Services von orquidea. Willkommen bei Sicherheit!","robots":{"index":"index","follow":"follow","max-snippet":"max-snippet:-1","max-image-preview":"max-image-preview:large","max-video-preview":"max-video-preview:-1"},"canonical":"https:\/\/orquidea.gmbh\/de-de\/","og_locale":"de_DE","og_type":"article","og_title":"Willkommen bei orquidea","og_description":"Sichern Sie Ihre digitale Landschaft mit den innovativen OT- und IT-Security-Services von orquidea. Willkommen bei Sicherheit!","og_url":"https:\/\/orquidea.gmbh\/de-de\/","og_site_name":"orquidea GmbH","article_modified_time":"2025-08-16T12:36:27+00:00","twitter_card":"summary_large_image","twitter_misc":{"Gesch\u00e4tzte Lesezeit":"7\u00a0Minuten"},"schema":{"@context":"https:\/\/schema.org","@graph":[{"@type":"WebPage","@id":"https:\/\/orquidea.gmbh\/de-de\/","url":"https:\/\/orquidea.gmbh\/de-de\/","name":"Sch\u00fctzen Sie Ihr Unternehmen mit unseren OT- und IT-Services","isPartOf":{"@id":"https:\/\/orquidea.gmbh\/de-de\/#website"},"datePublished":"2023-12-19T17:52:03+00:00","dateModified":"2025-08-16T12:36:27+00:00","description":"Sichern Sie Ihre digitale Landschaft mit den innovativen OT- und IT-Security-Services von orquidea. Willkommen bei Sicherheit!","breadcrumb":{"@id":"https:\/\/orquidea.gmbh\/de-de\/#breadcrumb"},"inLanguage":"de","potentialAction":[{"@type":"ReadAction","target":["https:\/\/orquidea.gmbh\/de-de\/"]}]},{"@type":"BreadcrumbList","@id":"https:\/\/orquidea.gmbh\/de-de\/#breadcrumb","itemListElement":[{"@type":"ListItem","position":1,"name":"Home","item":"https:\/\/orquidea.gmbh\/de-de\/willkommen-bei-orquidea\/"},{"@type":"ListItem","position":2,"name":"Willkommen bei orquidea"}]},{"@type":"WebSite","@id":"https:\/\/orquidea.gmbh\/de-de\/#website","url":"https:\/\/orquidea.gmbh\/de-de\/","name":"OT- and IT-Security","description":"IT Security und OT Security","publisher":{"@id":"https:\/\/orquidea.gmbh\/de-de\/#organization"},"potentialAction":[{"@type":"SearchAction","target":{"@type":"EntryPoint","urlTemplate":"https:\/\/orquidea.gmbh\/de-de\/?s={search_term_string}"},"query-input":{"@type":"PropertyValueSpecification","valueRequired":true,"valueName":"search_term_string"}}],"inLanguage":"de"},{"@type":"Organization","@id":"https:\/\/orquidea.gmbh\/de-de\/#organization","name":"orquidea GmbH","url":"https:\/\/orquidea.gmbh\/de-de\/","logo":{"@type":"ImageObject","inLanguage":"de","@id":"https:\/\/orquidea.gmbh\/de-de\/#\/schema\/logo\/image\/","url":"https:\/\/orquidea.gmbh\/wp-content\/uploads\/2023\/07\/orquidea_logo_color.png","contentUrl":"https:\/\/orquidea.gmbh\/wp-content\/uploads\/2023\/07\/orquidea_logo_color.png","width":1623,"height":518,"caption":"orquidea GmbH"},"image":{"@id":"https:\/\/orquidea.gmbh\/de-de\/#\/schema\/logo\/image\/"}}]}},"_links":{"self":[{"href":"https:\/\/orquidea.gmbh\/de-de\/wp-json\/wp\/v2\/pages\/2108","targetHints":{"allow":["GET"]}}],"collection":[{"href":"https:\/\/orquidea.gmbh\/de-de\/wp-json\/wp\/v2\/pages"}],"about":[{"href":"https:\/\/orquidea.gmbh\/de-de\/wp-json\/wp\/v2\/types\/page"}],"author":[{"embeddable":true,"href":"https:\/\/orquidea.gmbh\/de-de\/wp-json\/wp\/v2\/users\/1"}],"replies":[{"embeddable":true,"href":"https:\/\/orquidea.gmbh\/de-de\/wp-json\/wp\/v2\/comments?post=2108"}],"version-history":[{"count":58,"href":"https:\/\/orquidea.gmbh\/de-de\/wp-json\/wp\/v2\/pages\/2108\/revisions"}],"predecessor-version":[{"id":3184,"href":"https:\/\/orquidea.gmbh\/de-de\/wp-json\/wp\/v2\/pages\/2108\/revisions\/3184"}],"wp:attachment":[{"href":"https:\/\/orquidea.gmbh\/de-de\/wp-json\/wp\/v2\/media?parent=2108"}],"curies":[{"name":"wp","href":"https:\/\/api.w.org\/{rel}","templated":true}]}}